{"id":1590,"date":"2025-03-04T16:45:00","date_gmt":"2025-03-04T14:45:00","guid":{"rendered":"https:\/\/wp2025.itsharkz.com\/?page_id=1590"},"modified":"2025-09-16T12:18:41","modified_gmt":"2025-09-16T10:18:41","slug":"dot-net-c-sharp","status":"publish","type":"page","link":"https:\/\/itsharkz.com\/fr\/dot-net-c-sharp\/","title":{"rendered":".NET &amp; C#"},"content":{"rendered":"\n<section class=\"hero-light\">\n\t<div class=\"container\">\n\t\t<div class=\"grid\">\n\n\t\t\t<div class=\"grid__item\">\n\t\t\t\t<h1>Expertise \u00e0 la demande en  <strong>D\u00e9veloppement .NET &amp; C#<\/strong><\/h1>\n\t\t\t\t<div class=\"subtitle\">Des solutions fiables et \u00e9volutives pour les entreprises et applications haute performance<\/div>\n\t\t\t\t<div class=\"hero__btns\">\n\t\t\t\t\t<a href=\"https:\/\/meetings-eu1.hubspot.com\/victor-carraz\" class=\"button button--solid\" target=\"_blank\" rel=\"nofollow\">Lancez votre projet<\/a>\n\t\t\t\t\t<img decoding=\"async\" src=\"https:\/\/itsharkz.com\/wp-content\/themes\/itsharkz\/assets\/images\/clutch-review.png\" class=\"hero__clutch\" alt=\"Clutch review\" \/>\n\t\t\t\t\t<img decoding=\"async\" src=\"https:\/\/itsharkz.com\/wp-content\/themes\/itsharkz\/assets\/images\/google-review.png\" class=\"hero__google\" alt=\"Google review\" \/>\n\t\t\t\t<\/div>\n\t\t\t<\/div>\n\n\t\t\t<div class=\"grid__item\">\n\t\t\t\t<img loading=\"lazy\" decoding=\"async\" width=\"1024\" height=\"980\" src=\"https:\/\/itsharkz.com\/wp-content\/uploads\/2025\/03\/Net-1.png\" class=\"hero-light__image\" alt=\"\" \/>\t\t\t\t<div class=\"tooltip\">D\u00e9veloppeurs Backend<\/div>\n\t\t\t\t\t\t\t\t\t\t\t<\/div>\n\n\t\t<\/div>\n\t<\/div>\n<\/section>\n\n\n\n<section class=\"about\">\n\t<div class=\"container\">\n\n\t\t<div class=\"row\">\n\t\t\t<div class=\"col-50\">\n\t\t\t\t<h2 class=\"h1\">\u00c0 propos<\/h2>\n\t\t\t\t<div class=\"h4\">.NET et C#\u00a0forment un duo puissant pour d\u00e9velopper des applications robustes, s\u00e9curis\u00e9es et performantes.<\/div>\n\t\t\t\t<div class=\"text\">Chez ITSharkz, nous concevons des solutions .NET sur mesure, garantissant performance, scalabilit\u00e9 et s\u00e9curit\u00e9 pour les applications complexes et de niveau entreprise.<\/div>\n\t\t\t<\/div>\n\t\t\t<div class=\"col-50\">\n\t\t\t\t<div class=\"grid\">\n\t\t\t\t\t\t\t\t\t\t\t\t<div class=\"card\">\n\t\t\t\t\t\t\t\t<div class=\"card__title\">Performance et Fiabilit\u00e9 :<\/div>\n\t\t\t\t\t\t\t\t<div class=\"card__subtitle\">.NET et C# offrent une ex\u00e9cution rapide et une grande stabilit\u00e9, id\u00e9ales pour les applications d\u2019entreprise n\u00e9cessitant une performance optimale.<\/div>\n\t\t\t\t\t\t\t<\/div>\n\t\t\t\t\t\t\t\t\t\t\t\t\t\t<div class=\"card\">\n\t\t\t\t\t\t\t\t<div class=\"card__title\">S\u00e9curit\u00e9 Renforc\u00e9e :<\/div>\n\t\t\t\t\t\t\t\t<div class=\"card__subtitle\">Les fonctionnalit\u00e9s avanc\u00e9es de s\u00e9curit\u00e9 de .NET et sa gestion automatique de la m\u00e9moire garantissent des applications prot\u00e9g\u00e9es, id\u00e9ales pour les secteurs aux exigences \u00e9lev\u00e9es.<\/div>\n\t\t\t\t\t\t\t<\/div>\n\t\t\t\t\t\t\t\t\t\t\t\t\t\t<div class=\"card\">\n\t\t\t\t\t\t\t\t<div class=\"card__title\">Scalabilit\u00e9 :<\/div>\n\t\t\t\t\t\t\t\t<div class=\"card__subtitle\">Gr\u00e2ce \u00e0 son architecture modulaire et ses capacit\u00e9s cloud-native, .NET permet de cr\u00e9er des applications qui \u00e9voluent facilement avec votre entreprise et la mont\u00e9e en charge des utilisateurs.<\/div>\n\t\t\t\t\t\t\t<\/div>\n\t\t\t\t\t\t\t\t\t\t\t\t\t\t<div class=\"card\">\n\t\t\t\t\t\t\t\t<div class=\"card__title\">\u00c9cosyst\u00e8me Riche :<\/div>\n\t\t\t\t\t\t\t\t<div class=\"card__subtitle\">Gr\u00e2ce \u00e0 une vaste biblioth\u00e8que de solutions et d\u2019int\u00e9grations, .NET et C# facilitent le d\u00e9veloppement et acc\u00e9l\u00e8rent la livraison sans compromis sur la qualit\u00e9.<\/div>\n\t\t\t\t\t\t\t<\/div>\n\t\t\t\t\t\t\t\t\t\t\t\t\t\t<div class=\"card\">\n\t\t\t\t\t\t\t\t<div class=\"card__title\">Compatibilit\u00e9 Multiplateforme :<\/div>\n\t\t\t\t\t\t\t\t<div class=\"card__subtitle\">Avec\u00a0.NET Core, nous d\u00e9veloppons des applications fonctionnant parfaitement sur\u00a0Windows, macOS et Linux, offrant flexibilit\u00e9 et accessibilit\u00e9.<\/div>\n\t\t\t\t\t\t\t<\/div>\n\t\t\t\t\t\t\t\t\t\t\t<\/div>\n\t\t\t<\/div>\n\t\t<\/div>\n\n\t<\/div>\n<\/section>\n\n\n\n<section class=\"portfolio-overview\">\n\t<div class=\"container\">\n\t\t<div class=\"row\">\n\t\t\t<div class=\"col-50\">\n\t\t\t\t<h2 class=\"h1\">Aper\u00e7u du portfolio<\/h2>\n\t\t\t<\/div>\n\t\t\t<div class=\"col-50\">\n\t\t\t\t<div class=\"h4\">Notre \u00e9quipe a r\u00e9alis\u00e9 avec succ\u00e8s des projets <strong>.NET\/C#<\/strong> dans divers secteurs, d\u00e9veloppant des solutions s\u00e9curis\u00e9es, \u00e9volutives et performantes adapt\u00e9es \u00e0 chaque industrie:<\/div>\n\t\t\t<\/div>\n\t\t<\/div>\n\t\t<div class=\"portfolio-overview__grid\">\n\t\t\t\t\t\t\t\t<div class=\"card-case\">\n\t\t\t\t\t\t<div class=\"card-case__header\">\n\t\t\t\t\t\t\t<img decoding=\"async\" width=\"740\" height=\"440\" src=\"https:\/\/itsharkz.com\/wp-content\/uploads\/2025\/03\/Medicalib-3.png\" class=\"attachment-large size-large\" alt=\"Medicalib\" loading=\"lazy\" \/>\t\t\t\t\t\t<\/div>\n\t\t\t\t\t\t<div class=\"card-case__content\">\n\t\t\t\t\t\t\t<div class=\"card-case__categories\">\n\t\t\t\t\t\t\t\t<div class=\"card-case__category\">Backend<\/div><div class=\"card-case__category\">Frontend<\/div><div class=\"card-case__category\">SEO<\/div>\t\t\t\t\t\t\t<\/div>\n\t\t\t\t\t\t\t<div class=\"card-case__title\">Medicalib: Transformer l&rsquo;acc\u00e8s aux soins en France<\/div>\n\t\t\t\t\t\t\t<a href=\"https:\/\/itsharkz.com\/fr\/cases\/medicalib\/\" class=\"card-case__link\">D\u00e9couvrez les d\u00e9tails du projet<\/a>\n\t\t\t\t\t\t<\/div>\n\t\t\t\t\t<\/div>\n\t\t\t\t\t\t\t\t\t\t<div class=\"card-case\">\n\t\t\t\t\t\t<div class=\"card-case__header\">\n\t\t\t\t\t\t\t<img decoding=\"async\" width=\"1024\" height=\"617\" src=\"https:\/\/itsharkz.com\/wp-content\/uploads\/2025\/03\/MacBook-Pro-14-1.png\" class=\"attachment-large size-large\" alt=\"Joone\" loading=\"lazy\" \/>\t\t\t\t\t\t<\/div>\n\t\t\t\t\t\t<div class=\"card-case__content\">\n\t\t\t\t\t\t\t<div class=\"card-case__categories\">\n\t\t\t\t\t\t\t\t<div class=\"card-case__category\">AWS<\/div><div class=\"card-case__category\">Backend<\/div><div class=\"card-case__category\">E-Commerce<\/div>\t\t\t\t\t\t\t<\/div>\n\t\t\t\t\t\t\t<div class=\"card-case__title\">Joone : R\u00e9inventer l\u2019exp\u00e9rience client pour les parents<\/div>\n\t\t\t\t\t\t\t<a href=\"https:\/\/itsharkz.com\/fr\/cases\/joone\/\" class=\"card-case__link\">D\u00e9couvrez les d\u00e9tails du projet<\/a>\n\t\t\t\t\t\t<\/div>\n\t\t\t\t\t<\/div>\n\t\t\t\t\t\t\t\t\t\t<div class=\"card-case\">\n\t\t\t\t\t\t<div class=\"card-case__header\">\n\t\t\t\t\t\t\t<img decoding=\"async\" width=\"1024\" height=\"617\" src=\"https:\/\/itsharkz.com\/wp-content\/uploads\/2025\/03\/Fizzup-desk.png\" class=\"attachment-large size-large\" alt=\"Fizzup\" loading=\"lazy\" \/>\t\t\t\t\t\t<\/div>\n\t\t\t\t\t\t<div class=\"card-case__content\">\n\t\t\t\t\t\t\t<div class=\"card-case__categories\">\n\t\t\t\t\t\t\t\t<div class=\"card-case__category\">App<\/div><div class=\"card-case__category\">AWS<\/div><div class=\"card-case__category\">PHP<\/div>\t\t\t\t\t\t\t<\/div>\n\t\t\t\t\t\t\t<div class=\"card-case__title\">FizzUp: Red\u00e9finir les solutions de fitness num\u00e9rique<\/div>\n\t\t\t\t\t\t\t<a href=\"https:\/\/itsharkz.com\/fr\/cases\/fizzup\/\" class=\"card-case__link\">D\u00e9couvrez les d\u00e9tails du projet<\/a>\n\t\t\t\t\t\t<\/div>\n\t\t\t\t\t<\/div>\n\t\t\t\t\t\t\t<\/div>\n\t\t\t<\/div>\n<\/section>\n\n\n\n<section class=\"why-choose\">\n\t<div class=\"container\">\n\t\t<h2 class=\"h1\">Pourquoi choisir ITSharkz ?<\/h2>\n\t\t\t\t<div class=\"grid\">\n\t\t\t\t\t\t\t\t<div class=\"card-icon\">\n\t\t\t\t\t\t<div class=\"card-icon__icon\">\n\t\t\t\t\t\t\t<img loading=\"lazy\" decoding=\"async\" width=\"1\" height=\"1\" src=\"https:\/\/itsharkz.com\/wp-content\/uploads\/2025\/03\/market-analysis.svg\" class=\"attachment-thumbnail size-thumbnail\" alt=\"\" \/>\t\t\t\t\t\t<\/div>\n\t\t\t\t\t\t<div class=\"card-icon__title\">Expertise Avanc\u00e9e en .NET\/C#<\/div>\n\t\t\t\t\t\t<div class=\"card-icon__subtitle\">Nos d\u00e9veloppeurs con\u00e7oivent des solutions fiables et \u00e9volutives, garantissant performance et s\u00e9curit\u00e9.<\/div>\n\t\t\t\t\t<\/div>\n\t\t\t\t\t\t\t\t\t\t<div class=\"card-icon\">\n\t\t\t\t\t\t<div class=\"card-icon__icon\">\n\t\t\t\t\t\t\t<img loading=\"lazy\" decoding=\"async\" width=\"1\" height=\"1\" src=\"https:\/\/itsharkz.com\/wp-content\/uploads\/2025\/03\/webhook.svg\" class=\"attachment-thumbnail size-thumbnail\" alt=\"\" \/>\t\t\t\t\t\t<\/div>\n\t\t\t\t\t\t<div class=\"card-icon__title\">Approche Ax\u00e9e Client<\/div>\n\t\t\t\t\t\t<div class=\"card-icon__subtitle\">Nous collaborons \u00e9troitement avec vous pour cr\u00e9er une solution sur mesure align\u00e9e sur vos objectifs.<\/div>\n\t\t\t\t\t<\/div>\n\t\t\t\t\t\t\t\t\t\t<div class=\"card-icon\">\n\t\t\t\t\t\t<div class=\"card-icon__icon\">\n\t\t\t\t\t\t\t<img loading=\"lazy\" decoding=\"async\" width=\"1\" height=\"1\" src=\"https:\/\/itsharkz.com\/wp-content\/uploads\/2025\/03\/dweb.svg\" class=\"attachment-thumbnail size-thumbnail\" alt=\"\" \/>\t\t\t\t\t\t<\/div>\n\t\t\t\t\t\t<div class=\"card-icon__title\">D\u00e9veloppement Efficace<\/div>\n\t\t\t\t\t\t<div class=\"card-icon__subtitle\">Gr\u00e2ce aux vastes biblioth\u00e8ques et outils .NET, nous acc\u00e9l\u00e9rons le d\u00e9veloppement pour un d\u00e9ploiement plus rapide.<\/div>\n\t\t\t\t\t<\/div>\n\t\t\t\t\t\t\t<\/div>\n\t\t\t\t<div class=\"cta\">\n\t\t\t<div class=\"cta__image\">\n\t\t\t\t<img loading=\"lazy\" decoding=\"async\" width=\"300\" height=\"300\" src=\"https:\/\/itsharkz.com\/wp-content\/uploads\/2025\/09\/Photo.png\" class=\"attachment-medium size-medium\" alt=\"\" \/>\t\t\t<\/div>\n\t\t\t<div class=\"cta__title\">Votre projet m\u00e9rite d\u2019\u00eatre discut\u00e9 ? <br \/>\r\nParlez \u00e0 Victor \u2013 notre cofondateur<\/div>\n\t\t\t<a href=\"https:\/\/meetings-eu1.hubspot.com\/victor-carraz\" class=\"button button--solid\" target=\"_blank\">Discutez de votre projet<\/a>\n\t\t<\/div>\n\t\t\t<\/div>\n<\/section>\n\n\n\n<section class=\"collaboration\">\n\t<div class=\"container\">\n\t\t<h2 class=\"h1\">Mod\u00e8les de Collaboration Flexibles<\/h2>\n\t\t<div class=\"grid\">\n\t\t\t\t\t\t\t\t<div class=\"card-info\">\n\t\t\t\t\t\t<div class=\"card-info__title\">D\u00e9veloppement de Produit Externalis\u00e9<\/div>\n\t\t\t\t\t\t<div class=\"card-info__subtitle\">De la conception au lancement, nous g\u00e9rons l\u2019ensemble du processus de d\u00e9veloppement pour garantir un projet avanc\u00e9 et r\u00e9ussi.<\/div>\n\t\t\t\t\t\t<img loading=\"lazy\" decoding=\"async\" width=\"1\" height=\"1\" src=\"https:\/\/itsharkz.com\/wp-content\/uploads\/2025\/03\/collaboration-img-1.svg\" class=\"attachment-medium_large size-medium_large\" alt=\"\" \/>\t\t\t\t\t<\/div>\n\t\t\t\t\t\t\t\t\t\t<div class=\"card-info\">\n\t\t\t\t\t\t<div class=\"card-info__title\">Renforcement d\u2019\u00e9quipe (Portage de votre employ\u00e9 bas\u00e9 en Pologne)<\/div>\n\t\t\t\t\t\t<div class=\"card-info__subtitle\">Besoin de renfort ? Recrutez votre prochain d\u00e9veloppeur qualifi\u00e9 en portage : une int\u00e9gration fluide \u00e0 votre \u00e9quipe et un renforcement imm\u00e9diat de vos capacit\u00e9s.<\/div>\n\t\t\t\t\t\t<img loading=\"lazy\" decoding=\"async\" width=\"1\" height=\"1\" src=\"https:\/\/itsharkz.com\/wp-content\/uploads\/2025\/03\/collaboration-img-2.svg\" class=\"attachment-medium_large size-medium_large\" alt=\"\" \/>\t\t\t\t\t<\/div>\n\t\t\t\t\t\t\t<\/div>\n\t\t<div class=\"cta\">\n\t\t\t<div class=\"cta__title\">Pr\u00eat \u00e0 d\u00e9velopper votre prochaine application avec <strong>.NET\/C#<\/strong> ? Contactez nos experts .NET pour une consultation gratuite.<\/div>\n\t\t\t<a href=\"https:\/\/meetings-eu1.hubspot.com\/victor-carraz\" class=\"cta__link\" target=\"_blank\"><strong>Planifiez une consultation<\/strong> d\u00e8s aujourd\u2019hui pour d\u00e9couvrir comment ITSharkz peut vous aider \u00e0 mieux performer.<\/a>\n\t\t<\/div>\n\t<\/div>\n<\/section>\n\n\n\n<section class=\"edge-technologies\">\n\t<div class=\"container\">\n\t\t<h2 class=\"h1\"><strong>Technologies de pointe<\/strong><br> \u00e0 votre service<\/h2>\n\t\t<div class=\"text\">Chez ITSharkz, nous exploitons les technologies les plus avanc\u00e9es pour cr\u00e9er des solutions conformes aux standards d\u2019aujourd\u2019hui et pr\u00eates pour les d\u00e9fis de demain:<\/div>\n\t\t<div class=\"grid grid-3\">\n\t\t\t\t\t\t\t\t<div class=\"card-link\">\n\t\t\t\t\t\t<div class=\"card-link__content\">\n\t\t\t\t\t\t\t<div class=\"card-link__logo\">\n\t\t\t\t\t\t\t\t<img loading=\"lazy\" decoding=\"async\" width=\"238\" height=\"64\" src=\"https:\/\/itsharkz.com\/wp-content\/uploads\/2025\/03\/node-js.png\" class=\"attachment-medium size-medium\" alt=\"\" \/>\t\t\t\t\t\t\t<\/div>\n\t\t\t\t\t\t\t<div class=\"card-link__title\">Node.js<\/div>\n\t\t\t\t\t\t\t<div class=\"card-link__subtitle\">Applications serveur haute performance, con\u00e7ues pour \u00e9voluer avec votre entreprise.<\/div>\n\t\t\t\t\t\t<\/div>\n\t\t\t\t\t\t\t\t\t\t\t\t\t<a href=\"\/fr\/developpement-node-js\/\" class=\"card-link__link\">En savoir plus<\/a>\n\t\t\t\t\t\t\t\t\t\t\t<\/div>\n\t\t\t\t\t\t\t\t\t\t<div class=\"card-link\">\n\t\t\t\t\t\t<div class=\"card-link__content\">\n\t\t\t\t\t\t\t<div class=\"card-link__logo\">\n\t\t\t\t\t\t\t\t<img loading=\"lazy\" decoding=\"async\" width=\"300\" height=\"99\" src=\"https:\/\/itsharkz.com\/wp-content\/uploads\/2025\/02\/React-Symbol-1.png\" class=\"attachment-medium size-medium\" alt=\"\" \/>\t\t\t\t\t\t\t<\/div>\n\t\t\t\t\t\t\t<div class=\"card-link__title\">React<\/div>\n\t\t\t\t\t\t\t<div class=\"card-link__subtitle\">Interfaces utilisateur dynamiques et responsives qui captivent vos utilisateurs.<\/div>\n\t\t\t\t\t\t<\/div>\n\t\t\t\t\t\t\t\t\t\t\t\t\t<a href=\"\/fr\/developpement-react-js\/\" class=\"card-link__link\">En savoir plus<\/a>\n\t\t\t\t\t\t\t\t\t\t\t<\/div>\n\t\t\t\t\t\t\t\t\t\t<div class=\"card-link\">\n\t\t\t\t\t\t<div class=\"card-link__content\">\n\t\t\t\t\t\t\t<div class=\"card-link__logo\">\n\t\t\t\t\t\t\t\t<img loading=\"lazy\" decoding=\"async\" width=\"300\" height=\"300\" src=\"https:\/\/itsharkz.com\/wp-content\/uploads\/2025\/03\/netFramework-2.png\" class=\"attachment-medium size-medium\" alt=\"\" \/>\t\t\t\t\t\t\t<\/div>\n\t\t\t\t\t\t\t<div class=\"card-link__title\">.NET \/ C#<\/div>\n\t\t\t\t\t\t\t<div class=\"card-link__subtitle\">Robustesse de niveau entreprise pour des performances et une fiabilit\u00e9 optimales.<\/div>\n\t\t\t\t\t\t<\/div>\n\t\t\t\t\t\t\t\t\t\t\t\t\t<a href=\"\/fr\/dot-net-c-sharp\/\" class=\"card-link__link\">En savoir plus<\/a>\n\t\t\t\t\t\t\t\t\t\t\t<\/div>\n\t\t\t\t\t\t\t\t\t\t<div class=\"card-link\">\n\t\t\t\t\t\t<div class=\"card-link__content\">\n\t\t\t\t\t\t\t<div class=\"card-link__logo\">\n\t\t\t\t\t\t\t\t<img loading=\"lazy\" decoding=\"async\" width=\"300\" height=\"168\" src=\"https:\/\/itsharkz.com\/wp-content\/uploads\/2025\/03\/Python-Symbol-2.png\" class=\"attachment-medium size-medium\" alt=\"\" \/>\t\t\t\t\t\t\t<\/div>\n\t\t\t\t\t\t\t<div class=\"card-link__title\">Python<\/div>\n\t\t\t\t\t\t\t<div class=\"card-link__subtitle\">Solutions polyvalentes pour le d\u00e9veloppement web et le traitement des donn\u00e9es.<\/div>\n\t\t\t\t\t\t<\/div>\n\t\t\t\t\t\t\t\t\t\t\t\t\t<a href=\"\/fr\/python-developpement\/\" class=\"card-link__link\">En savoir plus<\/a>\n\t\t\t\t\t\t\t\t\t\t\t<\/div>\n\t\t\t\t\t\t\t\t\t\t<div class=\"card-link\">\n\t\t\t\t\t\t<div class=\"card-link__content\">\n\t\t\t\t\t\t\t<div class=\"card-link__logo\">\n\t\t\t\t\t\t\t\t<img loading=\"lazy\" decoding=\"async\" width=\"300\" height=\"157\" src=\"https:\/\/itsharkz.com\/wp-content\/uploads\/2025\/03\/Vector.png\" class=\"attachment-medium size-medium\" alt=\"\" \/>\t\t\t\t\t\t\t<\/div>\n\t\t\t\t\t\t\t<div class=\"card-link__title\">PHP<\/div>\n\t\t\t\t\t\t\t<div class=\"card-link__subtitle\">Applications web fiables et efficaces, pr\u00eates \u00e0 l\u2019emploi.<\/div>\n\t\t\t\t\t\t<\/div>\n\t\t\t\t\t\t\t\t\t\t\t\t\t<a href=\"\/fr\/developpement-php\/\" class=\"card-link__link\">En savoir plus<\/a>\n\t\t\t\t\t\t\t\t\t\t\t<\/div>\n\t\t\t\t\t\t\t\t\t\t<div class=\"card-link\">\n\t\t\t\t\t\t<div class=\"card-link__content\">\n\t\t\t\t\t\t\t<div class=\"card-link__logo\">\n\t\t\t\t\t\t\t\t<img loading=\"lazy\" decoding=\"async\" width=\"300\" height=\"113\" src=\"https:\/\/itsharkz.com\/wp-content\/uploads\/2025\/03\/vuejs-logo-1.png\" class=\"attachment-medium size-medium\" alt=\"\" \/>\t\t\t\t\t\t\t<\/div>\n\t\t\t\t\t\t\t<div class=\"card-link__title\">Vue.js<\/div>\n\t\t\t\t\t\t\t<div class=\"card-link__subtitle\">Cr\u00e9ation d\u2019exp\u00e9riences front-end interactives et immersives.<\/div>\n\t\t\t\t\t\t<\/div>\n\t\t\t\t\t\t\t\t\t\t\t\t\t<a href=\"\/fr\/vue-js-nuxt-developpement\/\" class=\"card-link__link\">En savoir plus<\/a>\n\t\t\t\t\t\t\t\t\t\t\t<\/div>\n\t\t\t\t\t\t\t<\/div>\n\t\t\t\t<div class=\"cta\">\n\t\t\t<div class=\"cta__image\">\n\t\t\t\t<img loading=\"lazy\" decoding=\"async\" width=\"300\" height=\"300\" src=\"https:\/\/itsharkz.com\/wp-content\/uploads\/2025\/09\/Photo.png\" class=\"attachment-medium size-medium\" alt=\"\" \/>\t\t\t<\/div>\n\t\t\t<div class=\"cta__title\">Votre projet m\u00e9rite d\u2019\u00eatre discut\u00e9 ? <br> Parlez \u00e0 Victor \u2013 notre cofondateur\u2028<\/div>\n\t\t\t<a href=\"https:\/\/meetings-eu1.hubspot.com\/victor-carraz\" class=\"button button--solid\" target=\"_blank\">Discutez de votre projet<\/a>\n\t\t<\/div>\n\t\t\t<\/div>\n<\/section>\n\n\n\n<section class=\"faq-block\">\n\t<div class=\"container\">\n\t\t<h2 class=\"h1\">Questions Fr\u00e9quemment Pos\u00e9es<\/h2>\n\t\t\t\t\t\t<div class=\"faq-item active\">\n\t\t\t\t\t<div class=\"faq-item__question\">Pourquoi choisir .NET et C# pour le d\u00e9veloppement backend ?<\/div>\n\t\t\t\t\t<div class=\"faq-item__answer\"><p><span style=\"font-weight: 400\">.NET et C# sont optimis\u00e9s pour la performance, la s\u00e9curit\u00e9 et l\u2019\u00e9volutivit\u00e9, ce qui en fait des choix id\u00e9aux pour les applications d\u2019entreprise. Leurs frameworks robustes permettent un d\u00e9veloppement efficace, facilitant la cr\u00e9ation, le d\u00e9ploiement et la maintenance d\u2019applications fiables.<\/span><\/p>\n<\/div>\n\t\t\t\t<\/div>\n\t\t\t\t\t\t\t\t<div class=\"faq-item\">\n\t\t\t\t\t<div class=\"faq-item__question\">Quels types de projets sont id\u00e9aux pour .NET\/C# ?<\/div>\n\t\t\t\t\t<div class=\"faq-item__answer\"><p><span style=\"font-weight: 400\">.NET et C# conviennent parfaitement aux applications d\u2019entreprise, aux plateformes \u00e0 haute s\u00e9curit\u00e9 et aux services cloud n\u00e9cessitant des performances \u00e9lev\u00e9es et une grande \u00e9volutivit\u00e9. Les secteurs de la finance, de la sant\u00e9 et du gouvernement b\u00e9n\u00e9ficient particuli\u00e8rement de leur stabilit\u00e9 et de leur s\u00e9curit\u00e9.<\/span><\/p>\n<\/div>\n\t\t\t\t<\/div>\n\t\t\t\t\t\t\t\t<div class=\"faq-item\">\n\t\t\t\t\t<div class=\"faq-item__question\">Pouvez-vous g\u00e9rer \u00e0 la fois le frontend et le backend ?<\/div>\n\t\t\t\t\t<div class=\"faq-item__answer\"><p><span style=\"font-weight: 400\">Oui ! Nous proposons des services de d\u00e9veloppement full-stack, en utilisant .NET\/C# pour le backend et des frameworks populaires comme React.js ou Angular pour le frontend, garantissant une exp\u00e9rience utilisateur fluide de bout en bout.<\/span><\/p>\n<\/div>\n\t\t\t\t<\/div>\n\t\t\t\t\t\t\t\t<div class=\"faq-item\">\n\t\t\t\t\t<div class=\"faq-item__question\">Combien de temps faut-il pour d\u00e9velopper une application .NET\/C# ?<\/div>\n\t\t\t\t\t<div class=\"faq-item__answer\"><p><span style=\"font-weight: 400\">Les d\u00e9lais varient selon la complexit\u00e9 du projet, mais notre approche agile assure une livraison efficace et rapide. Pour les projets plus simples, le d\u00e9veloppement peut \u00eatre compl\u00e9t\u00e9 en 3 \u00e0 5 semaines.<\/span><\/p>\n<\/div>\n\t\t\t\t<\/div>\n\t\t\t\t\t\t\t\t<div class=\"faq-item\">\n\t\t\t\t\t<div class=\"faq-item__question\">Offrez-vous un support apr\u00e8s le lancement du projet ?<\/div>\n\t\t\t\t\t<div class=\"faq-item__answer\"><p><span style=\"font-weight: 400\">Absolument. Nous assurons un suivi post-lancement, des mises \u00e0 jour et un support pour garantir que votre application .NET\/C# reste s\u00e9curis\u00e9e et performante au fil de l\u2019\u00e9volution de vos besoins.<\/span><\/p>\n<\/div>\n\t\t\t\t<\/div>\n\t\t\t\t\t<\/div>\n<\/section>\n","protected":false},"excerpt":{"rendered":"","protected":false},"author":1,"featured_media":0,"parent":0,"menu_order":0,"comment_status":"closed","ping_status":"closed","template":"","meta":{"_acf_changed":false,"footnotes":""},"class_list":["post-1590","page","type-page","status-publish","hentry"],"acf":[],"yoast_head":"<!-- This site is optimized with the Yoast SEO plugin v26.0 - https:\/\/yoast.com\/wordpress\/plugins\/seo\/ -->\n<title>.NET &amp; C# - ITSharkz<\/title>\n<meta name=\"description\" content=\"Cr\u00e9ez des solutions s\u00e9curis\u00e9es et performantes avec .NET &amp; C#. ITSharkz fournit des applications de niveau entreprise avec des \u00e9quipes expertes fiables, \u00e9volutives et efficaces.\" \/>\n<meta name=\"robots\" content=\"index, follow, max-snippet:-1, max-image-preview:large, max-video-preview:-1\" \/>\n<link rel=\"canonical\" href=\"https:\/\/itsharkz.com\/fr\/dot-net-c-sharp\/\" \/>\n<meta property=\"og:locale\" content=\"fr_FR\" \/>\n<meta property=\"og:type\" content=\"article\" \/>\n<meta property=\"og:title\" content=\".NET &amp; C# - ITSharkz\" \/>\n<meta property=\"og:description\" content=\"Cr\u00e9ez des solutions s\u00e9curis\u00e9es et performantes avec .NET &amp; C#. ITSharkz fournit des applications de niveau entreprise avec des \u00e9quipes expertes fiables, \u00e9volutives et efficaces.\" \/>\n<meta property=\"og:url\" content=\"https:\/\/itsharkz.com\/fr\/dot-net-c-sharp\/\" \/>\n<meta property=\"og:site_name\" content=\"ITSharkz\" \/>\n<meta property=\"article:modified_time\" content=\"2025-09-16T10:18:41+00:00\" \/>\n<meta name=\"twitter:card\" content=\"summary_large_image\" \/>\n<script type=\"application\/ld+json\" class=\"yoast-schema-graph\">{\"@context\":\"https:\/\/schema.org\",\"@graph\":[{\"@type\":\"WebPage\",\"@id\":\"https:\/\/itsharkz.com\/fr\/dot-net-c-sharp\/\",\"url\":\"https:\/\/itsharkz.com\/fr\/dot-net-c-sharp\/\",\"name\":\".NET &amp; C# - ITSharkz\",\"isPartOf\":{\"@id\":\"https:\/\/itsharkz.com\/fr\/#website\"},\"datePublished\":\"2025-03-04T14:45:00+00:00\",\"dateModified\":\"2025-09-16T10:18:41+00:00\",\"description\":\"Cr\u00e9ez des solutions s\u00e9curis\u00e9es et performantes avec .NET & C#. ITSharkz fournit des applications de niveau entreprise avec des \u00e9quipes expertes fiables, \u00e9volutives et efficaces.\",\"breadcrumb\":{\"@id\":\"https:\/\/itsharkz.com\/fr\/dot-net-c-sharp\/#breadcrumb\"},\"inLanguage\":\"fr-FR\",\"potentialAction\":[{\"@type\":\"ReadAction\",\"target\":[\"https:\/\/itsharkz.com\/fr\/dot-net-c-sharp\/\"]}]},{\"@type\":\"BreadcrumbList\",\"@id\":\"https:\/\/itsharkz.com\/fr\/dot-net-c-sharp\/#breadcrumb\",\"itemListElement\":[{\"@type\":\"ListItem\",\"position\":1,\"name\":\"Home\",\"item\":\"https:\/\/itsharkz.com\/fr\/\"},{\"@type\":\"ListItem\",\"position\":2,\"name\":\".NET &amp; C#\"}]},{\"@type\":\"WebSite\",\"@id\":\"https:\/\/itsharkz.com\/fr\/#website\",\"url\":\"https:\/\/itsharkz.com\/fr\/\",\"name\":\"ITSharkz\",\"description\":\"Powering Scaleups and Enterprises with Elite Polish Tech Teams\",\"potentialAction\":[{\"@type\":\"SearchAction\",\"target\":{\"@type\":\"EntryPoint\",\"urlTemplate\":\"https:\/\/itsharkz.com\/fr\/?s={search_term_string}\"},\"query-input\":{\"@type\":\"PropertyValueSpecification\",\"valueRequired\":true,\"valueName\":\"search_term_string\"}}],\"inLanguage\":\"fr-FR\"}]}<\/script>\n<!-- \/ Yoast SEO plugin. -->","yoast_head_json":{"title":".NET &amp; C# - ITSharkz","description":"Cr\u00e9ez des solutions s\u00e9curis\u00e9es et performantes avec .NET & C#. ITSharkz fournit des applications de niveau entreprise avec des \u00e9quipes expertes fiables, \u00e9volutives et efficaces.","robots":{"index":"index","follow":"follow","max-snippet":"max-snippet:-1","max-image-preview":"max-image-preview:large","max-video-preview":"max-video-preview:-1"},"canonical":"https:\/\/itsharkz.com\/fr\/dot-net-c-sharp\/","og_locale":"fr_FR","og_type":"article","og_title":".NET &amp; C# - ITSharkz","og_description":"Cr\u00e9ez des solutions s\u00e9curis\u00e9es et performantes avec .NET & C#. ITSharkz fournit des applications de niveau entreprise avec des \u00e9quipes expertes fiables, \u00e9volutives et efficaces.","og_url":"https:\/\/itsharkz.com\/fr\/dot-net-c-sharp\/","og_site_name":"ITSharkz","article_modified_time":"2025-09-16T10:18:41+00:00","twitter_card":"summary_large_image","schema":{"@context":"https:\/\/schema.org","@graph":[{"@type":"WebPage","@id":"https:\/\/itsharkz.com\/fr\/dot-net-c-sharp\/","url":"https:\/\/itsharkz.com\/fr\/dot-net-c-sharp\/","name":".NET &amp; C# - ITSharkz","isPartOf":{"@id":"https:\/\/itsharkz.com\/fr\/#website"},"datePublished":"2025-03-04T14:45:00+00:00","dateModified":"2025-09-16T10:18:41+00:00","description":"Cr\u00e9ez des solutions s\u00e9curis\u00e9es et performantes avec .NET & C#. ITSharkz fournit des applications de niveau entreprise avec des \u00e9quipes expertes fiables, \u00e9volutives et efficaces.","breadcrumb":{"@id":"https:\/\/itsharkz.com\/fr\/dot-net-c-sharp\/#breadcrumb"},"inLanguage":"fr-FR","potentialAction":[{"@type":"ReadAction","target":["https:\/\/itsharkz.com\/fr\/dot-net-c-sharp\/"]}]},{"@type":"BreadcrumbList","@id":"https:\/\/itsharkz.com\/fr\/dot-net-c-sharp\/#breadcrumb","itemListElement":[{"@type":"ListItem","position":1,"name":"Home","item":"https:\/\/itsharkz.com\/fr\/"},{"@type":"ListItem","position":2,"name":".NET &amp; C#"}]},{"@type":"WebSite","@id":"https:\/\/itsharkz.com\/fr\/#website","url":"https:\/\/itsharkz.com\/fr\/","name":"ITSharkz","description":"Powering Scaleups and Enterprises with Elite Polish Tech Teams","potentialAction":[{"@type":"SearchAction","target":{"@type":"EntryPoint","urlTemplate":"https:\/\/itsharkz.com\/fr\/?s={search_term_string}"},"query-input":{"@type":"PropertyValueSpecification","valueRequired":true,"valueName":"search_term_string"}}],"inLanguage":"fr-FR"}]}},"_links":{"self":[{"href":"https:\/\/itsharkz.com\/fr\/wp-json\/wp\/v2\/pages\/1590","targetHints":{"allow":["GET"]}}],"collection":[{"href":"https:\/\/itsharkz.com\/fr\/wp-json\/wp\/v2\/pages"}],"about":[{"href":"https:\/\/itsharkz.com\/fr\/wp-json\/wp\/v2\/types\/page"}],"author":[{"embeddable":true,"href":"https:\/\/itsharkz.com\/fr\/wp-json\/wp\/v2\/users\/1"}],"replies":[{"embeddable":true,"href":"https:\/\/itsharkz.com\/fr\/wp-json\/wp\/v2\/comments?post=1590"}],"version-history":[{"count":17,"href":"https:\/\/itsharkz.com\/fr\/wp-json\/wp\/v2\/pages\/1590\/revisions"}],"predecessor-version":[{"id":2923,"href":"https:\/\/itsharkz.com\/fr\/wp-json\/wp\/v2\/pages\/1590\/revisions\/2923"}],"wp:attachment":[{"href":"https:\/\/itsharkz.com\/fr\/wp-json\/wp\/v2\/media?parent=1590"}],"curies":[{"name":"wp","href":"https:\/\/api.w.org\/{rel}","templated":true}]}}