{"id":1639,"date":"2025-03-13T14:51:02","date_gmt":"2025-03-13T12:51:02","guid":{"rendered":"https:\/\/wp2025.itsharkz.com\/?page_id=1639"},"modified":"2025-09-16T17:21:11","modified_gmt":"2025-09-16T15:21:11","slug":"blog","status":"publish","type":"page","link":"https:\/\/itsharkz.com\/fr\/blog\/","title":{"rendered":"Blog"},"content":{"rendered":"\n<section class=\"blog-hero\" style=\"background-image: url(https:\/\/itsharkz.com\/wp-content\/uploads\/2025\/03\/blog-image.jpg)\">\n\t<div class=\"container\">\n\n\t\t<h1>Nos actualit\u00e9s et \u00e9tudes de cas les plus r\u00e9centes<\/h1>\n\t\t<div class=\"h4\">Entrez votre adresse e-mail pour recevoir nos derni\u00e8res news !<\/div>\n\n\t\t<div class=\"subscribe\">\n\t\t\t\t\t\t<script charset=\"utf-8\" type=\"text\/javascript\" src=\"\/\/js-eu1.hsforms.net\/forms\/embed\/v2.js\" defer><\/script>\n\t\t\t<script>\n\t\t\t\tdocument.addEventListener('DOMContentLoaded', () => {\n\t\t\t\t\thbspt.forms.create({\n\t\t\t\t\t\tportalId: \"145543748\",\n\t\t\t\t\t\tformId: \"ad3ce5f6-97a5-4d6b-9d94-d4d72461692c\",\n\t\t\t\t\t\tregion: \"eu1\",\n\t\t\t\t\t\ttarget: \"#form-container\",\n\t\t\t\t\t\tcss: \"\",\n\t\t\t\t\t\tinlineMessage: true\n\t\t\t\t\t});\n\t\t\t\t});\n\t\t\t<\/script>\n\t\t\t<div id=\"form-container\"><\/div>\n\t\t<\/div>\n\n\t\t<div class=\"agreement\">\n\t\t\t<div class=\"agreement__title\">\n\t\t\t\t<svg width=\"13\" height=\"12\" viewBox=\"0 0 13 12\" fill=\"none\" xmlns=\"http:\/\/www.w3.org\/2000\/svg\">\n\t\t\t\t\t<path d=\"M5.8 7.754L8.998 4.556L8.6445 4.202L5.8 7.046L4.375 5.621L4.021 5.975L5.8 7.754ZM3.308 10C3.07767 10 2.8855 9.923 2.7315 9.769C2.5775 9.615 2.50033 9.42267 2.5 9.192V2.808C2.5 2.57767 2.57717 2.3855 2.7315 2.2315C2.88583 2.0775 3.078 2.00033 3.308 2H9.6925C9.9225 2 10.1147 2.07717 10.269 2.2315C10.4233 2.38583 10.5003 2.578 10.5 2.808V9.1925C10.5 9.4225 10.423 9.61467 10.269 9.769C10.115 9.92333 9.92267 10.0003 9.692 10H3.308ZM3.308 9.5H9.6925C9.76917 9.5 9.83967 9.468 9.904 9.404C9.96833 9.34 10.0003 9.26933 10 9.192V2.808C10 2.731 9.968 2.66033 9.904 2.596C9.84 2.53167 9.76933 2.49967 9.692 2.5H3.308C3.231 2.5 3.16033 2.532 3.096 2.596C3.03167 2.66 2.99967 2.73067 3 2.808V9.1925C3 9.26917 3.032 9.33967 3.096 9.404C3.16 9.46833 3.2305 9.50033 3.3075 9.5\" fill=\"#FEFEFE\"\/>\n\t\t\t\t<\/svg>\n\t\t\t\t J\u2019accepte la politique de confidentialit\u00e9\t\t\t<\/div>\n\t\t\t<div class=\"agreement__subtitle\">Vous recevrez un e-mail une fois par semaine seulement \ud83d\ude42<\/div>\n\t\t<\/div>\n\n\t<\/div>\n<\/section>\n","protected":false},"excerpt":{"rendered":"","protected":false},"author":1,"featured_media":0,"parent":0,"menu_order":0,"comment_status":"closed","ping_status":"closed","template":"blog.php","meta":{"_acf_changed":false,"footnotes":""},"class_list":["post-1639","page","type-page","status-publish","hentry"],"acf":[],"yoast_head":"<!-- This site is optimized with the Yoast SEO plugin v26.0 - https:\/\/yoast.com\/wordpress\/plugins\/seo\/ -->\n<title>Blog - ITSharkz<\/title>\n<meta name=\"description\" content=\"Restez inform\u00e9s gr\u00e2ce au blog ITSharkz - analyses sur le d\u00e9veloppement, l\u2019IA, les tendances web &amp; mobile. Articles d\u2019experts pour scale-ups et entreprises.\" \/>\n<meta name=\"robots\" content=\"index, follow, max-snippet:-1, max-image-preview:large, max-video-preview:-1\" \/>\n<link rel=\"canonical\" href=\"https:\/\/itsharkz.com\/fr\/blog\/\" \/>\n<meta property=\"og:locale\" content=\"fr_FR\" \/>\n<meta property=\"og:type\" content=\"article\" \/>\n<meta property=\"og:title\" content=\"Blog - ITSharkz\" \/>\n<meta property=\"og:description\" content=\"Restez inform\u00e9s gr\u00e2ce au blog ITSharkz - analyses sur le d\u00e9veloppement, l\u2019IA, les tendances web &amp; mobile. Articles d\u2019experts pour scale-ups et entreprises.\" \/>\n<meta property=\"og:url\" content=\"https:\/\/itsharkz.com\/fr\/blog\/\" \/>\n<meta property=\"og:site_name\" content=\"ITSharkz\" \/>\n<meta property=\"article:modified_time\" content=\"2025-09-16T15:21:11+00:00\" \/>\n<meta name=\"twitter:card\" content=\"summary_large_image\" \/>\n<script type=\"application\/ld+json\" class=\"yoast-schema-graph\">{\"@context\":\"https:\/\/schema.org\",\"@graph\":[{\"@type\":\"WebPage\",\"@id\":\"https:\/\/itsharkz.com\/fr\/blog\/\",\"url\":\"https:\/\/itsharkz.com\/fr\/blog\/\",\"name\":\"Blog - ITSharkz\",\"isPartOf\":{\"@id\":\"https:\/\/itsharkz.com\/fr\/#website\"},\"datePublished\":\"2025-03-13T12:51:02+00:00\",\"dateModified\":\"2025-09-16T15:21:11+00:00\",\"description\":\"Restez inform\u00e9s gr\u00e2ce au blog ITSharkz - analyses sur le d\u00e9veloppement, l\u2019IA, les tendances web & mobile. Articles d\u2019experts pour scale-ups et entreprises.\",\"breadcrumb\":{\"@id\":\"https:\/\/itsharkz.com\/fr\/blog\/#breadcrumb\"},\"inLanguage\":\"fr-FR\",\"potentialAction\":[{\"@type\":\"ReadAction\",\"target\":[\"https:\/\/itsharkz.com\/fr\/blog\/\"]}]},{\"@type\":\"BreadcrumbList\",\"@id\":\"https:\/\/itsharkz.com\/fr\/blog\/#breadcrumb\",\"itemListElement\":[{\"@type\":\"ListItem\",\"position\":1,\"name\":\"Home\",\"item\":\"https:\/\/itsharkz.com\/fr\/\"},{\"@type\":\"ListItem\",\"position\":2,\"name\":\"Blog\"}]},{\"@type\":\"WebSite\",\"@id\":\"https:\/\/itsharkz.com\/fr\/#website\",\"url\":\"https:\/\/itsharkz.com\/fr\/\",\"name\":\"ITSharkz\",\"description\":\"Powering Scaleups and Enterprises with Elite Polish Tech Teams\",\"potentialAction\":[{\"@type\":\"SearchAction\",\"target\":{\"@type\":\"EntryPoint\",\"urlTemplate\":\"https:\/\/itsharkz.com\/fr\/?s={search_term_string}\"},\"query-input\":{\"@type\":\"PropertyValueSpecification\",\"valueRequired\":true,\"valueName\":\"search_term_string\"}}],\"inLanguage\":\"fr-FR\"}]}<\/script>\n<!-- \/ Yoast SEO plugin. -->","yoast_head_json":{"title":"Blog - ITSharkz","description":"Restez inform\u00e9s gr\u00e2ce au blog ITSharkz - analyses sur le d\u00e9veloppement, l\u2019IA, les tendances web & mobile. Articles d\u2019experts pour scale-ups et entreprises.","robots":{"index":"index","follow":"follow","max-snippet":"max-snippet:-1","max-image-preview":"max-image-preview:large","max-video-preview":"max-video-preview:-1"},"canonical":"https:\/\/itsharkz.com\/fr\/blog\/","og_locale":"fr_FR","og_type":"article","og_title":"Blog - ITSharkz","og_description":"Restez inform\u00e9s gr\u00e2ce au blog ITSharkz - analyses sur le d\u00e9veloppement, l\u2019IA, les tendances web & mobile. Articles d\u2019experts pour scale-ups et entreprises.","og_url":"https:\/\/itsharkz.com\/fr\/blog\/","og_site_name":"ITSharkz","article_modified_time":"2025-09-16T15:21:11+00:00","twitter_card":"summary_large_image","schema":{"@context":"https:\/\/schema.org","@graph":[{"@type":"WebPage","@id":"https:\/\/itsharkz.com\/fr\/blog\/","url":"https:\/\/itsharkz.com\/fr\/blog\/","name":"Blog - ITSharkz","isPartOf":{"@id":"https:\/\/itsharkz.com\/fr\/#website"},"datePublished":"2025-03-13T12:51:02+00:00","dateModified":"2025-09-16T15:21:11+00:00","description":"Restez inform\u00e9s gr\u00e2ce au blog ITSharkz - analyses sur le d\u00e9veloppement, l\u2019IA, les tendances web & mobile. Articles d\u2019experts pour scale-ups et entreprises.","breadcrumb":{"@id":"https:\/\/itsharkz.com\/fr\/blog\/#breadcrumb"},"inLanguage":"fr-FR","potentialAction":[{"@type":"ReadAction","target":["https:\/\/itsharkz.com\/fr\/blog\/"]}]},{"@type":"BreadcrumbList","@id":"https:\/\/itsharkz.com\/fr\/blog\/#breadcrumb","itemListElement":[{"@type":"ListItem","position":1,"name":"Home","item":"https:\/\/itsharkz.com\/fr\/"},{"@type":"ListItem","position":2,"name":"Blog"}]},{"@type":"WebSite","@id":"https:\/\/itsharkz.com\/fr\/#website","url":"https:\/\/itsharkz.com\/fr\/","name":"ITSharkz","description":"Powering Scaleups and Enterprises with Elite Polish Tech Teams","potentialAction":[{"@type":"SearchAction","target":{"@type":"EntryPoint","urlTemplate":"https:\/\/itsharkz.com\/fr\/?s={search_term_string}"},"query-input":{"@type":"PropertyValueSpecification","valueRequired":true,"valueName":"search_term_string"}}],"inLanguage":"fr-FR"}]}},"_links":{"self":[{"href":"https:\/\/itsharkz.com\/fr\/wp-json\/wp\/v2\/pages\/1639","targetHints":{"allow":["GET"]}}],"collection":[{"href":"https:\/\/itsharkz.com\/fr\/wp-json\/wp\/v2\/pages"}],"about":[{"href":"https:\/\/itsharkz.com\/fr\/wp-json\/wp\/v2\/types\/page"}],"author":[{"embeddable":true,"href":"https:\/\/itsharkz.com\/fr\/wp-json\/wp\/v2\/users\/1"}],"replies":[{"embeddable":true,"href":"https:\/\/itsharkz.com\/fr\/wp-json\/wp\/v2\/comments?post=1639"}],"version-history":[{"count":4,"href":"https:\/\/itsharkz.com\/fr\/wp-json\/wp\/v2\/pages\/1639\/revisions"}],"predecessor-version":[{"id":2665,"href":"https:\/\/itsharkz.com\/fr\/wp-json\/wp\/v2\/pages\/1639\/revisions\/2665"}],"wp:attachment":[{"href":"https:\/\/itsharkz.com\/fr\/wp-json\/wp\/v2\/media?parent=1639"}],"curies":[{"name":"wp","href":"https:\/\/api.w.org\/{rel}","templated":true}]}}