{"id":1768,"date":"2025-03-05T07:42:55","date_gmt":"2025-03-05T05:42:55","guid":{"rendered":"https:\/\/wp2025.itsharkz.com\/?page_id=1768"},"modified":"2025-09-16T12:20:15","modified_gmt":"2025-09-16T10:20:15","slug":"developpement-node-js","status":"publish","type":"page","link":"https:\/\/itsharkz.com\/fr\/developpement-node-js\/","title":{"rendered":"D\u00e9veloppement Node.js"},"content":{"rendered":"\n<section class=\"hero-light\">\n\t<div class=\"container\">\n\t\t<div class=\"grid\">\n\n\t\t\t<div class=\"grid__item\">\n\t\t\t\t<h1>Expertise \u00e0 la demande en <strong>D\u00e9veloppement Node.js<\/strong><\/h1>\n\t\t\t\t<div class=\"subtitle\">Conception de backends fiables et performants pour vos applications<\/div>\n\t\t\t\t<div class=\"hero__btns\">\n\t\t\t\t\t<a href=\"https:\/\/meetings-eu1.hubspot.com\/victor-carraz\" class=\"button button--solid\" target=\"_blank\" rel=\"nofollow\">Lancez votre projet<\/a>\n\t\t\t\t\t<img decoding=\"async\" src=\"https:\/\/itsharkz.com\/wp-content\/themes\/itsharkz\/assets\/images\/clutch-review.png\" class=\"hero__clutch\" alt=\"Clutch review\" \/>\n\t\t\t\t\t<img decoding=\"async\" src=\"https:\/\/itsharkz.com\/wp-content\/themes\/itsharkz\/assets\/images\/google-review.png\" class=\"hero__google\" alt=\"Google review\" \/>\n\t\t\t\t<\/div>\n\t\t\t<\/div>\n\n\t\t\t<div class=\"grid__item\">\n\t\t\t\t<img loading=\"lazy\" decoding=\"async\" width=\"1024\" height=\"980\" src=\"https:\/\/itsharkz.com\/wp-content\/uploads\/2025\/03\/node-js-cube.png\" class=\"hero-light__image\" alt=\"\" \/>\t\t\t\t<div class=\"tooltip\">D\u00e9veloppeurs Fullstack<\/div>\n\t\t\t\t\t\t\t\t\t\t\t<\/div>\n\n\t\t<\/div>\n\t<\/div>\n<\/section>\n\n\n\n<section class=\"about\">\n\t<div class=\"container\">\n\n\t\t<div class=\"row\">\n\t\t\t<div class=\"col-50\">\n\t\t\t\t<h2 class=\"h1\">\u00c0 propos<\/h2>\n\t\t\t\t<div class=\"h4\">Node.js est un environnement polyvalent pour cr\u00e9er des backends rapides et faciles \u00e0 faire \u00e9voluer, id\u00e9al pour les applications avec beaucoup d\u2019utilisateurs et des \u00e9changes en temps r\u00e9el.<\/div>\n\t\t\t\t<div class=\"text\">Chez\u00a0ITSharkz, nous utilisons des frameworks de r\u00e9f\u00e9rence comme\u00a0Nest.js\u00a0et\u00a0Express.js\u00a0pour optimiser le d\u00e9veloppement en Node.js, garantissant performance, s\u00e9curit\u00e9 et scalabilit\u00e9 \u00e0 long terme.<\/div>\n\t\t\t<\/div>\n\t\t\t<div class=\"col-50\">\n\t\t\t\t<div class=\"grid\">\n\t\t\t\t\t\t\t\t\t\t\t\t<div class=\"card\">\n\t\t\t\t\t\t\t\t<div class=\"card__title\">Haute Performance :<\/div>\n\t\t\t\t\t\t\t\t<div class=\"card__subtitle\">Gr\u00e2ce \u00e0 son architecture asynchrone et non bloquante, Node.js assure un traitement rapide des donn\u00e9es, id\u00e9al pour les plateformes de messagerie et les outils collaboratifs en temps r\u00e9el.<\/div>\n\t\t\t\t\t\t\t<\/div>\n\t\t\t\t\t\t\t\t\t\t\t\t\t\t<div class=\"card\">\n\t\t\t\t\t\t\t\t<div class=\"card__title\">Frameworks Nest.js &amp; Express.js :<\/div>\n\t\t\t\t\t\t\t\t<div class=\"card__subtitle\">Nest.js permet de structurer des applications modulaires et faciles \u00e0 maintenir, tandis qu\u2019Express.js, plus l\u00e9ger, facilite le d\u00e9veloppement rapide d\u2019API. Ensemble, ils garantissent un backend optimis\u00e9 et sur mesure.<\/div>\n\t\t\t\t\t\t\t<\/div>\n\t\t\t\t\t\t\t\t\t\t\t\t\t\t<div class=\"card\">\n\t\t\t\t\t\t\t\t<div class=\"card__title\">Scalabilit\u00e9 :<\/div>\n\t\t\t\t\t\t\t\t<div class=\"card__subtitle\">Gr\u00e2ce \u00e0 son architecture \u00e9v\u00e9nementielle, Node.js s\u2019int\u00e8gre facilement aux microservices et aide les applications \u00e0 g\u00e9rer la mont\u00e9e en charge.<\/div>\n\t\t\t\t\t\t\t<\/div>\n\t\t\t\t\t\t\t\t\t\t\t\t\t\t<div class=\"card\">\n\t\t\t\t\t\t\t\t<div class=\"card__title\">Traitement des Donn\u00e9es en Temps R\u00e9el :<\/div>\n\t\t\t\t\t\t\t\t<div class=\"card__subtitle\">Node.js g\u00e8re WebSocket et Server-Sent Events, ce qui permet des mises \u00e0 jour instantan\u00e9es et une bonne synchronisation des donn\u00e9es en temps r\u00e9el.<\/div>\n\t\t\t\t\t\t\t<\/div>\n\t\t\t\t\t\t\t\t\t\t\t\t\t\t<div class=\"card\">\n\t\t\t\t\t\t\t\t<div class=\"card__title\">Compatibilit\u00e9 Full-Stack :<\/div>\n\t\t\t\t\t\t\t\t<div class=\"card__subtitle\">En tant que runtime JavaScript, Node.js s\u2019int\u00e8gre facilement aux frameworks frontend pour offrir une solution coh\u00e9rente de bout en bout.<\/div>\n\t\t\t\t\t\t\t<\/div>\n\t\t\t\t\t\t\t\t\t\t\t<\/div>\n\t\t\t<\/div>\n\t\t<\/div>\n\n\t<\/div>\n<\/section>\n\n\n\n<section class=\"portfolio-overview\">\n\t<div class=\"container\">\n\t\t<div class=\"row\">\n\t\t\t<div class=\"col-50\">\n\t\t\t\t<h2 class=\"h1\">Aper\u00e7u du portfolio<\/h2>\n\t\t\t<\/div>\n\t\t\t<div class=\"col-50\">\n\t\t\t\t<div class=\"h4\">Notre \u00e9quipe a men\u00e9 des projets <strong>Node.js<\/strong> dans diff\u00e9rents secteurs, allant de plateformes de donn\u00e9es en temps r\u00e9el \u00e0 des int\u00e9grations API complexes. Exemples :<\/div>\n\t\t\t<\/div>\n\t\t<\/div>\n\t\t<div class=\"portfolio-overview__grid\">\n\t\t\t\t\t\t\t\t<div class=\"card-case\">\n\t\t\t\t\t\t<div class=\"card-case__header\">\n\t\t\t\t\t\t\t<img decoding=\"async\" width=\"740\" height=\"440\" src=\"https:\/\/itsharkz.com\/wp-content\/uploads\/2025\/03\/Medicalib-3.png\" class=\"attachment-large size-large\" alt=\"Medicalib\" loading=\"lazy\" \/>\t\t\t\t\t\t<\/div>\n\t\t\t\t\t\t<div class=\"card-case__content\">\n\t\t\t\t\t\t\t<div class=\"card-case__categories\">\n\t\t\t\t\t\t\t\t<div class=\"card-case__category\">Backend<\/div><div class=\"card-case__category\">Frontend<\/div><div class=\"card-case__category\">SEO<\/div>\t\t\t\t\t\t\t<\/div>\n\t\t\t\t\t\t\t<div class=\"card-case__title\">Medicalib: Transformer l&rsquo;acc\u00e8s aux soins en France<\/div>\n\t\t\t\t\t\t\t<a href=\"https:\/\/itsharkz.com\/fr\/cases\/medicalib\/\" class=\"card-case__link\">D\u00e9couvrez les d\u00e9tails du projet<\/a>\n\t\t\t\t\t\t<\/div>\n\t\t\t\t\t<\/div>\n\t\t\t\t\t\t\t\t\t\t<div class=\"card-case\">\n\t\t\t\t\t\t<div class=\"card-case__header\">\n\t\t\t\t\t\t\t<img decoding=\"async\" width=\"1024\" height=\"617\" src=\"https:\/\/itsharkz.com\/wp-content\/uploads\/2025\/03\/MacBook-Pro-14-1.png\" class=\"attachment-large size-large\" alt=\"Joone\" loading=\"lazy\" \/>\t\t\t\t\t\t<\/div>\n\t\t\t\t\t\t<div class=\"card-case__content\">\n\t\t\t\t\t\t\t<div class=\"card-case__categories\">\n\t\t\t\t\t\t\t\t<div class=\"card-case__category\">AWS<\/div><div class=\"card-case__category\">Backend<\/div><div class=\"card-case__category\">E-Commerce<\/div>\t\t\t\t\t\t\t<\/div>\n\t\t\t\t\t\t\t<div class=\"card-case__title\">Joone : R\u00e9inventer l\u2019exp\u00e9rience client pour les parents<\/div>\n\t\t\t\t\t\t\t<a href=\"https:\/\/itsharkz.com\/fr\/cases\/joone\/\" class=\"card-case__link\">D\u00e9couvrez les d\u00e9tails du projet<\/a>\n\t\t\t\t\t\t<\/div>\n\t\t\t\t\t<\/div>\n\t\t\t\t\t\t\t\t\t\t<div class=\"card-case\">\n\t\t\t\t\t\t<div class=\"card-case__header\">\n\t\t\t\t\t\t\t<img decoding=\"async\" width=\"1024\" height=\"617\" src=\"https:\/\/itsharkz.com\/wp-content\/uploads\/2025\/03\/Fizzup-desk.png\" class=\"attachment-large size-large\" alt=\"Fizzup\" loading=\"lazy\" \/>\t\t\t\t\t\t<\/div>\n\t\t\t\t\t\t<div class=\"card-case__content\">\n\t\t\t\t\t\t\t<div class=\"card-case__categories\">\n\t\t\t\t\t\t\t\t<div class=\"card-case__category\">App<\/div><div class=\"card-case__category\">AWS<\/div><div class=\"card-case__category\">PHP<\/div>\t\t\t\t\t\t\t<\/div>\n\t\t\t\t\t\t\t<div class=\"card-case__title\">FizzUp: Red\u00e9finir les solutions de fitness num\u00e9rique<\/div>\n\t\t\t\t\t\t\t<a href=\"https:\/\/itsharkz.com\/fr\/cases\/fizzup\/\" class=\"card-case__link\">D\u00e9couvrez les d\u00e9tails du projet<\/a>\n\t\t\t\t\t\t<\/div>\n\t\t\t\t\t<\/div>\n\t\t\t\t\t\t\t<\/div>\n\t\t\t<\/div>\n<\/section>\n\n\n\n<section class=\"why-choose\">\n\t<div class=\"container\">\n\t\t<h2 class=\"h1\">Pourquoi choisir ITSharkz ?<\/h2>\n\t\t\t\t<div class=\"grid\">\n\t\t\t\t\t\t\t\t<div class=\"card-icon\">\n\t\t\t\t\t\t<div class=\"card-icon__icon\">\n\t\t\t\t\t\t\t<img loading=\"lazy\" decoding=\"async\" width=\"1\" height=\"1\" src=\"https:\/\/itsharkz.com\/wp-content\/uploads\/2025\/03\/market-analysis.svg\" class=\"attachment-thumbnail size-thumbnail\" alt=\"\" \/>\t\t\t\t\t\t<\/div>\n\t\t\t\t\t\t<div class=\"card-icon__title\">Expertise Technique<\/div>\n\t\t\t\t\t\t<div class=\"card-icon__subtitle\">Nos d\u00e9veloppeurs ma\u00eetrisent Nest.js et Express.js, cr\u00e9ant des backends \u00e9volutifs et performants adapt\u00e9s \u00e0 vos besoins.<\/div>\n\t\t\t\t\t<\/div>\n\t\t\t\t\t\t\t\t\t\t<div class=\"card-icon\">\n\t\t\t\t\t\t<div class=\"card-icon__icon\">\n\t\t\t\t\t\t\t<img loading=\"lazy\" decoding=\"async\" width=\"1\" height=\"1\" src=\"https:\/\/itsharkz.com\/wp-content\/uploads\/2025\/03\/webhook.svg\" class=\"attachment-thumbnail size-thumbnail\" alt=\"\" \/>\t\t\t\t\t\t<\/div>\n\t\t\t\t\t\t<div class=\"card-icon__title\">Approche Ax\u00e9e Client <\/div>\n\t\t\t\t\t\t<div class=\"card-icon__subtitle\">Nous prenons le temps de comprendre vos objectifs afin de concevoir une solution parfaitement align\u00e9e avec votre vision.<\/div>\n\t\t\t\t\t<\/div>\n\t\t\t\t\t\t\t\t\t\t<div class=\"card-icon\">\n\t\t\t\t\t\t<div class=\"card-icon__icon\">\n\t\t\t\t\t\t\t<img loading=\"lazy\" decoding=\"async\" width=\"1\" height=\"1\" src=\"https:\/\/itsharkz.com\/wp-content\/uploads\/2025\/03\/dweb.svg\" class=\"attachment-thumbnail size-thumbnail\" alt=\"\" \/>\t\t\t\t\t\t<\/div>\n\t\t\t\t\t\t<div class=\"card-icon__title\">D\u00e9veloppement Efficace<\/div>\n\t\t\t\t\t\t<div class=\"card-icon__subtitle\">Nous appliquons des m\u00e9thodologies \u00e9prouv\u00e9es pour acc\u00e9l\u00e9rer le processus de d\u00e9veloppement, garantissant un lancement rapide sans compromis sur la qualit\u00e9.<\/div>\n\t\t\t\t\t<\/div>\n\t\t\t\t\t\t\t<\/div>\n\t\t\t\t<div class=\"cta\">\n\t\t\t<div class=\"cta__image\">\n\t\t\t\t<img loading=\"lazy\" decoding=\"async\" width=\"300\" height=\"300\" src=\"https:\/\/itsharkz.com\/wp-content\/uploads\/2025\/09\/Photo.png\" class=\"attachment-medium size-medium\" alt=\"\" \/>\t\t\t<\/div>\n\t\t\t<div class=\"cta__title\">Votre projet m\u00e9rite d\u2019\u00eatre discut\u00e9 ? <br \/>\r\nParlez \u00e0 Victor \u2013 notre cofondateur<\/div>\n\t\t\t<a href=\"https:\/\/meetings-eu1.hubspot.com\/victor-carraz\" class=\"button button--solid\" target=\"_blank\">Discutez de votre projet<\/a>\n\t\t<\/div>\n\t\t\t<\/div>\n<\/section>\n\n\n\n<section class=\"collaboration\">\n\t<div class=\"container\">\n\t\t<h2 class=\"h1\">Mod\u00e8les de Collaboration Flexibles<\/h2>\n\t\t<div class=\"grid\">\n\t\t\t\t\t\t\t\t<div class=\"card-info\">\n\t\t\t\t\t\t<div class=\"card-info__title\">D\u00e9veloppement de Produit Externalis\u00e9<\/div>\n\t\t\t\t\t\t<div class=\"card-info__subtitle\">De la conception au lancement, nous g\u00e9rons l\u2019ensemble du processus de d\u00e9veloppement pour garantir un projet avanc\u00e9 et r\u00e9ussi.<\/div>\n\t\t\t\t\t\t<img loading=\"lazy\" decoding=\"async\" width=\"1\" height=\"1\" src=\"https:\/\/itsharkz.com\/wp-content\/uploads\/2025\/03\/collaboration-img-1.svg\" class=\"attachment-medium_large size-medium_large\" alt=\"\" \/>\t\t\t\t\t<\/div>\n\t\t\t\t\t\t\t\t\t\t<div class=\"card-info\">\n\t\t\t\t\t\t<div class=\"card-info__title\">Renforcement d\u2019\u00c9quipe (Ressources D\u00e9di\u00e9es)<\/div>\n\t\t\t\t\t\t<div class=\"card-info__subtitle\">Besoin de renfort ? Recrutez votre prochain d\u00e9veloppeur qualifi\u00e9 en portage : une int\u00e9gration fluide \u00e0 votre \u00e9quipe et un renforcement imm\u00e9diat de vos capacit\u00e9s.<\/div>\n\t\t\t\t\t\t<img loading=\"lazy\" decoding=\"async\" width=\"1\" height=\"1\" src=\"https:\/\/itsharkz.com\/wp-content\/uploads\/2025\/03\/collaboration-img-2.svg\" class=\"attachment-medium_large size-medium_large\" alt=\"\" \/>\t\t\t\t\t<\/div>\n\t\t\t\t\t\t\t<\/div>\n\t\t<div class=\"cta\">\n\t\t\t<div class=\"cta__title\">Pr\u00eat \u00e0 d\u00e9velopper votre application web? Contactez nos experts <strong>Node.js<\/strong> pour une consultation gratuite.<\/div>\n\t\t\t<a href=\"https:\/\/meetings-eu1.hubspot.com\/victor-carraz\" class=\"cta__link\" target=\"_blank\"><strong>Planifiez une consultation<\/strong> d\u00e8s aujourd\u2019hui pour d\u00e9couvrir comment ITSharkz peut vous aider.<\/a>\n\t\t<\/div>\n\t<\/div>\n<\/section>\n\n\n\n<section class=\"edge-technologies\">\n\t<div class=\"container\">\n\t\t<h2 class=\"h1\"><strong>Technologies de pointe<\/strong><br> \u00e0 votre service<\/h2>\n\t\t<div class=\"text\">Chez ITSharkz, nous exploitons les technologies les plus avanc\u00e9es pour cr\u00e9er des solutions conformes aux standards d\u2019aujourd\u2019hui et pr\u00eates pour les d\u00e9fis de demain:<\/div>\n\t\t<div class=\"grid grid-3\">\n\t\t\t\t\t\t\t\t<div class=\"card-link\">\n\t\t\t\t\t\t<div class=\"card-link__content\">\n\t\t\t\t\t\t\t<div class=\"card-link__logo\">\n\t\t\t\t\t\t\t\t<img loading=\"lazy\" decoding=\"async\" width=\"238\" height=\"64\" src=\"https:\/\/itsharkz.com\/wp-content\/uploads\/2025\/03\/node-js.png\" class=\"attachment-medium size-medium\" alt=\"\" \/>\t\t\t\t\t\t\t<\/div>\n\t\t\t\t\t\t\t<div class=\"card-link__title\">Node.js<\/div>\n\t\t\t\t\t\t\t<div class=\"card-link__subtitle\">Applications serveur haute performance, con\u00e7ues pour \u00e9voluer avec votre entreprise.<\/div>\n\t\t\t\t\t\t<\/div>\n\t\t\t\t\t\t\t\t\t\t\t\t\t<a href=\"\/fr\/developpement-node-js\/\" class=\"card-link__link\">En savoir plus<\/a>\n\t\t\t\t\t\t\t\t\t\t\t<\/div>\n\t\t\t\t\t\t\t\t\t\t<div class=\"card-link\">\n\t\t\t\t\t\t<div class=\"card-link__content\">\n\t\t\t\t\t\t\t<div class=\"card-link__logo\">\n\t\t\t\t\t\t\t\t<img loading=\"lazy\" decoding=\"async\" width=\"300\" height=\"99\" src=\"https:\/\/itsharkz.com\/wp-content\/uploads\/2025\/02\/React-Symbol-1.png\" class=\"attachment-medium size-medium\" alt=\"\" \/>\t\t\t\t\t\t\t<\/div>\n\t\t\t\t\t\t\t<div class=\"card-link__title\">React<\/div>\n\t\t\t\t\t\t\t<div class=\"card-link__subtitle\">Interfaces utilisateur dynamiques et responsives qui captivent vos utilisateurs.<\/div>\n\t\t\t\t\t\t<\/div>\n\t\t\t\t\t\t\t\t\t\t\t\t\t<a href=\"\/fr\/developpement-react-js\/\" class=\"card-link__link\">En savoir plus<\/a>\n\t\t\t\t\t\t\t\t\t\t\t<\/div>\n\t\t\t\t\t\t\t\t\t\t<div class=\"card-link\">\n\t\t\t\t\t\t<div class=\"card-link__content\">\n\t\t\t\t\t\t\t<div class=\"card-link__logo\">\n\t\t\t\t\t\t\t\t<img loading=\"lazy\" decoding=\"async\" width=\"300\" height=\"300\" src=\"https:\/\/itsharkz.com\/wp-content\/uploads\/2025\/03\/netFramework-2.png\" class=\"attachment-medium size-medium\" alt=\"\" \/>\t\t\t\t\t\t\t<\/div>\n\t\t\t\t\t\t\t<div class=\"card-link__title\">.NET \/ C#<\/div>\n\t\t\t\t\t\t\t<div class=\"card-link__subtitle\">Robustesse de niveau entreprise pour des performances et une fiabilit\u00e9 optimales.<\/div>\n\t\t\t\t\t\t<\/div>\n\t\t\t\t\t\t\t\t\t\t\t\t\t<a href=\"\/fr\/dot-net-c-sharp\/\" class=\"card-link__link\">En savoir plus<\/a>\n\t\t\t\t\t\t\t\t\t\t\t<\/div>\n\t\t\t\t\t\t\t\t\t\t<div class=\"card-link\">\n\t\t\t\t\t\t<div class=\"card-link__content\">\n\t\t\t\t\t\t\t<div class=\"card-link__logo\">\n\t\t\t\t\t\t\t\t<img loading=\"lazy\" decoding=\"async\" width=\"300\" height=\"168\" src=\"https:\/\/itsharkz.com\/wp-content\/uploads\/2025\/03\/Python-Symbol-2.png\" class=\"attachment-medium size-medium\" alt=\"\" \/>\t\t\t\t\t\t\t<\/div>\n\t\t\t\t\t\t\t<div class=\"card-link__title\">Python<\/div>\n\t\t\t\t\t\t\t<div class=\"card-link__subtitle\">Solutions polyvalentes pour le d\u00e9veloppement web et le traitement des donn\u00e9es.<\/div>\n\t\t\t\t\t\t<\/div>\n\t\t\t\t\t\t\t\t\t\t\t\t\t<a href=\"\/fr\/python-developpement\/\" class=\"card-link__link\">En savoir plus<\/a>\n\t\t\t\t\t\t\t\t\t\t\t<\/div>\n\t\t\t\t\t\t\t\t\t\t<div class=\"card-link\">\n\t\t\t\t\t\t<div class=\"card-link__content\">\n\t\t\t\t\t\t\t<div class=\"card-link__logo\">\n\t\t\t\t\t\t\t\t<img loading=\"lazy\" decoding=\"async\" width=\"300\" height=\"157\" src=\"https:\/\/itsharkz.com\/wp-content\/uploads\/2025\/03\/Vector.png\" class=\"attachment-medium size-medium\" alt=\"\" \/>\t\t\t\t\t\t\t<\/div>\n\t\t\t\t\t\t\t<div class=\"card-link__title\">PHP<\/div>\n\t\t\t\t\t\t\t<div class=\"card-link__subtitle\">Applications web fiables et efficaces, pr\u00eates \u00e0 l\u2019emploi.<\/div>\n\t\t\t\t\t\t<\/div>\n\t\t\t\t\t\t\t\t\t\t\t\t\t<a href=\"\/fr\/developpement-php\/\" class=\"card-link__link\">En savoir plus<\/a>\n\t\t\t\t\t\t\t\t\t\t\t<\/div>\n\t\t\t\t\t\t\t\t\t\t<div class=\"card-link\">\n\t\t\t\t\t\t<div class=\"card-link__content\">\n\t\t\t\t\t\t\t<div class=\"card-link__logo\">\n\t\t\t\t\t\t\t\t<img loading=\"lazy\" decoding=\"async\" width=\"300\" height=\"113\" src=\"https:\/\/itsharkz.com\/wp-content\/uploads\/2025\/03\/vuejs-logo-1.png\" class=\"attachment-medium size-medium\" alt=\"\" \/>\t\t\t\t\t\t\t<\/div>\n\t\t\t\t\t\t\t<div class=\"card-link__title\">Vue.js<\/div>\n\t\t\t\t\t\t\t<div class=\"card-link__subtitle\">Cr\u00e9ation d\u2019exp\u00e9riences front-end interactives et immersives.<\/div>\n\t\t\t\t\t\t<\/div>\n\t\t\t\t\t\t\t\t\t\t\t\t\t<a href=\"\/fr\/vue-js-nuxt-developpement\/\" class=\"card-link__link\">En savoir plus<\/a>\n\t\t\t\t\t\t\t\t\t\t\t<\/div>\n\t\t\t\t\t\t\t<\/div>\n\t\t\t<\/div>\n<\/section>\n\n\n\n<section class=\"faq-block\">\n\t<div class=\"container\">\n\t\t<h2 class=\"h1\">Questions Fr\u00e9quemment Pos\u00e9es<\/h2>\n\t\t\t\t\t\t<div class=\"faq-item active\">\n\t\t\t\t\t<div class=\"faq-item__question\">Pourquoi choisir Node.js pour le d\u00e9veloppement backend ?<\/div>\n\t\t\t\t\t<div class=\"faq-item__answer\"><p><span style=\"font-weight: 400\">Node.js est optimis\u00e9 pour la scalabilit\u00e9 et la performance, id\u00e9al pour les applications n\u00e9cessitant une forte concurrence, comme les applications en temps r\u00e9el. Son architecture \u00e9v\u00e9nementielle et son traitement asynchrone garantissent des temps de r\u00e9ponse rapides, am\u00e9liorant ainsi l\u2019exp\u00e9rience utilisateur.<\/span><\/p>\n<\/div>\n\t\t\t\t<\/div>\n\t\t\t\t\t\t\t\t<div class=\"faq-item\">\n\t\t\t\t\t<div class=\"faq-item__question\">Quels types de projets sont les plus adapt\u00e9s \u00e0 Node.js ?<\/div>\n\t\t\t\t\t<div class=\"faq-item__answer\"><p><span style=\"font-weight: 400\">Node.js excelle dans les applications n\u00e9cessitant un traitement rapide des donn\u00e9es et des fonctionnalit\u00e9s en temps r\u00e9el, telles que les chats, les outils collaboratifs et les plateformes de donn\u00e9es. Il est \u00e9galement id\u00e9al pour la cr\u00e9ation d\u2019architectures microservices.<\/span><\/p>\n<\/div>\n\t\t\t\t<\/div>\n\t\t\t\t\t\t\t\t<div class=\"faq-item\">\n\t\t\t\t\t<div class=\"faq-item__question\">Pouvez-vous g\u00e9rer \u00e0 la fois le frontend et le backend ?<\/div>\n\t\t\t\t\t<div class=\"faq-item__answer\"><p><span style=\"font-weight: 400\">Oui ! Nous proposons des services de d\u00e9veloppement full-stack en utilisant Node.js pour le backend et des frameworks populaires comme React.js pour le frontend, assurant ainsi une solution fluide de bout en bout.<\/span><\/p>\n<\/div>\n\t\t\t\t<\/div>\n\t\t\t\t\t\t\t\t<div class=\"faq-item\">\n\t\t\t\t\t<div class=\"faq-item__question\">Combien de temps faut-il pour d\u00e9velopper une application Node.js ?<\/div>\n\t\t\t\t\t<div class=\"faq-item__answer\"><p><span style=\"font-weight: 400\">Les d\u00e9lais varient selon la complexit\u00e9 du projet, mais notre approche agile garantit une livraison efficace. Pour des applications plus l\u00e9g\u00e8res, le d\u00e9veloppement peut \u00eatre achev\u00e9 en 3 \u00e0 5 semaines.<\/span><\/p>\n<\/div>\n\t\t\t\t<\/div>\n\t\t\t\t\t\t\t\t<div class=\"faq-item\">\n\t\t\t\t\t<div class=\"faq-item__question\">Offrez-vous un support apr\u00e8s le lancement du projet ?<\/div>\n\t\t\t\t\t<div class=\"faq-item__answer\"><p><span style=\"font-weight: 400\">Absolument. Nous assurons un suivi post-lancement avec surveillance, optimisation des performances et mises \u00e0 jour pour garantir que votre application Node.js reste s\u00e9curis\u00e9e et performante.<\/span><\/p>\n<\/div>\n\t\t\t\t<\/div>\n\t\t\t\t\t<\/div>\n<\/section>\n","protected":false},"excerpt":{"rendered":"","protected":false},"author":1,"featured_media":0,"parent":0,"menu_order":0,"comment_status":"closed","ping_status":"closed","template":"","meta":{"_acf_changed":false,"footnotes":""},"class_list":["post-1768","page","type-page","status-publish","hentry"],"acf":[],"yoast_head":"<!-- This site is optimized with the Yoast SEO plugin v26.0 - https:\/\/yoast.com\/wordpress\/plugins\/seo\/ -->\n<title>D\u00e9veloppement Node.js - ITSharkz<\/title>\n<meta name=\"description\" content=\"Profitez de Node.js pour cr\u00e9er des backends performants et \u00e9volutifs. ITSharkz met en \u0153uvre des \u00e9quipes expertes avec Nest.js &amp; Express.js pour vos scale-ups et entreprises.\" \/>\n<meta name=\"robots\" content=\"index, follow, max-snippet:-1, max-image-preview:large, max-video-preview:-1\" \/>\n<link rel=\"canonical\" href=\"https:\/\/itsharkz.com\/fr\/developpement-node-js\/\" \/>\n<meta property=\"og:locale\" content=\"fr_FR\" \/>\n<meta property=\"og:type\" content=\"article\" \/>\n<meta property=\"og:title\" content=\"D\u00e9veloppement Node.js - ITSharkz\" \/>\n<meta property=\"og:description\" content=\"Profitez de Node.js pour cr\u00e9er des backends performants et \u00e9volutifs. ITSharkz met en \u0153uvre des \u00e9quipes expertes avec Nest.js &amp; Express.js pour vos scale-ups et entreprises.\" \/>\n<meta property=\"og:url\" content=\"https:\/\/itsharkz.com\/fr\/developpement-node-js\/\" \/>\n<meta property=\"og:site_name\" content=\"ITSharkz\" \/>\n<meta property=\"article:modified_time\" content=\"2025-09-16T10:20:15+00:00\" \/>\n<meta name=\"twitter:card\" content=\"summary_large_image\" \/>\n<script type=\"application\/ld+json\" class=\"yoast-schema-graph\">{\"@context\":\"https:\/\/schema.org\",\"@graph\":[{\"@type\":\"WebPage\",\"@id\":\"https:\/\/itsharkz.com\/fr\/developpement-node-js\/\",\"url\":\"https:\/\/itsharkz.com\/fr\/developpement-node-js\/\",\"name\":\"D\u00e9veloppement Node.js - ITSharkz\",\"isPartOf\":{\"@id\":\"https:\/\/itsharkz.com\/fr\/#website\"},\"datePublished\":\"2025-03-05T05:42:55+00:00\",\"dateModified\":\"2025-09-16T10:20:15+00:00\",\"description\":\"Profitez de Node.js pour cr\u00e9er des backends performants et \u00e9volutifs. ITSharkz met en \u0153uvre des \u00e9quipes expertes avec Nest.js & Express.js pour vos scale-ups et entreprises.\",\"breadcrumb\":{\"@id\":\"https:\/\/itsharkz.com\/fr\/developpement-node-js\/#breadcrumb\"},\"inLanguage\":\"fr-FR\",\"potentialAction\":[{\"@type\":\"ReadAction\",\"target\":[\"https:\/\/itsharkz.com\/fr\/developpement-node-js\/\"]}]},{\"@type\":\"BreadcrumbList\",\"@id\":\"https:\/\/itsharkz.com\/fr\/developpement-node-js\/#breadcrumb\",\"itemListElement\":[{\"@type\":\"ListItem\",\"position\":1,\"name\":\"Home\",\"item\":\"https:\/\/itsharkz.com\/fr\/\"},{\"@type\":\"ListItem\",\"position\":2,\"name\":\"D\u00e9veloppement Node.js\"}]},{\"@type\":\"WebSite\",\"@id\":\"https:\/\/itsharkz.com\/fr\/#website\",\"url\":\"https:\/\/itsharkz.com\/fr\/\",\"name\":\"ITSharkz\",\"description\":\"Powering Scaleups and Enterprises with Elite Polish Tech Teams\",\"potentialAction\":[{\"@type\":\"SearchAction\",\"target\":{\"@type\":\"EntryPoint\",\"urlTemplate\":\"https:\/\/itsharkz.com\/fr\/?s={search_term_string}\"},\"query-input\":{\"@type\":\"PropertyValueSpecification\",\"valueRequired\":true,\"valueName\":\"search_term_string\"}}],\"inLanguage\":\"fr-FR\"}]}<\/script>\n<!-- \/ Yoast SEO plugin. -->","yoast_head_json":{"title":"D\u00e9veloppement Node.js - ITSharkz","description":"Profitez de Node.js pour cr\u00e9er des backends performants et \u00e9volutifs. ITSharkz met en \u0153uvre des \u00e9quipes expertes avec Nest.js & Express.js pour vos scale-ups et entreprises.","robots":{"index":"index","follow":"follow","max-snippet":"max-snippet:-1","max-image-preview":"max-image-preview:large","max-video-preview":"max-video-preview:-1"},"canonical":"https:\/\/itsharkz.com\/fr\/developpement-node-js\/","og_locale":"fr_FR","og_type":"article","og_title":"D\u00e9veloppement Node.js - ITSharkz","og_description":"Profitez de Node.js pour cr\u00e9er des backends performants et \u00e9volutifs. ITSharkz met en \u0153uvre des \u00e9quipes expertes avec Nest.js & Express.js pour vos scale-ups et entreprises.","og_url":"https:\/\/itsharkz.com\/fr\/developpement-node-js\/","og_site_name":"ITSharkz","article_modified_time":"2025-09-16T10:20:15+00:00","twitter_card":"summary_large_image","schema":{"@context":"https:\/\/schema.org","@graph":[{"@type":"WebPage","@id":"https:\/\/itsharkz.com\/fr\/developpement-node-js\/","url":"https:\/\/itsharkz.com\/fr\/developpement-node-js\/","name":"D\u00e9veloppement Node.js - ITSharkz","isPartOf":{"@id":"https:\/\/itsharkz.com\/fr\/#website"},"datePublished":"2025-03-05T05:42:55+00:00","dateModified":"2025-09-16T10:20:15+00:00","description":"Profitez de Node.js pour cr\u00e9er des backends performants et \u00e9volutifs. ITSharkz met en \u0153uvre des \u00e9quipes expertes avec Nest.js & Express.js pour vos scale-ups et entreprises.","breadcrumb":{"@id":"https:\/\/itsharkz.com\/fr\/developpement-node-js\/#breadcrumb"},"inLanguage":"fr-FR","potentialAction":[{"@type":"ReadAction","target":["https:\/\/itsharkz.com\/fr\/developpement-node-js\/"]}]},{"@type":"BreadcrumbList","@id":"https:\/\/itsharkz.com\/fr\/developpement-node-js\/#breadcrumb","itemListElement":[{"@type":"ListItem","position":1,"name":"Home","item":"https:\/\/itsharkz.com\/fr\/"},{"@type":"ListItem","position":2,"name":"D\u00e9veloppement Node.js"}]},{"@type":"WebSite","@id":"https:\/\/itsharkz.com\/fr\/#website","url":"https:\/\/itsharkz.com\/fr\/","name":"ITSharkz","description":"Powering Scaleups and Enterprises with Elite Polish Tech Teams","potentialAction":[{"@type":"SearchAction","target":{"@type":"EntryPoint","urlTemplate":"https:\/\/itsharkz.com\/fr\/?s={search_term_string}"},"query-input":{"@type":"PropertyValueSpecification","valueRequired":true,"valueName":"search_term_string"}}],"inLanguage":"fr-FR"}]}},"_links":{"self":[{"href":"https:\/\/itsharkz.com\/fr\/wp-json\/wp\/v2\/pages\/1768","targetHints":{"allow":["GET"]}}],"collection":[{"href":"https:\/\/itsharkz.com\/fr\/wp-json\/wp\/v2\/pages"}],"about":[{"href":"https:\/\/itsharkz.com\/fr\/wp-json\/wp\/v2\/types\/page"}],"author":[{"embeddable":true,"href":"https:\/\/itsharkz.com\/fr\/wp-json\/wp\/v2\/users\/1"}],"replies":[{"embeddable":true,"href":"https:\/\/itsharkz.com\/fr\/wp-json\/wp\/v2\/comments?post=1768"}],"version-history":[{"count":19,"href":"https:\/\/itsharkz.com\/fr\/wp-json\/wp\/v2\/pages\/1768\/revisions"}],"predecessor-version":[{"id":2920,"href":"https:\/\/itsharkz.com\/fr\/wp-json\/wp\/v2\/pages\/1768\/revisions\/2920"}],"wp:attachment":[{"href":"https:\/\/itsharkz.com\/fr\/wp-json\/wp\/v2\/media?parent=1768"}],"curies":[{"name":"wp","href":"https:\/\/api.w.org\/{rel}","templated":true}]}}