{"id":1844,"date":"2025-03-01T08:13:00","date_gmt":"2025-03-01T06:13:00","guid":{"rendered":"https:\/\/wp2025.itsharkz.com\/?page_id=1844"},"modified":"2025-09-16T12:45:52","modified_gmt":"2025-09-16T10:45:52","slug":"vue-js-nuxt-developpement","status":"publish","type":"page","link":"https:\/\/itsharkz.com\/fr\/vue-js-nuxt-developpement\/","title":{"rendered":"Vue.js et Nuxt D\u00e9veloppement"},"content":{"rendered":"\n<section class=\"hero-light\">\n\t<div class=\"container\">\n\t\t<div class=\"grid\">\n\n\t\t\t<div class=\"grid__item\">\n\t\t\t\t<h1>Expertise \u00e0 la demande en D\u00e9veloppement <strong> Vue.js &amp; Nuxt.js<\/strong><\/h1>\n\t\t\t\t<div class=\"subtitle\">Des interfaces claires et performantes pour vos projets<\/div>\n\t\t\t\t<div class=\"hero__btns\">\n\t\t\t\t\t<a href=\"https:\/\/meetings-eu1.hubspot.com\/victor-carraz\" class=\"button button--solid\" target=\"_blank\" rel=\"nofollow\">Lancez votre projet<\/a>\n\t\t\t\t\t<img decoding=\"async\" src=\"https:\/\/itsharkz.com\/wp-content\/themes\/itsharkz\/assets\/images\/clutch-review.png\" class=\"hero__clutch\" alt=\"Clutch review\" \/>\n\t\t\t\t\t<img decoding=\"async\" src=\"https:\/\/itsharkz.com\/wp-content\/themes\/itsharkz\/assets\/images\/google-review.png\" class=\"hero__google\" alt=\"Google review\" \/>\n\t\t\t\t<\/div>\n\t\t\t<\/div>\n\n\t\t\t<div class=\"grid__item\">\n\t\t\t\t<img loading=\"lazy\" decoding=\"async\" width=\"1024\" height=\"980\" src=\"https:\/\/itsharkz.com\/wp-content\/uploads\/2025\/03\/vue-js-cube.png\" class=\"hero-light__image\" alt=\"\" \/>\t\t\t\t<div class=\"tooltip\">D\u00e9veloppeurs Frontend<\/div>\n\t\t\t\t\t\t\t\t\t\t\t<\/div>\n\n\t\t<\/div>\n\t<\/div>\n<\/section>\n\n\n\n<section class=\"about\">\n\t<div class=\"container\">\n\n\t\t<div class=\"row\">\n\t\t\t<div class=\"col-50\">\n\t\t\t\t<h2 class=\"h1\">\u00c0 propos<\/h2>\n\t\t\t\t<div class=\"h4\">Un framework l\u00e9ger et flexible, Vue.js facilite la cr\u00e9ation d\u2019interfaces dynamiques.<\/div>\n\t\t\t\t<div class=\"text\">Ensemble, Vue.js et Nuxt.js offrent SSR, SSG et des optimisations avanc\u00e9es. ITSharkz d\u00e9veloppe ainsi des frontends performants et \u00e9volutifs, adapt\u00e9s \u00e0 vos projets.<\/div>\n\t\t\t<\/div>\n\t\t\t<div class=\"col-50\">\n\t\t\t\t<div class=\"grid\">\n\t\t\t\t\t\t\t\t\t\t\t\t<div class=\"card\">\n\t\t\t\t\t\t\t\t<div class=\"card__title\">Rapide et L\u00e9ger :<\/div>\n\t\t\t\t\t\t\t\t<div class=\"card__subtitle\">L\u2019architecture optimis\u00e9e de Vue.js garantit des temps de chargement r\u00e9duits et une exp\u00e9rience fluide, id\u00e9ale pour les\u00a0SPA&#039;s et les contenus dynamiques.<\/div>\n\t\t\t\t\t\t\t<\/div>\n\t\t\t\t\t\t\t\t\t\t\t\t\t\t<div class=\"card\">\n\t\t\t\t\t\t\t\t<div class=\"card__title\">Nuxt.js pour le SEO et la Performance :<\/div>\n\t\t\t\t\t\t\t\t<div class=\"card__subtitle\">Le rendu serveur et la g\u00e9n\u00e9ration statique de Nuxt.js am\u00e9liorent\u00a0la visibilit\u00e9 SEO\u00a0et optimisent les performances.<\/div>\n\t\t\t\t\t\t\t<\/div>\n\t\t\t\t\t\t\t\t\t\t\t\t\t\t<div class=\"card\">\n\t\t\t\t\t\t\t\t<div class=\"card__title\">Architecture Modulaire :<\/div>\n\t\t\t\t\t\t\t\t<div class=\"card__subtitle\">Gr\u00e2ce aux\u00a0composants r\u00e9utilisables, nous d\u00e9veloppons des applications \u00e9volutives, faciles \u00e0 maintenir et \u00e0 faire \u00e9voluer.<\/div>\n\t\t\t\t\t\t\t<\/div>\n\t\t\t\t\t\t\t\t\t\t\t\t\t\t<div class=\"card\">\n\t\t\t\t\t\t\t\t<div class=\"card__title\">Liaison R\u00e9active des Donn\u00e9es :<\/div>\n\t\t\t\t\t\t\t\t<div class=\"card__subtitle\">Vue.js garantit une\u00a0interface dynamique\u00a0o\u00f9 chaque mise \u00e0 jour est instantan\u00e9e.<\/div>\n\t\t\t\t\t\t\t<\/div>\n\t\t\t\t\t\t\t\t\t\t\t\t\t\t<div class=\"card\">\n\t\t\t\t\t\t\t\t<div class=\"card__title\">Gestion Avanc\u00e9e de l\u2019\u00c9tat :<\/div>\n\t\t\t\t\t\t\t\t<div class=\"card__subtitle\">Avec\u00a0Vuex\u00a0et\u00a0Vue Router, nous optimisons la gestion des donn\u00e9es et des flux, assurant une application intuitive.<\/div>\n\t\t\t\t\t\t\t<\/div>\n\t\t\t\t\t\t\t\t\t\t\t<\/div>\n\t\t\t<\/div>\n\t\t<\/div>\n\n\t<\/div>\n<\/section>\n\n\n\n<section class=\"portfolio-overview\">\n\t<div class=\"container\">\n\t\t<div class=\"row\">\n\t\t\t<div class=\"col-50\">\n\t\t\t\t<h2 class=\"h1\">Aper\u00e7u du portfolio<\/h2>\n\t\t\t<\/div>\n\t\t\t<div class=\"col-50\">\n\t\t\t\t<div class=\"h4\">Notre \u00e9quipe a r\u00e9alis\u00e9 avec succ\u00e8s des projets <strong>Vue.js et Nuxt.js<\/strong> dans divers secteurs, notamment les plateformes e-commerce, les applications SaaS et les tableaux de bord interactifs. Quelques exemples :<\/div>\n\t\t\t<\/div>\n\t\t<\/div>\n\t\t<div class=\"portfolio-overview__grid\">\n\t\t\t\t\t\t\t\t<div class=\"card-case\">\n\t\t\t\t\t\t<div class=\"card-case__header\">\n\t\t\t\t\t\t\t<img decoding=\"async\" width=\"740\" height=\"440\" src=\"https:\/\/itsharkz.com\/wp-content\/uploads\/2025\/03\/Medicalib-3.png\" class=\"attachment-large size-large\" alt=\"Medicalib\" loading=\"lazy\" \/>\t\t\t\t\t\t<\/div>\n\t\t\t\t\t\t<div class=\"card-case__content\">\n\t\t\t\t\t\t\t<div class=\"card-case__categories\">\n\t\t\t\t\t\t\t\t<div class=\"card-case__category\">Backend<\/div><div class=\"card-case__category\">Frontend<\/div><div class=\"card-case__category\">SEO<\/div>\t\t\t\t\t\t\t<\/div>\n\t\t\t\t\t\t\t<div class=\"card-case__title\">Medicalib: Transformer l&rsquo;acc\u00e8s aux soins en France<\/div>\n\t\t\t\t\t\t\t<a href=\"https:\/\/itsharkz.com\/fr\/cases\/medicalib\/\" class=\"card-case__link\">D\u00e9couvrez les d\u00e9tails du projet<\/a>\n\t\t\t\t\t\t<\/div>\n\t\t\t\t\t<\/div>\n\t\t\t\t\t\t\t\t\t\t<div class=\"card-case\">\n\t\t\t\t\t\t<div class=\"card-case__header\">\n\t\t\t\t\t\t\t<img decoding=\"async\" width=\"1024\" height=\"617\" src=\"https:\/\/itsharkz.com\/wp-content\/uploads\/2025\/03\/MacBook-Pro-14-1.png\" class=\"attachment-large size-large\" alt=\"Joone\" loading=\"lazy\" \/>\t\t\t\t\t\t<\/div>\n\t\t\t\t\t\t<div class=\"card-case__content\">\n\t\t\t\t\t\t\t<div class=\"card-case__categories\">\n\t\t\t\t\t\t\t\t<div class=\"card-case__category\">AWS<\/div><div class=\"card-case__category\">Backend<\/div><div class=\"card-case__category\">E-Commerce<\/div>\t\t\t\t\t\t\t<\/div>\n\t\t\t\t\t\t\t<div class=\"card-case__title\">Joone : R\u00e9inventer l\u2019exp\u00e9rience client pour les parents<\/div>\n\t\t\t\t\t\t\t<a href=\"https:\/\/itsharkz.com\/fr\/cases\/joone\/\" class=\"card-case__link\">D\u00e9couvrez les d\u00e9tails du projet<\/a>\n\t\t\t\t\t\t<\/div>\n\t\t\t\t\t<\/div>\n\t\t\t\t\t\t\t\t\t\t<div class=\"card-case\">\n\t\t\t\t\t\t<div class=\"card-case__header\">\n\t\t\t\t\t\t\t<img decoding=\"async\" width=\"1024\" height=\"617\" src=\"https:\/\/itsharkz.com\/wp-content\/uploads\/2025\/03\/Fizzup-desk.png\" class=\"attachment-large size-large\" alt=\"Fizzup\" loading=\"lazy\" \/>\t\t\t\t\t\t<\/div>\n\t\t\t\t\t\t<div class=\"card-case__content\">\n\t\t\t\t\t\t\t<div class=\"card-case__categories\">\n\t\t\t\t\t\t\t\t<div class=\"card-case__category\">App<\/div><div class=\"card-case__category\">AWS<\/div><div class=\"card-case__category\">PHP<\/div>\t\t\t\t\t\t\t<\/div>\n\t\t\t\t\t\t\t<div class=\"card-case__title\">FizzUp: Red\u00e9finir les solutions de fitness num\u00e9rique<\/div>\n\t\t\t\t\t\t\t<a href=\"https:\/\/itsharkz.com\/fr\/cases\/fizzup\/\" class=\"card-case__link\">D\u00e9couvrez les d\u00e9tails du projet<\/a>\n\t\t\t\t\t\t<\/div>\n\t\t\t\t\t<\/div>\n\t\t\t\t\t\t\t<\/div>\n\t\t\t<\/div>\n<\/section>\n\n\n\n<section class=\"why-choose\">\n\t<div class=\"container\">\n\t\t<h2 class=\"h1\">Pourquoi choisir ITSharkz ?<\/h2>\n\t\t\t\t<div class=\"grid\">\n\t\t\t\t\t\t\t\t<div class=\"card-icon\">\n\t\t\t\t\t\t<div class=\"card-icon__icon\">\n\t\t\t\t\t\t\t<img loading=\"lazy\" decoding=\"async\" width=\"1\" height=\"1\" src=\"https:\/\/itsharkz.com\/wp-content\/uploads\/2025\/03\/market-analysis.svg\" class=\"attachment-thumbnail size-thumbnail\" alt=\"\" \/>\t\t\t\t\t\t<\/div>\n\t\t\t\t\t\t<div class=\"card-icon__title\">Expertise en Vue.js &amp; Nuxt.js<\/div>\n\t\t\t\t\t\t<div class=\"card-icon__subtitle\">Nos d\u00e9veloppeurs ma\u00eetrisent Vue.js et Nuxt.js, cr\u00e9ant des frontends performants, SEO-friendly et \u00e9volutifs.<\/div>\n\t\t\t\t\t<\/div>\n\t\t\t\t\t\t\t\t\t\t<div class=\"card-icon\">\n\t\t\t\t\t\t<div class=\"card-icon__icon\">\n\t\t\t\t\t\t\t<img loading=\"lazy\" decoding=\"async\" width=\"1\" height=\"1\" src=\"https:\/\/itsharkz.com\/wp-content\/uploads\/2025\/03\/webhook.svg\" class=\"attachment-thumbnail size-thumbnail\" alt=\"\" \/>\t\t\t\t\t\t<\/div>\n\t\t\t\t\t\t<div class=\"card-icon__title\">Solutions sur Mesure<\/div>\n\t\t\t\t\t\t<div class=\"card-icon__subtitle\">Nous adaptons chaque projet \u00e0 vos objectifs pour garantir une application Vue.js parfaitement align\u00e9e avec vos besoins.<\/div>\n\t\t\t\t\t<\/div>\n\t\t\t\t\t\t\t\t\t\t<div class=\"card-icon\">\n\t\t\t\t\t\t<div class=\"card-icon__icon\">\n\t\t\t\t\t\t\t<img loading=\"lazy\" decoding=\"async\" width=\"1\" height=\"1\" src=\"https:\/\/itsharkz.com\/wp-content\/uploads\/2025\/03\/dweb.svg\" class=\"attachment-thumbnail size-thumbnail\" alt=\"\" \/>\t\t\t\t\t\t<\/div>\n\t\t\t\t\t\t<div class=\"card-icon__title\">D\u00e9veloppement Rapide et Scalable<\/div>\n\t\t\t\t\t\t<div class=\"card-icon__subtitle\">Avec Vue.js et Nuxt.js, votre frontend se d\u00e9veloppe rapidement et \u00e9volue sans difficult\u00e9.<\/div>\n\t\t\t\t\t<\/div>\n\t\t\t\t\t\t\t<\/div>\n\t\t\t\t<div class=\"cta\">\n\t\t\t<div class=\"cta__image\">\n\t\t\t\t<img loading=\"lazy\" decoding=\"async\" width=\"300\" height=\"300\" src=\"https:\/\/itsharkz.com\/wp-content\/uploads\/2025\/09\/Photo.png\" class=\"attachment-medium size-medium\" alt=\"\" \/>\t\t\t<\/div>\n\t\t\t<div class=\"cta__title\">Votre projet m\u00e9rite d\u2019\u00eatre discut\u00e9 ? <br \/>\r\nParlez \u00e0 Victor \u2013 notre cofondateur<\/div>\n\t\t\t<a href=\"https:\/\/meetings-eu1.hubspot.com\/victor-carraz\" class=\"button button--solid\" target=\"_blank\">Discutez de votre projet<\/a>\n\t\t<\/div>\n\t\t\t<\/div>\n<\/section>\n\n\n\n<section class=\"collaboration\">\n\t<div class=\"container\">\n\t\t<h2 class=\"h1\">Mod\u00e8les de Collaboration Flexibles<\/h2>\n\t\t<div class=\"grid\">\n\t\t\t\t\t\t\t\t<div class=\"card-info\">\n\t\t\t\t\t\t<div class=\"card-info__title\">D\u00e9veloppement de Produit Externalis\u00e9<\/div>\n\t\t\t\t\t\t<div class=\"card-info__subtitle\">De la conception au lancement, nous g\u00e9rons l\u2019ensemble du processus de d\u00e9veloppement pour garantir un projet avanc\u00e9 et r\u00e9ussi.<\/div>\n\t\t\t\t\t\t<img loading=\"lazy\" decoding=\"async\" width=\"1\" height=\"1\" src=\"https:\/\/itsharkz.com\/wp-content\/uploads\/2025\/03\/collaboration-img-1.svg\" class=\"attachment-medium_large size-medium_large\" alt=\"\" \/>\t\t\t\t\t<\/div>\n\t\t\t\t\t\t\t\t\t\t<div class=\"card-info\">\n\t\t\t\t\t\t<div class=\"card-info__title\">Renforcement d\u2019\u00c9quipe (Ressources D\u00e9di\u00e9es)<\/div>\n\t\t\t\t\t\t<div class=\"card-info__subtitle\">Besoin de renfort ? Recrutez votre prochain d\u00e9veloppeur qualifi\u00e9 en portage : une int\u00e9gration fluide \u00e0 votre \u00e9quipe et un renforcement imm\u00e9diat de vos capacit\u00e9s.<\/div>\n\t\t\t\t\t\t<img loading=\"lazy\" decoding=\"async\" width=\"1\" height=\"1\" src=\"https:\/\/itsharkz.com\/wp-content\/uploads\/2025\/03\/collaboration-img-2.svg\" class=\"attachment-medium_large size-medium_large\" alt=\"\" \/>\t\t\t\t\t<\/div>\n\t\t\t\t\t\t\t<\/div>\n\t\t<div class=\"cta\">\n\t\t\t<div class=\"cta__title\">Gr\u00e2ce \u00e0 <strong>Vue.js et Nuxt.js<\/strong>, nous acc\u00e9l\u00e9rons le d\u00e9veloppement tout en garantissant un frontend \u00e9volutif et performant.<\/div>\n\t\t\t<a href=\"https:\/\/meetings-eu1.hubspot.com\/victor-carraz\" class=\"cta__link\" target=\"_blank\"><strong>Planifiez une consultation<\/strong> d\u00e8s aujourd\u2019hui pour d\u00e9couvrir comment ITSharkz peut vous aider.<\/a>\n\t\t<\/div>\n\t<\/div>\n<\/section>\n\n\n\n<section class=\"edge-technologies\">\n\t<div class=\"container\">\n\t\t<h2 class=\"h1\"><strong>Technologies de pointe<\/strong><br> \u00e0 votre service<\/h2>\n\t\t<div class=\"text\">Nous d\u00e9veloppons des solutions conformes aux standards actuels et pr\u00eates \u00e0 \u00e9voluer avec vos futurs d\u00e9fis.<\/div>\n\t\t<div class=\"grid grid-3\">\n\t\t\t\t\t\t\t\t<div class=\"card-link\">\n\t\t\t\t\t\t<div class=\"card-link__content\">\n\t\t\t\t\t\t\t<div class=\"card-link__logo\">\n\t\t\t\t\t\t\t\t<img loading=\"lazy\" decoding=\"async\" width=\"238\" height=\"64\" src=\"https:\/\/itsharkz.com\/wp-content\/uploads\/2025\/03\/node-js.png\" class=\"attachment-medium size-medium\" alt=\"\" \/>\t\t\t\t\t\t\t<\/div>\n\t\t\t\t\t\t\t<div class=\"card-link__title\">Node.js<\/div>\n\t\t\t\t\t\t\t<div class=\"card-link__subtitle\">Applications serveur haute performance, con\u00e7ues pour \u00e9voluer avec votre entreprise.<\/div>\n\t\t\t\t\t\t<\/div>\n\t\t\t\t\t\t\t\t\t\t\t\t\t<a href=\"\/fr\/developpement-node-js\/\" class=\"card-link__link\">En savoir plus<\/a>\n\t\t\t\t\t\t\t\t\t\t\t<\/div>\n\t\t\t\t\t\t\t\t\t\t<div class=\"card-link\">\n\t\t\t\t\t\t<div class=\"card-link__content\">\n\t\t\t\t\t\t\t<div class=\"card-link__logo\">\n\t\t\t\t\t\t\t\t<img loading=\"lazy\" decoding=\"async\" width=\"300\" height=\"99\" src=\"https:\/\/itsharkz.com\/wp-content\/uploads\/2025\/02\/React-Symbol-1.png\" class=\"attachment-medium size-medium\" alt=\"\" \/>\t\t\t\t\t\t\t<\/div>\n\t\t\t\t\t\t\t<div class=\"card-link__title\">React<\/div>\n\t\t\t\t\t\t\t<div class=\"card-link__subtitle\">Interfaces utilisateur dynamiques et responsives qui captivent vos utilisateurs.<\/div>\n\t\t\t\t\t\t<\/div>\n\t\t\t\t\t\t\t\t\t\t\t\t\t<a href=\"\/fr\/developpement-react-js\/\" class=\"card-link__link\">En savoir plus<\/a>\n\t\t\t\t\t\t\t\t\t\t\t<\/div>\n\t\t\t\t\t\t\t\t\t\t<div class=\"card-link\">\n\t\t\t\t\t\t<div class=\"card-link__content\">\n\t\t\t\t\t\t\t<div class=\"card-link__logo\">\n\t\t\t\t\t\t\t\t<img loading=\"lazy\" decoding=\"async\" width=\"300\" height=\"300\" src=\"https:\/\/itsharkz.com\/wp-content\/uploads\/2025\/03\/netFramework-2.png\" class=\"attachment-medium size-medium\" alt=\"\" \/>\t\t\t\t\t\t\t<\/div>\n\t\t\t\t\t\t\t<div class=\"card-link__title\">.NET \/ C#<\/div>\n\t\t\t\t\t\t\t<div class=\"card-link__subtitle\">Robustesse de niveau entreprise pour des performances et une fiabilit\u00e9 optimales.<\/div>\n\t\t\t\t\t\t<\/div>\n\t\t\t\t\t\t\t\t\t\t\t\t\t<a href=\"\/fr\/dot-net-c-sharp\/\" class=\"card-link__link\">En savoir plus<\/a>\n\t\t\t\t\t\t\t\t\t\t\t<\/div>\n\t\t\t\t\t\t\t\t\t\t<div class=\"card-link\">\n\t\t\t\t\t\t<div class=\"card-link__content\">\n\t\t\t\t\t\t\t<div class=\"card-link__logo\">\n\t\t\t\t\t\t\t\t<img loading=\"lazy\" decoding=\"async\" width=\"300\" height=\"168\" src=\"https:\/\/itsharkz.com\/wp-content\/uploads\/2025\/03\/Python-Symbol-2.png\" class=\"attachment-medium size-medium\" alt=\"\" \/>\t\t\t\t\t\t\t<\/div>\n\t\t\t\t\t\t\t<div class=\"card-link__title\">Python<\/div>\n\t\t\t\t\t\t\t<div class=\"card-link__subtitle\">Solutions polyvalentes pour le d\u00e9veloppement web et le traitement des donn\u00e9es.<\/div>\n\t\t\t\t\t\t<\/div>\n\t\t\t\t\t\t\t\t\t\t\t\t\t<a href=\"\/fr\/python-developpement\/\" class=\"card-link__link\">En savoir plus<\/a>\n\t\t\t\t\t\t\t\t\t\t\t<\/div>\n\t\t\t\t\t\t\t\t\t\t<div class=\"card-link\">\n\t\t\t\t\t\t<div class=\"card-link__content\">\n\t\t\t\t\t\t\t<div class=\"card-link__logo\">\n\t\t\t\t\t\t\t\t<img loading=\"lazy\" decoding=\"async\" width=\"300\" height=\"157\" src=\"https:\/\/itsharkz.com\/wp-content\/uploads\/2025\/03\/Vector.png\" class=\"attachment-medium size-medium\" alt=\"\" \/>\t\t\t\t\t\t\t<\/div>\n\t\t\t\t\t\t\t<div class=\"card-link__title\">PHP<\/div>\n\t\t\t\t\t\t\t<div class=\"card-link__subtitle\">Applications web fiables et efficaces, pr\u00eates \u00e0 l\u2019emploi.<\/div>\n\t\t\t\t\t\t<\/div>\n\t\t\t\t\t\t\t\t\t\t\t\t\t<a href=\"\/fr\/developpement-php\/\" class=\"card-link__link\">En savoir plus<\/a>\n\t\t\t\t\t\t\t\t\t\t\t<\/div>\n\t\t\t\t\t\t\t\t\t\t<div class=\"card-link\">\n\t\t\t\t\t\t<div class=\"card-link__content\">\n\t\t\t\t\t\t\t<div class=\"card-link__logo\">\n\t\t\t\t\t\t\t\t<img loading=\"lazy\" decoding=\"async\" width=\"300\" height=\"113\" src=\"https:\/\/itsharkz.com\/wp-content\/uploads\/2025\/03\/vuejs-logo-1.png\" class=\"attachment-medium size-medium\" alt=\"\" \/>\t\t\t\t\t\t\t<\/div>\n\t\t\t\t\t\t\t<div class=\"card-link__title\">Vue.js<\/div>\n\t\t\t\t\t\t\t<div class=\"card-link__subtitle\">Cr\u00e9ation d\u2019exp\u00e9riences front-end interactives et immersives.<\/div>\n\t\t\t\t\t\t<\/div>\n\t\t\t\t\t\t\t\t\t\t\t\t\t<a href=\"\/fr\/vue-js-nuxt-developpement\/\" class=\"card-link__link\">En savoir plus<\/a>\n\t\t\t\t\t\t\t\t\t\t\t<\/div>\n\t\t\t\t\t\t\t<\/div>\n\t\t\t<\/div>\n<\/section>\n\n\n\n<section class=\"faq-block\">\n\t<div class=\"container\">\n\t\t<h2 class=\"h1\">Questions Fr\u00e9quemment Pos\u00e9es<\/h2>\n\t\t\t\t\t\t<div class=\"faq-item active\">\n\t\t\t\t\t<div class=\"faq-item__question\">Pourquoi choisir Vue.js avec Nuxt.js pour le d\u00e9veloppement frontend ?<\/div>\n\t\t\t\t\t<div class=\"faq-item__answer\"><p><span style=\"font-weight: 400\">Vue.js est l\u00e9ger, flexible et efficace, id\u00e9al pour cr\u00e9er des interfaces interactives et performantes. Nuxt.js am\u00e9liore ses capacit\u00e9s avec le rendu c\u00f4t\u00e9 serveur (SSR) et la g\u00e9n\u00e9ration de sites statiques, rendant les applications plus rapides et optimis\u00e9es pour le SEO.<\/span><\/p>\n<\/div>\n\t\t\t\t<\/div>\n\t\t\t\t\t\t\t\t<div class=\"faq-item\">\n\t\t\t\t\t<div class=\"faq-item__question\">Quels types de projets sont les plus adapt\u00e9s \u00e0 Vue.js et Nuxt.js ?<\/div>\n\t\t\t\t\t<div class=\"faq-item__answer\"><p><span style=\"font-weight: 400\">Vue.js avec Nuxt.js est parfait pour les applications monopages (SPA), les dashboards dynamiques, les sites e-commerce et les plateformes de contenu. Le SSR et la g\u00e9n\u00e9ration statique de Nuxt en font un excellent choix pour les applications n\u00e9cessitant rapidit\u00e9 et r\u00e9f\u00e9rencement naturel.<\/span><\/p>\n<\/div>\n\t\t\t\t<\/div>\n\t\t\t\t\t\t\t\t<div class=\"faq-item\">\n\t\t\t\t\t<div class=\"faq-item__question\">Pouvez-vous g\u00e9rer \u00e0 la fois le frontend et le backend ?<\/div>\n\t\t\t\t\t<div class=\"faq-item__answer\"><p><span style=\"font-weight: 400\">Oui ! Nous proposons un d\u00e9veloppement full-stack, en utilisant Vue.js et Nuxt.js pour le frontend et des frameworks backend comme Node.js ou Python pour une solution compl\u00e8te et coh\u00e9rente.<\/span><\/p>\n<\/div>\n\t\t\t\t<\/div>\n\t\t\t\t\t\t\t\t<div class=\"faq-item\">\n\t\t\t\t\t<div class=\"faq-item__question\">Combien de temps faut-il pour d\u00e9velopper une application Vue.js\/Nuxt.js ?<\/div>\n\t\t\t\t\t<div class=\"faq-item__answer\"><p><span style=\"font-weight: 400\">Les d\u00e9lais varient selon la complexit\u00e9 du projet, mais notre approche agile garantit une livraison rapide. Pour des applications plus simples, le d\u00e9veloppement peut \u00eatre termin\u00e9 en 3 \u00e0 5 semaines.<\/span><\/p>\n<\/div>\n\t\t\t\t<\/div>\n\t\t\t\t\t\t\t\t<div class=\"faq-item\">\n\t\t\t\t\t<div class=\"faq-item__question\">Offrez-vous un support apr\u00e8s le lancement du projet ?<\/div>\n\t\t\t\t\t<div class=\"faq-item__answer\"><p><span style=\"font-weight: 400\">Absolument. Nous assurons un suivi post-lancement, incluant la surveillance des performances et les mises \u00e0 jour pour garantir que votre application Vue.js et Nuxt.js reste optimis\u00e9e \u00e0 mesure que votre entreprise \u00e9volue.<\/span><\/p>\n<\/div>\n\t\t\t\t<\/div>\n\t\t\t\t\t<\/div>\n<\/section>\n","protected":false},"excerpt":{"rendered":"","protected":false},"author":1,"featured_media":0,"parent":0,"menu_order":0,"comment_status":"closed","ping_status":"closed","template":"","meta":{"_acf_changed":false,"footnotes":""},"class_list":["post-1844","page","type-page","status-publish","hentry"],"acf":[],"yoast_head":"<!-- This site is optimized with the Yoast SEO plugin v26.0 - https:\/\/yoast.com\/wordpress\/plugins\/seo\/ -->\n<title>Vue.js et Nuxt D\u00e9veloppement - ITSharkz<\/title>\n<meta name=\"description\" content=\"Cr\u00e9ez des frontends dynamiques et optimis\u00e9s SEO avec Vue.js &amp; Nuxt.js. ITSharkz assemble des interfaces performantes et \u00e9volutives gr\u00e2ce \u00e0 des \u00e9quipes expertes pour scale-ups et entreprises.\" \/>\n<meta name=\"robots\" content=\"index, follow, max-snippet:-1, max-image-preview:large, max-video-preview:-1\" \/>\n<link rel=\"canonical\" href=\"https:\/\/itsharkz.com\/fr\/vue-js-nuxt-developpement\/\" \/>\n<meta property=\"og:locale\" content=\"fr_FR\" \/>\n<meta property=\"og:type\" content=\"article\" \/>\n<meta property=\"og:title\" content=\"Vue.js et Nuxt D\u00e9veloppement - ITSharkz\" \/>\n<meta property=\"og:description\" content=\"Cr\u00e9ez des frontends dynamiques et optimis\u00e9s SEO avec Vue.js &amp; Nuxt.js. ITSharkz assemble des interfaces performantes et \u00e9volutives gr\u00e2ce \u00e0 des \u00e9quipes expertes pour scale-ups et entreprises.\" \/>\n<meta property=\"og:url\" content=\"https:\/\/itsharkz.com\/fr\/vue-js-nuxt-developpement\/\" \/>\n<meta property=\"og:site_name\" content=\"ITSharkz\" \/>\n<meta property=\"article:modified_time\" content=\"2025-09-16T10:45:52+00:00\" \/>\n<meta name=\"twitter:card\" content=\"summary_large_image\" \/>\n<script type=\"application\/ld+json\" class=\"yoast-schema-graph\">{\"@context\":\"https:\/\/schema.org\",\"@graph\":[{\"@type\":\"WebPage\",\"@id\":\"https:\/\/itsharkz.com\/fr\/vue-js-nuxt-developpement\/\",\"url\":\"https:\/\/itsharkz.com\/fr\/vue-js-nuxt-developpement\/\",\"name\":\"Vue.js et Nuxt D\u00e9veloppement - ITSharkz\",\"isPartOf\":{\"@id\":\"https:\/\/itsharkz.com\/fr\/#website\"},\"datePublished\":\"2025-03-01T06:13:00+00:00\",\"dateModified\":\"2025-09-16T10:45:52+00:00\",\"description\":\"Cr\u00e9ez des frontends dynamiques et optimis\u00e9s SEO avec Vue.js & Nuxt.js. ITSharkz assemble des interfaces performantes et \u00e9volutives gr\u00e2ce \u00e0 des \u00e9quipes expertes pour scale-ups et entreprises.\",\"breadcrumb\":{\"@id\":\"https:\/\/itsharkz.com\/fr\/vue-js-nuxt-developpement\/#breadcrumb\"},\"inLanguage\":\"fr-FR\",\"potentialAction\":[{\"@type\":\"ReadAction\",\"target\":[\"https:\/\/itsharkz.com\/fr\/vue-js-nuxt-developpement\/\"]}]},{\"@type\":\"BreadcrumbList\",\"@id\":\"https:\/\/itsharkz.com\/fr\/vue-js-nuxt-developpement\/#breadcrumb\",\"itemListElement\":[{\"@type\":\"ListItem\",\"position\":1,\"name\":\"Home\",\"item\":\"https:\/\/itsharkz.com\/fr\/\"},{\"@type\":\"ListItem\",\"position\":2,\"name\":\"Vue.js et Nuxt D\u00e9veloppement\"}]},{\"@type\":\"WebSite\",\"@id\":\"https:\/\/itsharkz.com\/fr\/#website\",\"url\":\"https:\/\/itsharkz.com\/fr\/\",\"name\":\"ITSharkz\",\"description\":\"Powering Scaleups and Enterprises with Elite Polish Tech Teams\",\"potentialAction\":[{\"@type\":\"SearchAction\",\"target\":{\"@type\":\"EntryPoint\",\"urlTemplate\":\"https:\/\/itsharkz.com\/fr\/?s={search_term_string}\"},\"query-input\":{\"@type\":\"PropertyValueSpecification\",\"valueRequired\":true,\"valueName\":\"search_term_string\"}}],\"inLanguage\":\"fr-FR\"}]}<\/script>\n<!-- \/ Yoast SEO plugin. -->","yoast_head_json":{"title":"Vue.js et Nuxt D\u00e9veloppement - ITSharkz","description":"Cr\u00e9ez des frontends dynamiques et optimis\u00e9s SEO avec Vue.js & Nuxt.js. ITSharkz assemble des interfaces performantes et \u00e9volutives gr\u00e2ce \u00e0 des \u00e9quipes expertes pour scale-ups et entreprises.","robots":{"index":"index","follow":"follow","max-snippet":"max-snippet:-1","max-image-preview":"max-image-preview:large","max-video-preview":"max-video-preview:-1"},"canonical":"https:\/\/itsharkz.com\/fr\/vue-js-nuxt-developpement\/","og_locale":"fr_FR","og_type":"article","og_title":"Vue.js et Nuxt D\u00e9veloppement - ITSharkz","og_description":"Cr\u00e9ez des frontends dynamiques et optimis\u00e9s SEO avec Vue.js & Nuxt.js. ITSharkz assemble des interfaces performantes et \u00e9volutives gr\u00e2ce \u00e0 des \u00e9quipes expertes pour scale-ups et entreprises.","og_url":"https:\/\/itsharkz.com\/fr\/vue-js-nuxt-developpement\/","og_site_name":"ITSharkz","article_modified_time":"2025-09-16T10:45:52+00:00","twitter_card":"summary_large_image","schema":{"@context":"https:\/\/schema.org","@graph":[{"@type":"WebPage","@id":"https:\/\/itsharkz.com\/fr\/vue-js-nuxt-developpement\/","url":"https:\/\/itsharkz.com\/fr\/vue-js-nuxt-developpement\/","name":"Vue.js et Nuxt D\u00e9veloppement - ITSharkz","isPartOf":{"@id":"https:\/\/itsharkz.com\/fr\/#website"},"datePublished":"2025-03-01T06:13:00+00:00","dateModified":"2025-09-16T10:45:52+00:00","description":"Cr\u00e9ez des frontends dynamiques et optimis\u00e9s SEO avec Vue.js & Nuxt.js. ITSharkz assemble des interfaces performantes et \u00e9volutives gr\u00e2ce \u00e0 des \u00e9quipes expertes pour scale-ups et entreprises.","breadcrumb":{"@id":"https:\/\/itsharkz.com\/fr\/vue-js-nuxt-developpement\/#breadcrumb"},"inLanguage":"fr-FR","potentialAction":[{"@type":"ReadAction","target":["https:\/\/itsharkz.com\/fr\/vue-js-nuxt-developpement\/"]}]},{"@type":"BreadcrumbList","@id":"https:\/\/itsharkz.com\/fr\/vue-js-nuxt-developpement\/#breadcrumb","itemListElement":[{"@type":"ListItem","position":1,"name":"Home","item":"https:\/\/itsharkz.com\/fr\/"},{"@type":"ListItem","position":2,"name":"Vue.js et Nuxt D\u00e9veloppement"}]},{"@type":"WebSite","@id":"https:\/\/itsharkz.com\/fr\/#website","url":"https:\/\/itsharkz.com\/fr\/","name":"ITSharkz","description":"Powering Scaleups and Enterprises with Elite Polish Tech Teams","potentialAction":[{"@type":"SearchAction","target":{"@type":"EntryPoint","urlTemplate":"https:\/\/itsharkz.com\/fr\/?s={search_term_string}"},"query-input":{"@type":"PropertyValueSpecification","valueRequired":true,"valueName":"search_term_string"}}],"inLanguage":"fr-FR"}]}},"_links":{"self":[{"href":"https:\/\/itsharkz.com\/fr\/wp-json\/wp\/v2\/pages\/1844","targetHints":{"allow":["GET"]}}],"collection":[{"href":"https:\/\/itsharkz.com\/fr\/wp-json\/wp\/v2\/pages"}],"about":[{"href":"https:\/\/itsharkz.com\/fr\/wp-json\/wp\/v2\/types\/page"}],"author":[{"embeddable":true,"href":"https:\/\/itsharkz.com\/fr\/wp-json\/wp\/v2\/users\/1"}],"replies":[{"embeddable":true,"href":"https:\/\/itsharkz.com\/fr\/wp-json\/wp\/v2\/comments?post=1844"}],"version-history":[{"count":18,"href":"https:\/\/itsharkz.com\/fr\/wp-json\/wp\/v2\/pages\/1844\/revisions"}],"predecessor-version":[{"id":2925,"href":"https:\/\/itsharkz.com\/fr\/wp-json\/wp\/v2\/pages\/1844\/revisions\/2925"}],"wp:attachment":[{"href":"https:\/\/itsharkz.com\/fr\/wp-json\/wp\/v2\/media?parent=1844"}],"curies":[{"name":"wp","href":"https:\/\/api.w.org\/{rel}","templated":true}]}}