{"id":1858,"date":"2025-03-13T08:19:27","date_gmt":"2025-03-13T06:19:27","guid":{"rendered":"https:\/\/wp2025.itsharkz.com\/?page_id=1858"},"modified":"2025-09-16T12:25:27","modified_gmt":"2025-09-16T10:25:27","slug":"python-developpement","status":"publish","type":"page","link":"https:\/\/itsharkz.com\/fr\/python-developpement\/","title":{"rendered":"Python D\u00e9veloppement"},"content":{"rendered":"\n<section class=\"hero-light\">\n\t<div class=\"container\">\n\t\t<div class=\"grid\">\n\n\t\t\t<div class=\"grid__item\">\n\t\t\t\t<h1>Expertise \u00e0 la demande en <strong>D\u00e9veloppement Python<\/strong><\/h1>\n\t\t\t\t<div class=\"subtitle\">Des solutions performantes, scalables et centr\u00e9es sur les donn\u00e9es<\/div>\n\t\t\t\t<div class=\"hero__btns\">\n\t\t\t\t\t<a href=\"https:\/\/meetings-eu1.hubspot.com\/victor-carraz\" class=\"button button--solid\" target=\"_blank\" rel=\"nofollow\">Lancez votre projet<\/a>\n\t\t\t\t\t<img decoding=\"async\" src=\"https:\/\/itsharkz.com\/wp-content\/themes\/itsharkz\/assets\/images\/clutch-review.png\" class=\"hero__clutch\" alt=\"Clutch review\" \/>\n\t\t\t\t\t<img decoding=\"async\" src=\"https:\/\/itsharkz.com\/wp-content\/themes\/itsharkz\/assets\/images\/google-review.png\" class=\"hero__google\" alt=\"Google review\" \/>\n\t\t\t\t<\/div>\n\t\t\t<\/div>\n\n\t\t\t<div class=\"grid__item\">\n\t\t\t\t<img loading=\"lazy\" decoding=\"async\" width=\"1024\" height=\"980\" src=\"https:\/\/itsharkz.com\/wp-content\/uploads\/2025\/03\/python-cube.png\" class=\"hero-light__image\" alt=\"\" \/>\t\t\t\t<div class=\"tooltip\">D\u00e9veloppeurs IA<\/div>\n\t\t\t\t\t\t\t\t\t\t\t<\/div>\n\n\t\t<\/div>\n\t<\/div>\n<\/section>\n\n\n\n<section class=\"about\">\n\t<div class=\"container\">\n\n\t\t<div class=\"row\">\n\t\t\t<div class=\"col-50\">\n\t\t\t\t<h2 class=\"h1\">\u00c0 propos<\/h2>\n\t\t\t\t<div class=\"h4\">Python est un langage puissant et polyvalent pour cr\u00e9er des applications performantes et orient\u00e9es donn\u00e9es.<\/div>\n\t\t\t\t<div class=\"text\">Python est appr\u00e9ci\u00e9 pour sa simplicit\u00e9, sa flexibilit\u00e9 et ses performances en IA et en data. Chez ITSharkz, nous d\u00e9veloppons des solutions sur mesure, applications data-driven, plateformes IA ou backends adapt\u00e9s \u00e0 vos besoins.<\/div>\n\t\t\t<\/div>\n\t\t\t<div class=\"col-50\">\n\t\t\t\t<div class=\"grid\">\n\t\t\t\t\t\t\t\t\t\t\t\t<div class=\"card\">\n\t\t\t\t\t\t\t\t<div class=\"card__title\">Traitement de Donn\u00e9es Haute Performance :<\/div>\n\t\t\t\t\t\t\t\t<div class=\"card__subtitle\">Python traite efficacement de gros volumes de donn\u00e9es et des flux complexes, ce qui en fait un choix id\u00e9al pour les applications d\u2019analyse.<\/div>\n\t\t\t\t\t\t\t<\/div>\n\t\t\t\t\t\t\t\t\t\t\t\t\t\t<div class=\"card\">\n\t\t\t\t\t\t\t\t<div class=\"card__title\">Int\u00e9gration IA &amp; Machine Learning :<\/div>\n\t\t\t\t\t\t\t\t<div class=\"card__subtitle\">Avec TensorFlow, PyTorch et scikit-learn, Python est un langage de r\u00e9f\u00e9rence pour l\u2019IA, le NLP, l\u2019analytique pr\u00e9dictive et la vision par ordinateur.<\/div>\n\t\t\t\t\t\t\t<\/div>\n\t\t\t\t\t\t\t\t\t\t\t\t\t\t<div class=\"card\">\n\t\t\t\t\t\t\t\t<div class=\"card__title\">Scalabilit\u00e9 et<br> Flexibilit\u00e9 :<\/div>\n\t\t\t\t\t\t\t\t<div class=\"card__subtitle\">Son architecture modulaire et sa compatibilit\u00e9 facilitent la cr\u00e9ation d\u2019applications \u00e9volutives qui s\u2019adaptent aux besoins croissants.<\/div>\n\t\t\t\t\t\t\t<\/div>\n\t\t\t\t\t\t\t\t\t\t\t\t\t\t<div class=\"card\">\n\t\t\t\t\t\t\t\t<div class=\"card__title\">\u00c9cosyst\u00e8me Riche &amp; Communaut\u00e9 Active :<\/div>\n\t\t\t\t\t\t\t\t<div class=\"card__subtitle\">Son large \u00e9cosyst\u00e8me de biblioth\u00e8ques open-source permet de cr\u00e9er des solutions fiables, performantes et \u00e9volutives.<\/div>\n\t\t\t\t\t\t\t<\/div>\n\t\t\t\t\t\t\t\t\t\t\t\t\t\t<div class=\"card\">\n\t\t\t\t\t\t\t\t<div class=\"card__title\">Frameworks<br> Polyvalents :<\/div>\n\t\t\t\t\t\t\t\t<div class=\"card__subtitle\">Des frameworks comme Django et Flask acc\u00e9l\u00e8rent le d\u00e9veloppement backend, l\u2019int\u00e9gration aux bases de donn\u00e9es et la s\u00e9curisation des applications.<\/div>\n\t\t\t\t\t\t\t<\/div>\n\t\t\t\t\t\t\t\t\t\t\t<\/div>\n\t\t\t<\/div>\n\t\t<\/div>\n\n\t<\/div>\n<\/section>\n\n\n\n<section class=\"portfolio-overview\">\n\t<div class=\"container\">\n\t\t<div class=\"row\">\n\t\t\t<div class=\"col-50\">\n\t\t\t\t<h2 class=\"h1\">Aper\u00e7u du portfolio<\/h2>\n\t\t\t<\/div>\n\t\t\t<div class=\"col-50\">\n\t\t\t\t<div class=\"h4\">Notre \u00e9quipe a men\u00e9 \u00e0 bien de nombreux projets <strong>Python<\/strong>, allant <strong>des applications IA aux plateformes de traitement de donn\u00e9es \u00e0 grande \u00e9chelle, en passant par des solutions web<\/strong> s\u00e9curis\u00e9es pour la finance, la sant\u00e9 et l\u2019e-commerce. Quelques exemples :<\/div>\n\t\t\t<\/div>\n\t\t<\/div>\n\t\t<div class=\"portfolio-overview__grid\">\n\t\t\t\t\t\t\t\t<div class=\"card-case\">\n\t\t\t\t\t\t<div class=\"card-case__header\">\n\t\t\t\t\t\t\t<img decoding=\"async\" width=\"740\" height=\"440\" src=\"https:\/\/itsharkz.com\/wp-content\/uploads\/2025\/03\/Medicalib-3.png\" class=\"attachment-large size-large\" alt=\"Medicalib\" loading=\"lazy\" \/>\t\t\t\t\t\t<\/div>\n\t\t\t\t\t\t<div class=\"card-case__content\">\n\t\t\t\t\t\t\t<div class=\"card-case__categories\">\n\t\t\t\t\t\t\t\t<div class=\"card-case__category\">Backend<\/div><div class=\"card-case__category\">Frontend<\/div><div class=\"card-case__category\">SEO<\/div>\t\t\t\t\t\t\t<\/div>\n\t\t\t\t\t\t\t<div class=\"card-case__title\">Medicalib: Transformer l&rsquo;acc\u00e8s aux soins en France<\/div>\n\t\t\t\t\t\t\t<a href=\"https:\/\/itsharkz.com\/fr\/cases\/medicalib\/\" class=\"card-case__link\">D\u00e9couvrez les d\u00e9tails du projet<\/a>\n\t\t\t\t\t\t<\/div>\n\t\t\t\t\t<\/div>\n\t\t\t\t\t\t\t\t\t\t<div class=\"card-case\">\n\t\t\t\t\t\t<div class=\"card-case__header\">\n\t\t\t\t\t\t\t<img decoding=\"async\" width=\"1024\" height=\"617\" src=\"https:\/\/itsharkz.com\/wp-content\/uploads\/2025\/03\/MacBook-Pro-14-1.png\" class=\"attachment-large size-large\" alt=\"Joone\" loading=\"lazy\" \/>\t\t\t\t\t\t<\/div>\n\t\t\t\t\t\t<div class=\"card-case__content\">\n\t\t\t\t\t\t\t<div class=\"card-case__categories\">\n\t\t\t\t\t\t\t\t<div class=\"card-case__category\">AWS<\/div><div class=\"card-case__category\">Backend<\/div><div class=\"card-case__category\">E-Commerce<\/div>\t\t\t\t\t\t\t<\/div>\n\t\t\t\t\t\t\t<div class=\"card-case__title\">Joone : R\u00e9inventer l\u2019exp\u00e9rience client pour les parents<\/div>\n\t\t\t\t\t\t\t<a href=\"https:\/\/itsharkz.com\/fr\/cases\/joone\/\" class=\"card-case__link\">D\u00e9couvrez les d\u00e9tails du projet<\/a>\n\t\t\t\t\t\t<\/div>\n\t\t\t\t\t<\/div>\n\t\t\t\t\t\t\t\t\t\t<div class=\"card-case\">\n\t\t\t\t\t\t<div class=\"card-case__header\">\n\t\t\t\t\t\t\t<img decoding=\"async\" width=\"1024\" height=\"617\" src=\"https:\/\/itsharkz.com\/wp-content\/uploads\/2025\/03\/Fizzup-desk.png\" class=\"attachment-large size-large\" alt=\"Fizzup\" loading=\"lazy\" \/>\t\t\t\t\t\t<\/div>\n\t\t\t\t\t\t<div class=\"card-case__content\">\n\t\t\t\t\t\t\t<div class=\"card-case__categories\">\n\t\t\t\t\t\t\t\t<div class=\"card-case__category\">App<\/div><div class=\"card-case__category\">AWS<\/div><div class=\"card-case__category\">PHP<\/div>\t\t\t\t\t\t\t<\/div>\n\t\t\t\t\t\t\t<div class=\"card-case__title\">FizzUp: Red\u00e9finir les solutions de fitness num\u00e9rique<\/div>\n\t\t\t\t\t\t\t<a href=\"https:\/\/itsharkz.com\/fr\/cases\/fizzup\/\" class=\"card-case__link\">D\u00e9couvrez les d\u00e9tails du projet<\/a>\n\t\t\t\t\t\t<\/div>\n\t\t\t\t\t<\/div>\n\t\t\t\t\t\t\t<\/div>\n\t\t\t<\/div>\n<\/section>\n\n\n\n<section class=\"why-choose\">\n\t<div class=\"container\">\n\t\t<h2 class=\"h1\">Pourquoi choisir ITSharkz ?<\/h2>\n\t\t\t\t<div class=\"grid\">\n\t\t\t\t\t\t\t\t<div class=\"card-icon\">\n\t\t\t\t\t\t<div class=\"card-icon__icon\">\n\t\t\t\t\t\t\t<img loading=\"lazy\" decoding=\"async\" width=\"1\" height=\"1\" src=\"https:\/\/itsharkz.com\/wp-content\/uploads\/2025\/03\/market-analysis.svg\" class=\"attachment-thumbnail size-thumbnail\" alt=\"\" \/>\t\t\t\t\t\t<\/div>\n\t\t\t\t\t\t<div class=\"card-icon__title\">Expertise reconnue en Python &amp; IA<\/div>\n\t\t\t\t\t\t<div class=\"card-icon__subtitle\">Nos experts exploitent Python et des frameworks modernes pour cr\u00e9er des applications intelligentes et ax\u00e9es sur la donn\u00e9e.<\/div>\n\t\t\t\t\t<\/div>\n\t\t\t\t\t\t\t\t\t\t<div class=\"card-icon\">\n\t\t\t\t\t\t<div class=\"card-icon__icon\">\n\t\t\t\t\t\t\t<img loading=\"lazy\" decoding=\"async\" width=\"1\" height=\"1\" src=\"https:\/\/itsharkz.com\/wp-content\/uploads\/2025\/03\/webhook.svg\" class=\"attachment-thumbnail size-thumbnail\" alt=\"\" \/>\t\t\t\t\t\t<\/div>\n\t\t\t\t\t\t<div class=\"card-icon__title\">Approche centr\u00e9e sur le client<\/div>\n\t\t\t\t\t\t<div class=\"card-icon__subtitle\">Nous travaillons main dans la main avec vous pour cr\u00e9er une solution sur mesure, align\u00e9e sur vos objectifs.<\/div>\n\t\t\t\t\t<\/div>\n\t\t\t\t\t\t\t\t\t\t<div class=\"card-icon\">\n\t\t\t\t\t\t<div class=\"card-icon__icon\">\n\t\t\t\t\t\t\t<img loading=\"lazy\" decoding=\"async\" width=\"1\" height=\"1\" src=\"https:\/\/itsharkz.com\/wp-content\/uploads\/2025\/03\/dweb.svg\" class=\"attachment-thumbnail size-thumbnail\" alt=\"\" \/>\t\t\t\t\t\t<\/div>\n\t\t\t\t\t\t<div class=\"card-icon__title\">Solutions efficaces et \u00e9volutives<\/div>\n\t\t\t\t\t\t<div class=\"card-icon__subtitle\">Avec l\u2019\u00e9cosyst\u00e8me riche de Python, nous d\u00e9veloppons plus vite tout en assurant une bonne \u00e9volutivit\u00e9.<\/div>\n\t\t\t\t\t<\/div>\n\t\t\t\t\t\t\t<\/div>\n\t\t\t\t<div class=\"cta\">\n\t\t\t<div class=\"cta__image\">\n\t\t\t\t<img loading=\"lazy\" decoding=\"async\" width=\"300\" height=\"300\" src=\"https:\/\/itsharkz.com\/wp-content\/uploads\/2025\/09\/Photo.png\" class=\"attachment-medium size-medium\" alt=\"\" \/>\t\t\t<\/div>\n\t\t\t<div class=\"cta__title\">Votre projet m\u00e9rite d\u2019\u00eatre discut\u00e9 ? <br \/>\r\nParlez \u00e0 Victor \u2013 notre cofondateur<\/div>\n\t\t\t<a href=\"https:\/\/meetings-eu1.hubspot.com\/victor-carraz\" class=\"button button--solid\" target=\"_blank\">Discutez de votre projet<\/a>\n\t\t<\/div>\n\t\t\t<\/div>\n<\/section>\n\n\n\n<section class=\"collaboration\">\n\t<div class=\"container\">\n\t\t<h2 class=\"h1\">Mod\u00e8les de Collaboration Flexibles<\/h2>\n\t\t<div class=\"grid\">\n\t\t\t\t\t\t\t\t<div class=\"card-info\">\n\t\t\t\t\t\t<div class=\"card-info__title\">D\u00e9veloppement de Produit Externalis\u00e9<\/div>\n\t\t\t\t\t\t<div class=\"card-info__subtitle\">lancement, nous g\u00e9rons l\u2019ensemble du processus de d\u00e9veloppement pour garantir un projet avanc\u00e9 et r\u00e9ussi.<\/div>\n\t\t\t\t\t\t<img loading=\"lazy\" decoding=\"async\" width=\"1\" height=\"1\" src=\"https:\/\/itsharkz.com\/wp-content\/uploads\/2025\/03\/collaboration-img-1.svg\" class=\"attachment-medium_large size-medium_large\" alt=\"\" \/>\t\t\t\t\t<\/div>\n\t\t\t\t\t\t\t\t\t\t<div class=\"card-info\">\n\t\t\t\t\t\t<div class=\"card-info__title\">Renforcement d\u2019\u00c9quipe (Ressources D\u00e9di\u00e9es)<\/div>\n\t\t\t\t\t\t<div class=\"card-info__subtitle\">Besoin de renfort ? Recrutez votre prochain d\u00e9veloppeur qualifi\u00e9 en portage : une int\u00e9gration fluide \u00e0 votre \u00e9quipe et un renforcement imm\u00e9diat de vos capacit\u00e9s.<\/div>\n\t\t\t\t\t\t<img loading=\"lazy\" decoding=\"async\" width=\"1\" height=\"1\" src=\"https:\/\/itsharkz.com\/wp-content\/uploads\/2025\/03\/collaboration-img-2.svg\" class=\"attachment-medium_large size-medium_large\" alt=\"\" \/>\t\t\t\t\t<\/div>\n\t\t\t\t\t\t\t<\/div>\n\t\t<div class=\"cta\">\n\t\t\t<div class=\"cta__title\">Pr\u00eat \u00e0 d\u00e9velopper votre application web ?\u2028Contactez nos experts <strong>Python<\/strong> pour une consultation gratuite.<\/div>\n\t\t\t<a href=\"https:\/\/meetings-eu1.hubspot.com\/victor-carraz\" class=\"cta__link\" target=\"_blank\"><strong>Planifiez une consultation<\/strong> d\u00e8s aujourd\u2019hui pour d\u00e9couvrir comment ITSharkz peut vous aider \u00e0 prosp\u00e9rer.<\/a>\n\t\t<\/div>\n\t<\/div>\n<\/section>\n\n\n\n<section class=\"edge-technologies\">\n\t<div class=\"container\">\n\t\t<h2 class=\"h1\"><strong>Technologies de pointe<\/strong><br> \u00e0 votre service<\/h2>\n\t\t<div class=\"text\">ITSharkz con\u00e7oit des solutions fiables aujourd\u2019hui et adapt\u00e9es aux d\u00e9fis de demain.<\/div>\n\t\t<div class=\"grid grid-3\">\n\t\t\t\t\t\t\t\t<div class=\"card-link\">\n\t\t\t\t\t\t<div class=\"card-link__content\">\n\t\t\t\t\t\t\t<div class=\"card-link__logo\">\n\t\t\t\t\t\t\t\t<img loading=\"lazy\" decoding=\"async\" width=\"238\" height=\"64\" src=\"https:\/\/itsharkz.com\/wp-content\/uploads\/2025\/03\/node-js.png\" class=\"attachment-medium size-medium\" alt=\"\" \/>\t\t\t\t\t\t\t<\/div>\n\t\t\t\t\t\t\t<div class=\"card-link__title\">Node.js<\/div>\n\t\t\t\t\t\t\t<div class=\"card-link__subtitle\">Applications serveur haute performance, con\u00e7ues pour \u00e9voluer avec votre entreprise.<\/div>\n\t\t\t\t\t\t<\/div>\n\t\t\t\t\t\t\t\t\t\t\t\t\t<a href=\"\/fr\/developpement-node-js\/\" class=\"card-link__link\">En savoir plus<\/a>\n\t\t\t\t\t\t\t\t\t\t\t<\/div>\n\t\t\t\t\t\t\t\t\t\t<div class=\"card-link\">\n\t\t\t\t\t\t<div class=\"card-link__content\">\n\t\t\t\t\t\t\t<div class=\"card-link__logo\">\n\t\t\t\t\t\t\t\t<img loading=\"lazy\" decoding=\"async\" width=\"300\" height=\"99\" src=\"https:\/\/itsharkz.com\/wp-content\/uploads\/2025\/02\/React-Symbol-1.png\" class=\"attachment-medium size-medium\" alt=\"\" \/>\t\t\t\t\t\t\t<\/div>\n\t\t\t\t\t\t\t<div class=\"card-link__title\">React<\/div>\n\t\t\t\t\t\t\t<div class=\"card-link__subtitle\">Interfaces utilisateur dynamiques et responsives qui captivent vos utilisateurs.<\/div>\n\t\t\t\t\t\t<\/div>\n\t\t\t\t\t\t\t\t\t\t\t\t\t<a href=\"\/fr\/developpement-react-js\/\" class=\"card-link__link\">En savoir plus<\/a>\n\t\t\t\t\t\t\t\t\t\t\t<\/div>\n\t\t\t\t\t\t\t\t\t\t<div class=\"card-link\">\n\t\t\t\t\t\t<div class=\"card-link__content\">\n\t\t\t\t\t\t\t<div class=\"card-link__logo\">\n\t\t\t\t\t\t\t\t<img loading=\"lazy\" decoding=\"async\" width=\"300\" height=\"300\" src=\"https:\/\/itsharkz.com\/wp-content\/uploads\/2025\/03\/netFramework-2.png\" class=\"attachment-medium size-medium\" alt=\"\" \/>\t\t\t\t\t\t\t<\/div>\n\t\t\t\t\t\t\t<div class=\"card-link__title\">.NET \/ C#<\/div>\n\t\t\t\t\t\t\t<div class=\"card-link__subtitle\">Robustesse de niveau entreprise pour des performances et une fiabilit\u00e9 optimales.<\/div>\n\t\t\t\t\t\t<\/div>\n\t\t\t\t\t\t\t\t\t\t\t\t\t<a href=\"\/fr\/dot-net-c-sharp\/\" class=\"card-link__link\">En savoir plus<\/a>\n\t\t\t\t\t\t\t\t\t\t\t<\/div>\n\t\t\t\t\t\t\t\t\t\t<div class=\"card-link\">\n\t\t\t\t\t\t<div class=\"card-link__content\">\n\t\t\t\t\t\t\t<div class=\"card-link__logo\">\n\t\t\t\t\t\t\t\t<img loading=\"lazy\" decoding=\"async\" width=\"300\" height=\"168\" src=\"https:\/\/itsharkz.com\/wp-content\/uploads\/2025\/03\/Python-Symbol-2.png\" class=\"attachment-medium size-medium\" alt=\"\" \/>\t\t\t\t\t\t\t<\/div>\n\t\t\t\t\t\t\t<div class=\"card-link__title\">Python<\/div>\n\t\t\t\t\t\t\t<div class=\"card-link__subtitle\">Solutions polyvalentes pour le d\u00e9veloppement web et le traitement des donn\u00e9es.<\/div>\n\t\t\t\t\t\t<\/div>\n\t\t\t\t\t\t\t\t\t\t\t\t\t<a href=\"\/fr\/python-developpement\/\" class=\"card-link__link\">En savoir plus<\/a>\n\t\t\t\t\t\t\t\t\t\t\t<\/div>\n\t\t\t\t\t\t\t\t\t\t<div class=\"card-link\">\n\t\t\t\t\t\t<div class=\"card-link__content\">\n\t\t\t\t\t\t\t<div class=\"card-link__logo\">\n\t\t\t\t\t\t\t\t<img loading=\"lazy\" decoding=\"async\" width=\"300\" height=\"157\" src=\"https:\/\/itsharkz.com\/wp-content\/uploads\/2025\/03\/Vector.png\" class=\"attachment-medium size-medium\" alt=\"\" \/>\t\t\t\t\t\t\t<\/div>\n\t\t\t\t\t\t\t<div class=\"card-link__title\">PHP<\/div>\n\t\t\t\t\t\t\t<div class=\"card-link__subtitle\">Applications web fiables et efficaces, pr\u00eates \u00e0 l\u2019emploi.<\/div>\n\t\t\t\t\t\t<\/div>\n\t\t\t\t\t\t\t\t\t\t\t\t\t<a href=\"\/fr\/developpement-php\/\" class=\"card-link__link\">En savoir plus<\/a>\n\t\t\t\t\t\t\t\t\t\t\t<\/div>\n\t\t\t\t\t\t\t\t\t\t<div class=\"card-link\">\n\t\t\t\t\t\t<div class=\"card-link__content\">\n\t\t\t\t\t\t\t<div class=\"card-link__logo\">\n\t\t\t\t\t\t\t\t<img loading=\"lazy\" decoding=\"async\" width=\"300\" height=\"113\" src=\"https:\/\/itsharkz.com\/wp-content\/uploads\/2025\/03\/vuejs-logo-1.png\" class=\"attachment-medium size-medium\" alt=\"\" \/>\t\t\t\t\t\t\t<\/div>\n\t\t\t\t\t\t\t<div class=\"card-link__title\">Vue.js<\/div>\n\t\t\t\t\t\t\t<div class=\"card-link__subtitle\">Cr\u00e9ation d\u2019exp\u00e9riences front-end interactives et immersives.<\/div>\n\t\t\t\t\t\t<\/div>\n\t\t\t\t\t\t\t\t\t\t\t\t\t<a href=\"\/fr\/vue-js-nuxt-developpement\/\" class=\"card-link__link\">En savoir plus<\/a>\n\t\t\t\t\t\t\t\t\t\t\t<\/div>\n\t\t\t\t\t\t\t<\/div>\n\t\t\t<\/div>\n<\/section>\n\n\n\n<section class=\"faq-block\">\n\t<div class=\"container\">\n\t\t<h2 class=\"h1\">Questions Fr\u00e9quemment Pos\u00e9es<\/h2>\n\t\t\t\t\t\t<div class=\"faq-item active\">\n\t\t\t\t\t<div class=\"faq-item__question\">Pourquoi choisir Python pour le d\u00e9veloppement ?<\/div>\n\t\t\t\t\t<div class=\"faq-item__answer\"><p data-start=\"59\" data-end=\"330\">Python est appr\u00e9ci\u00e9 pour sa simplicit\u00e9, sa flexibilit\u00e9 et sa puissance. Il s\u2019impose comme un choix de r\u00e9f\u00e9rence pour la data, l\u2019IA et le backend. Avec des frameworks comme Django et Flask, il facilite le d\u00e9veloppement rapide d\u2019applications s\u00e9curis\u00e9es et \u00e9volutives.<\/p>\n<\/div>\n\t\t\t\t<\/div>\n\t\t\t\t\t\t\t\t<div class=\"faq-item\">\n\t\t\t\t\t<div class=\"faq-item__question\">Quels types de projets sont id\u00e9aux pour Python ?<\/div>\n\t\t\t\t\t<div class=\"faq-item__answer\"><p data-start=\"339\" data-end=\"573\">Parfait pour les apps bas\u00e9es sur la donn\u00e9e, l\u2019IA, le machine learning, les backends web et les API, Python r\u00e9pond aux besoins des secteurs comme la finance, la sant\u00e9 ou l\u2019e-commerce, o\u00f9 s\u00e9curit\u00e9 et \u00e9volutivit\u00e9 sont essentielles.<\/p>\n<\/div>\n\t\t\t\t<\/div>\n\t\t\t\t\t\t\t\t<div class=\"faq-item\">\n\t\t\t\t\t<div class=\"faq-item__question\">Pouvez-vous g\u00e9rer \u00e0 la fois le frontend et le backend ?<\/div>\n\t\t\t\t\t<div class=\"faq-item__answer\"><p data-start=\"60\" data-end=\"219\">Oui ! Nous offrons du d\u00e9veloppement full-stack, avec Python pour le backend et React.js pour le frontend, afin d\u2019assurer une solution fluide et int\u00e9gr\u00e9e.<\/p>\n<\/div>\n\t\t\t\t<\/div>\n\t\t\t\t\t\t\t\t<div class=\"faq-item\">\n\t\t\t\t\t<div class=\"faq-item__question\">Combien de temps faut-il pour d\u00e9velopper une application Python ?<\/div>\n\t\t\t\t\t<div class=\"faq-item__answer\"><p data-start=\"57\" data-end=\"232\">Les d\u00e9lais d\u00e9pendent de la complexit\u00e9 du projet, mais gr\u00e2ce \u00e0 l\u2019agile nous assurons une livraison rapide. Les applications l\u00e9g\u00e8res peuvent \u00eatre pr\u00eates en 3 \u00e0 5 semaines.<\/p>\n<\/div>\n\t\t\t\t<\/div>\n\t\t\t\t\t\t\t\t<div class=\"faq-item\">\n\t\t\t\t\t<div class=\"faq-item__question\">Offrez-vous un support apr\u00e8s le lancement du projet ?<\/div>\n\t\t\t\t\t<div class=\"faq-item__answer\"><p data-start=\"60\" data-end=\"236\">Absolument. Nous assurons le suivi apr\u00e8s lancement avec maintenance, surveillance et mises \u00e0 jour pour garantir la s\u00e9curit\u00e9 et la performance de votre application Python.<\/p>\n<\/div>\n\t\t\t\t<\/div>\n\t\t\t\t\t<\/div>\n<\/section>\n","protected":false},"excerpt":{"rendered":"","protected":false},"author":1,"featured_media":0,"parent":0,"menu_order":0,"comment_status":"closed","ping_status":"closed","template":"","meta":{"_acf_changed":false,"footnotes":""},"class_list":["post-1858","page","type-page","status-publish","hentry"],"acf":[],"yoast_head":"<!-- This site is optimized with the Yoast SEO plugin v26.0 - https:\/\/yoast.com\/wordpress\/plugins\/seo\/ -->\n<title>Python D\u00e9veloppement - ITSharkz<\/title>\n<meta name=\"description\" content=\"Cr\u00e9ez des applications \u00e9volutives et s\u00e9curis\u00e9es avec Python. ITSharkz propose des \u00e9quipes expertes pour d\u00e9velopper back-ends, automatisations, API et solutions de donn\u00e9es pour entreprises.\" \/>\n<meta name=\"robots\" content=\"index, follow, max-snippet:-1, max-image-preview:large, max-video-preview:-1\" \/>\n<link rel=\"canonical\" href=\"https:\/\/itsharkz.com\/fr\/python-developpement\/\" \/>\n<meta property=\"og:locale\" content=\"fr_FR\" \/>\n<meta property=\"og:type\" content=\"article\" \/>\n<meta property=\"og:title\" content=\"Python D\u00e9veloppement - ITSharkz\" \/>\n<meta property=\"og:description\" content=\"Cr\u00e9ez des applications \u00e9volutives et s\u00e9curis\u00e9es avec Python. ITSharkz propose des \u00e9quipes expertes pour d\u00e9velopper back-ends, automatisations, API et solutions de donn\u00e9es pour entreprises.\" \/>\n<meta property=\"og:url\" content=\"https:\/\/itsharkz.com\/fr\/python-developpement\/\" \/>\n<meta property=\"og:site_name\" content=\"ITSharkz\" \/>\n<meta property=\"article:modified_time\" content=\"2025-09-16T10:25:27+00:00\" \/>\n<meta name=\"twitter:card\" content=\"summary_large_image\" \/>\n<script type=\"application\/ld+json\" class=\"yoast-schema-graph\">{\"@context\":\"https:\/\/schema.org\",\"@graph\":[{\"@type\":\"WebPage\",\"@id\":\"https:\/\/itsharkz.com\/fr\/python-developpement\/\",\"url\":\"https:\/\/itsharkz.com\/fr\/python-developpement\/\",\"name\":\"Python D\u00e9veloppement - ITSharkz\",\"isPartOf\":{\"@id\":\"https:\/\/itsharkz.com\/fr\/#website\"},\"datePublished\":\"2025-03-13T06:19:27+00:00\",\"dateModified\":\"2025-09-16T10:25:27+00:00\",\"description\":\"Cr\u00e9ez des applications \u00e9volutives et s\u00e9curis\u00e9es avec Python. ITSharkz propose des \u00e9quipes expertes pour d\u00e9velopper back-ends, automatisations, API et solutions de donn\u00e9es pour entreprises.\",\"breadcrumb\":{\"@id\":\"https:\/\/itsharkz.com\/fr\/python-developpement\/#breadcrumb\"},\"inLanguage\":\"fr-FR\",\"potentialAction\":[{\"@type\":\"ReadAction\",\"target\":[\"https:\/\/itsharkz.com\/fr\/python-developpement\/\"]}]},{\"@type\":\"BreadcrumbList\",\"@id\":\"https:\/\/itsharkz.com\/fr\/python-developpement\/#breadcrumb\",\"itemListElement\":[{\"@type\":\"ListItem\",\"position\":1,\"name\":\"Home\",\"item\":\"https:\/\/itsharkz.com\/fr\/\"},{\"@type\":\"ListItem\",\"position\":2,\"name\":\"Python D\u00e9veloppement\"}]},{\"@type\":\"WebSite\",\"@id\":\"https:\/\/itsharkz.com\/fr\/#website\",\"url\":\"https:\/\/itsharkz.com\/fr\/\",\"name\":\"ITSharkz\",\"description\":\"Powering Scaleups and Enterprises with Elite Polish Tech Teams\",\"potentialAction\":[{\"@type\":\"SearchAction\",\"target\":{\"@type\":\"EntryPoint\",\"urlTemplate\":\"https:\/\/itsharkz.com\/fr\/?s={search_term_string}\"},\"query-input\":{\"@type\":\"PropertyValueSpecification\",\"valueRequired\":true,\"valueName\":\"search_term_string\"}}],\"inLanguage\":\"fr-FR\"}]}<\/script>\n<!-- \/ Yoast SEO plugin. -->","yoast_head_json":{"title":"Python D\u00e9veloppement - ITSharkz","description":"Cr\u00e9ez des applications \u00e9volutives et s\u00e9curis\u00e9es avec Python. ITSharkz propose des \u00e9quipes expertes pour d\u00e9velopper back-ends, automatisations, API et solutions de donn\u00e9es pour entreprises.","robots":{"index":"index","follow":"follow","max-snippet":"max-snippet:-1","max-image-preview":"max-image-preview:large","max-video-preview":"max-video-preview:-1"},"canonical":"https:\/\/itsharkz.com\/fr\/python-developpement\/","og_locale":"fr_FR","og_type":"article","og_title":"Python D\u00e9veloppement - ITSharkz","og_description":"Cr\u00e9ez des applications \u00e9volutives et s\u00e9curis\u00e9es avec Python. ITSharkz propose des \u00e9quipes expertes pour d\u00e9velopper back-ends, automatisations, API et solutions de donn\u00e9es pour entreprises.","og_url":"https:\/\/itsharkz.com\/fr\/python-developpement\/","og_site_name":"ITSharkz","article_modified_time":"2025-09-16T10:25:27+00:00","twitter_card":"summary_large_image","schema":{"@context":"https:\/\/schema.org","@graph":[{"@type":"WebPage","@id":"https:\/\/itsharkz.com\/fr\/python-developpement\/","url":"https:\/\/itsharkz.com\/fr\/python-developpement\/","name":"Python D\u00e9veloppement - ITSharkz","isPartOf":{"@id":"https:\/\/itsharkz.com\/fr\/#website"},"datePublished":"2025-03-13T06:19:27+00:00","dateModified":"2025-09-16T10:25:27+00:00","description":"Cr\u00e9ez des applications \u00e9volutives et s\u00e9curis\u00e9es avec Python. ITSharkz propose des \u00e9quipes expertes pour d\u00e9velopper back-ends, automatisations, API et solutions de donn\u00e9es pour entreprises.","breadcrumb":{"@id":"https:\/\/itsharkz.com\/fr\/python-developpement\/#breadcrumb"},"inLanguage":"fr-FR","potentialAction":[{"@type":"ReadAction","target":["https:\/\/itsharkz.com\/fr\/python-developpement\/"]}]},{"@type":"BreadcrumbList","@id":"https:\/\/itsharkz.com\/fr\/python-developpement\/#breadcrumb","itemListElement":[{"@type":"ListItem","position":1,"name":"Home","item":"https:\/\/itsharkz.com\/fr\/"},{"@type":"ListItem","position":2,"name":"Python D\u00e9veloppement"}]},{"@type":"WebSite","@id":"https:\/\/itsharkz.com\/fr\/#website","url":"https:\/\/itsharkz.com\/fr\/","name":"ITSharkz","description":"Powering Scaleups and Enterprises with Elite Polish Tech Teams","potentialAction":[{"@type":"SearchAction","target":{"@type":"EntryPoint","urlTemplate":"https:\/\/itsharkz.com\/fr\/?s={search_term_string}"},"query-input":{"@type":"PropertyValueSpecification","valueRequired":true,"valueName":"search_term_string"}}],"inLanguage":"fr-FR"}]}},"_links":{"self":[{"href":"https:\/\/itsharkz.com\/fr\/wp-json\/wp\/v2\/pages\/1858","targetHints":{"allow":["GET"]}}],"collection":[{"href":"https:\/\/itsharkz.com\/fr\/wp-json\/wp\/v2\/pages"}],"about":[{"href":"https:\/\/itsharkz.com\/fr\/wp-json\/wp\/v2\/types\/page"}],"author":[{"embeddable":true,"href":"https:\/\/itsharkz.com\/fr\/wp-json\/wp\/v2\/users\/1"}],"replies":[{"embeddable":true,"href":"https:\/\/itsharkz.com\/fr\/wp-json\/wp\/v2\/comments?post=1858"}],"version-history":[{"count":13,"href":"https:\/\/itsharkz.com\/fr\/wp-json\/wp\/v2\/pages\/1858\/revisions"}],"predecessor-version":[{"id":2921,"href":"https:\/\/itsharkz.com\/fr\/wp-json\/wp\/v2\/pages\/1858\/revisions\/2921"}],"wp:attachment":[{"href":"https:\/\/itsharkz.com\/fr\/wp-json\/wp\/v2\/media?parent=1858"}],"curies":[{"name":"wp","href":"https:\/\/api.w.org\/{rel}","templated":true}]}}