{"id":1943,"date":"2025-03-21T08:32:44","date_gmt":"2025-03-21T06:32:44","guid":{"rendered":"https:\/\/wp2025.itsharkz.com\/?page_id=1943"},"modified":"2025-09-16T12:39:07","modified_gmt":"2025-09-16T10:39:07","slug":"react-native-developpement","status":"publish","type":"page","link":"https:\/\/itsharkz.com\/fr\/react-native-developpement\/","title":{"rendered":"React Native D\u00e9veloppement"},"content":{"rendered":"\n<section class=\"hero-light\">\n\t<div class=\"container\">\n\t\t<div class=\"grid\">\n\n\t\t\t<div class=\"grid__item\">\n\t\t\t\t<h1>Expertise \u00e0 la demande en <strong> D\u00e9veloppement React Native<\/strong><\/h1>\n\t\t\t\t<div class=\"subtitle\">D\u00e9veloppement d\u2019applications mobiles cross-platform<\/div>\n\t\t\t\t<div class=\"hero__btns\">\n\t\t\t\t\t<a href=\"https:\/\/meetings-eu1.hubspot.com\/victor-carraz\" class=\"button button--solid\" target=\"_blank\" rel=\"nofollow\">Lancez votre projet<\/a>\n\t\t\t\t\t<img decoding=\"async\" src=\"https:\/\/itsharkz.com\/wp-content\/themes\/itsharkz\/assets\/images\/clutch-review.png\" class=\"hero__clutch\" alt=\"Clutch review\" \/>\n\t\t\t\t\t<img decoding=\"async\" src=\"https:\/\/itsharkz.com\/wp-content\/themes\/itsharkz\/assets\/images\/google-review.png\" class=\"hero__google\" alt=\"Google review\" \/>\n\t\t\t\t<\/div>\n\t\t\t<\/div>\n\n\t\t\t<div class=\"grid__item\">\n\t\t\t\t<img loading=\"lazy\" decoding=\"async\" width=\"1024\" height=\"980\" src=\"https:\/\/itsharkz.com\/wp-content\/uploads\/2025\/03\/react-native-cube.png\" class=\"hero-light__image\" alt=\"\" \/>\t\t\t\t<div class=\"tooltip\">D\u00e9veloppeurs Mobile<\/div>\n\t\t\t\t\t\t\t\t\t\t\t<\/div>\n\n\t\t<\/div>\n\t<\/div>\n<\/section>\n\n\n\n<section class=\"about\">\n\t<div class=\"container\">\n\n\t\t<div class=\"row\">\n\t\t\t<div class=\"col-50\">\n\t\t\t\t<h2 class=\"h1\">\u00c0 propos<\/h2>\n\t\t\t\t<div class=\"h4\">React Native est l\u2019un des frameworks les plus performants pour concevoir des applications mobiles rapides, fiables  sur\u00a0iOS et Android.<\/div>\n\t\t\t\t<div class=\"text\">Chez ITSharkz, nous d\u00e9veloppons des applications mobiles cross-platform efficaces et proches du natif, pour offrir une exp\u00e9rience fluide et accompagner la croissance de votre entreprise.<\/div>\n\t\t\t<\/div>\n\t\t\t<div class=\"col-50\">\n\t\t\t\t<div class=\"grid\">\n\t\t\t\t\t\t\t\t\t\t\t\t<div class=\"card\">\n\t\t\t\t\t\t\t\t<div class=\"card__title\">Efficacit\u00e9 Cross-Platform :<\/div>\n\t\t\t\t\t\t\t\t<div class=\"card__subtitle\">Un code unique pour iOS et Android, qui r\u00e9duit d\u00e9lais et co\u00fbts sans sacrifier l\u2019exp\u00e9rience.<\/div>\n\t\t\t\t\t\t\t<\/div>\n\t\t\t\t\t\t\t\t\t\t\t\t\t\t<div class=\"card\">\n\t\t\t\t\t\t\t\t<div class=\"card__title\">\u00c9cosyst\u00e8me Riche :<\/div>\n\t\t\t\t\t\t\t\t<div class=\"card__subtitle\">Des plugins et composants pr\u00eats \u00e0 l\u2019emploi facilitent le d\u00e9veloppement et l\u2019int\u00e9gration de nouvelles fonctions.<\/div>\n\t\t\t\t\t\t\t<\/div>\n\t\t\t\t\t\t\t\t\t\t\t\t\t\t<div class=\"card\">\n\t\t\t\t\t\t\t\t<div class=\"card__title\">Performance Native :<\/div>\n\t\t\t\t\t\t\t\t<div class=\"card__subtitle\">L\u2019usage de composants natifs assure une exp\u00e9rience fluide, comparable au d\u00e9veloppement natif.<\/div>\n\t\t\t\t\t\t\t<\/div>\n\t\t\t\t\t\t\t\t\t\t\t\t\t\t<div class=\"card\">\n\t\t\t\t\t\t\t\t<div class=\"card__title\">UI\/UX Immersif :<\/div>\n\t\t\t\t\t\t\t\t<div class=\"card__subtitle\">React Native permet de cr\u00e9er des interfaces claires et agr\u00e9ables, qui encouragent les utilisateurs \u00e0 rester.<\/div>\n\t\t\t\t\t\t\t<\/div>\n\t\t\t\t\t\t\t\t\t\t\t\t\t\t<div class=\"card\">\n\t\t\t\t\t\t\t\t<div class=\"card__title\">D\u00e9ploiement<br> Acc\u00e9l\u00e9r\u00e9 :<\/div>\n\t\t\t\t\t\t\t\t<div class=\"card__subtitle\">Les composants r\u00e9utilisables r\u00e9duisent le temps de d\u00e9veloppement et acc\u00e9l\u00e8rent le lancement de votre application.<\/div>\n\t\t\t\t\t\t\t<\/div>\n\t\t\t\t\t\t\t\t\t\t\t<\/div>\n\t\t\t<\/div>\n\t\t<\/div>\n\n\t<\/div>\n<\/section>\n\n\n\n<section class=\"portfolio-overview\">\n\t<div class=\"container\">\n\t\t<div class=\"row\">\n\t\t\t<div class=\"col-50\">\n\t\t\t\t<h2 class=\"h1\">Aper\u00e7u du portfolio<\/h2>\n\t\t\t<\/div>\n\t\t\t<div class=\"col-50\">\n\t\t\t\t<div class=\"h4\">Nous avons con\u00e7u des applications React Native pour divers domaines. Voici quelques r\u00e9alisations :<\/div>\n\t\t\t<\/div>\n\t\t<\/div>\n\t\t<div class=\"portfolio-overview__grid\">\n\t\t\t\t\t\t\t\t<div class=\"card-case\">\n\t\t\t\t\t\t<div class=\"card-case__header\">\n\t\t\t\t\t\t\t<img decoding=\"async\" width=\"740\" height=\"440\" src=\"https:\/\/itsharkz.com\/wp-content\/uploads\/2025\/03\/Medicalib-3.png\" class=\"attachment-large size-large\" alt=\"Medicalib\" loading=\"lazy\" \/>\t\t\t\t\t\t<\/div>\n\t\t\t\t\t\t<div class=\"card-case__content\">\n\t\t\t\t\t\t\t<div class=\"card-case__categories\">\n\t\t\t\t\t\t\t\t<div class=\"card-case__category\">Backend<\/div><div class=\"card-case__category\">Frontend<\/div><div class=\"card-case__category\">SEO<\/div>\t\t\t\t\t\t\t<\/div>\n\t\t\t\t\t\t\t<div class=\"card-case__title\">Medicalib: Transformer l&rsquo;acc\u00e8s aux soins en France<\/div>\n\t\t\t\t\t\t\t<a href=\"https:\/\/itsharkz.com\/fr\/cases\/medicalib\/\" class=\"card-case__link\">D\u00e9couvrez les d\u00e9tails du projet<\/a>\n\t\t\t\t\t\t<\/div>\n\t\t\t\t\t<\/div>\n\t\t\t\t\t\t\t\t\t\t<div class=\"card-case\">\n\t\t\t\t\t\t<div class=\"card-case__header\">\n\t\t\t\t\t\t\t<img decoding=\"async\" width=\"1024\" height=\"617\" src=\"https:\/\/itsharkz.com\/wp-content\/uploads\/2025\/03\/MacBook-Pro-14-1.png\" class=\"attachment-large size-large\" alt=\"Joone\" loading=\"lazy\" \/>\t\t\t\t\t\t<\/div>\n\t\t\t\t\t\t<div class=\"card-case__content\">\n\t\t\t\t\t\t\t<div class=\"card-case__categories\">\n\t\t\t\t\t\t\t\t<div class=\"card-case__category\">AWS<\/div><div class=\"card-case__category\">Backend<\/div><div class=\"card-case__category\">E-Commerce<\/div>\t\t\t\t\t\t\t<\/div>\n\t\t\t\t\t\t\t<div class=\"card-case__title\">Joone : R\u00e9inventer l\u2019exp\u00e9rience client pour les parents<\/div>\n\t\t\t\t\t\t\t<a href=\"https:\/\/itsharkz.com\/fr\/cases\/joone\/\" class=\"card-case__link\">D\u00e9couvrez les d\u00e9tails du projet<\/a>\n\t\t\t\t\t\t<\/div>\n\t\t\t\t\t<\/div>\n\t\t\t\t\t\t\t\t\t\t<div class=\"card-case\">\n\t\t\t\t\t\t<div class=\"card-case__header\">\n\t\t\t\t\t\t\t<img decoding=\"async\" width=\"1024\" height=\"617\" src=\"https:\/\/itsharkz.com\/wp-content\/uploads\/2025\/03\/Fizzup-desk.png\" class=\"attachment-large size-large\" alt=\"Fizzup\" loading=\"lazy\" \/>\t\t\t\t\t\t<\/div>\n\t\t\t\t\t\t<div class=\"card-case__content\">\n\t\t\t\t\t\t\t<div class=\"card-case__categories\">\n\t\t\t\t\t\t\t\t<div class=\"card-case__category\">App<\/div><div class=\"card-case__category\">AWS<\/div><div class=\"card-case__category\">PHP<\/div>\t\t\t\t\t\t\t<\/div>\n\t\t\t\t\t\t\t<div class=\"card-case__title\">FizzUp: Red\u00e9finir les solutions de fitness num\u00e9rique<\/div>\n\t\t\t\t\t\t\t<a href=\"https:\/\/itsharkz.com\/fr\/cases\/fizzup\/\" class=\"card-case__link\">D\u00e9couvrez les d\u00e9tails du projet<\/a>\n\t\t\t\t\t\t<\/div>\n\t\t\t\t\t<\/div>\n\t\t\t\t\t\t\t<\/div>\n\t\t\t<\/div>\n<\/section>\n\n\n\n<section class=\"why-choose\">\n\t<div class=\"container\">\n\t\t<h2 class=\"h1\">Pourquoi choisir ITSharkz ?<\/h2>\n\t\t\t\t<div class=\"grid\">\n\t\t\t\t\t\t\t\t<div class=\"card-icon\">\n\t\t\t\t\t\t<div class=\"card-icon__icon\">\n\t\t\t\t\t\t\t<img loading=\"lazy\" decoding=\"async\" width=\"1\" height=\"1\" src=\"https:\/\/itsharkz.com\/wp-content\/uploads\/2025\/03\/market-analysis.svg\" class=\"attachment-thumbnail size-thumbnail\" alt=\"\" \/>\t\t\t\t\t\t<\/div>\n\t\t\t\t\t\t<div class=\"card-icon__title\">Expertise en React Native<\/div>\n\t\t\t\t\t\t<div class=\"card-icon__subtitle\">Des applications rapides et efficaces, d\u00e9velopp\u00e9es par nos sp\u00e9cialistes React Native.<\/div>\n\t\t\t\t\t<\/div>\n\t\t\t\t\t\t\t\t\t\t<div class=\"card-icon\">\n\t\t\t\t\t\t<div class=\"card-icon__icon\">\n\t\t\t\t\t\t\t<img loading=\"lazy\" decoding=\"async\" width=\"1\" height=\"1\" src=\"https:\/\/itsharkz.com\/wp-content\/uploads\/2025\/03\/webhook.svg\" class=\"attachment-thumbnail size-thumbnail\" alt=\"\" \/>\t\t\t\t\t\t<\/div>\n\t\t\t\t\t\t<div class=\"card-icon__title\">Approche Ax\u00e9e Client<\/div>\n\t\t\t\t\t\t<div class=\"card-icon__subtitle\">Nous travaillons en \u00e9troite collaboration avec vous pour garantir que le produit final correspond \u00e0 votre vision et aux attentes de vos utilisateurs.<\/div>\n\t\t\t\t\t<\/div>\n\t\t\t\t\t\t\t\t\t\t<div class=\"card-icon\">\n\t\t\t\t\t\t<div class=\"card-icon__icon\">\n\t\t\t\t\t\t\t<img loading=\"lazy\" decoding=\"async\" width=\"1\" height=\"1\" src=\"https:\/\/itsharkz.com\/wp-content\/uploads\/2025\/03\/dweb.svg\" class=\"attachment-thumbnail size-thumbnail\" alt=\"\" \/>\t\t\t\t\t\t<\/div>\n\t\t\t\t\t\t<div class=\"card-icon__title\">D\u00e9veloppement Efficace &amp; R\u00e9duction des Co\u00fbts<\/div>\n\t\t\t\t\t\t<div class=\"card-icon__subtitle\">Optimisez vos d\u00e9penses de d\u00e9veloppement et am\u00e9liorez votre retour sur investissement.<\/div>\n\t\t\t\t\t<\/div>\n\t\t\t\t\t\t\t<\/div>\n\t\t\t\t<div class=\"cta\">\n\t\t\t<div class=\"cta__image\">\n\t\t\t\t<img loading=\"lazy\" decoding=\"async\" width=\"300\" height=\"300\" src=\"https:\/\/itsharkz.com\/wp-content\/uploads\/2025\/09\/Photo.png\" class=\"attachment-medium size-medium\" alt=\"\" \/>\t\t\t<\/div>\n\t\t\t<div class=\"cta__title\">Votre projet m\u00e9rite d\u2019\u00eatre discut\u00e9 ? <br \/>\r\nParlez \u00e0 Kacper \u2013 notre cofondateur<\/div>\n\t\t\t<a href=\"https:\/\/meetings-eu1.hubspot.com\/victor-carraz\" class=\"button button--solid\" target=\"_blank\">Discutez de votre projet<\/a>\n\t\t<\/div>\n\t\t\t<\/div>\n<\/section>\n\n\n\n<section class=\"collaboration\">\n\t<div class=\"container\">\n\t\t<h2 class=\"h1\">Mod\u00e8les de Collaboration Flexibles<\/h2>\n\t\t<div class=\"grid\">\n\t\t\t\t\t\t\t\t<div class=\"card-info\">\n\t\t\t\t\t\t<div class=\"card-info__title\">D\u00e9veloppement de Produit Externalis\u00e9<\/div>\n\t\t\t\t\t\t<div class=\"card-info__subtitle\">De la conception au lancement, nous g\u00e9rons l\u2019ensemble du processus de d\u00e9veloppement pour garantir un projet avanc\u00e9 et r\u00e9ussi.<\/div>\n\t\t\t\t\t\t<img loading=\"lazy\" decoding=\"async\" width=\"1\" height=\"1\" src=\"https:\/\/itsharkz.com\/wp-content\/uploads\/2025\/03\/collaboration-img-1.svg\" class=\"attachment-medium_large size-medium_large\" alt=\"\" \/>\t\t\t\t\t<\/div>\n\t\t\t\t\t\t\t\t\t\t<div class=\"card-info\">\n\t\t\t\t\t\t<div class=\"card-info__title\">Renforcement d\u2019\u00c9quipe (Ressources D\u00e9di\u00e9es)<\/div>\n\t\t\t\t\t\t<div class=\"card-info__subtitle\">De la conception au lancement, nous g\u00e9rons l\u2019ensemble du processus de d\u00e9veloppement pour garantir un projet avanc\u00e9 et r\u00e9ussi.<\/div>\n\t\t\t\t\t\t<img loading=\"lazy\" decoding=\"async\" width=\"1\" height=\"1\" src=\"https:\/\/itsharkz.com\/wp-content\/uploads\/2025\/03\/collaboration-img-2.svg\" class=\"attachment-medium_large size-medium_large\" alt=\"\" \/>\t\t\t\t\t<\/div>\n\t\t\t\t\t\t\t<\/div>\n\t\t<div class=\"cta\">\n\t\t\t<div class=\"cta__title\">Pr\u00eat \u00e0 d\u00e9velopper votre application web ?\u2028Contactez nos experts <strong>React Native<\/strong> pour une consultation gratuite.<\/div>\n\t\t\t<a href=\"https:\/\/meetings-eu1.hubspot.com\/victor-carraz\" class=\"cta__link\" target=\"_blank\"><strong>Planifiez une consultation<\/strong> d\u00e8s aujourd\u2019hui pour d\u00e9couvrir comment ITSharkz peut vous aider.<\/a>\n\t\t<\/div>\n\t<\/div>\n<\/section>\n\n\n\n<section class=\"edge-technologies\">\n\t<div class=\"container\">\n\t\t<h2 class=\"h1\"><strong>Technologies de pointe<\/strong><br> \u00e0 votre service<\/h2>\n\t\t<div class=\"text\">Avec les technologies les plus r\u00e9centes, nous cr\u00e9ons des solutions durables et performantes.<\/div>\n\t\t<div class=\"grid grid-3\">\n\t\t\t\t\t\t\t\t<div class=\"card-link\">\n\t\t\t\t\t\t<div class=\"card-link__content\">\n\t\t\t\t\t\t\t<div class=\"card-link__logo\">\n\t\t\t\t\t\t\t\t<img loading=\"lazy\" decoding=\"async\" width=\"238\" height=\"64\" src=\"https:\/\/itsharkz.com\/wp-content\/uploads\/2025\/03\/node-js.png\" class=\"attachment-medium size-medium\" alt=\"\" \/>\t\t\t\t\t\t\t<\/div>\n\t\t\t\t\t\t\t<div class=\"card-link__title\">Node.js<\/div>\n\t\t\t\t\t\t\t<div class=\"card-link__subtitle\">Applications serveur haute performance, con\u00e7ues pour \u00e9voluer avec votre entreprise.<\/div>\n\t\t\t\t\t\t<\/div>\n\t\t\t\t\t\t\t\t\t\t\t\t\t<a href=\"\/fr\/developpement-node-js\/\" class=\"card-link__link\">En savoir plus<\/a>\n\t\t\t\t\t\t\t\t\t\t\t<\/div>\n\t\t\t\t\t\t\t\t\t\t<div class=\"card-link\">\n\t\t\t\t\t\t<div class=\"card-link__content\">\n\t\t\t\t\t\t\t<div class=\"card-link__logo\">\n\t\t\t\t\t\t\t\t<img loading=\"lazy\" decoding=\"async\" width=\"300\" height=\"99\" src=\"https:\/\/itsharkz.com\/wp-content\/uploads\/2025\/02\/React-Symbol-1.png\" class=\"attachment-medium size-medium\" alt=\"\" \/>\t\t\t\t\t\t\t<\/div>\n\t\t\t\t\t\t\t<div class=\"card-link__title\">React<\/div>\n\t\t\t\t\t\t\t<div class=\"card-link__subtitle\">Interfaces utilisateur dynamiques et responsives qui captivent vos utilisateurs.<\/div>\n\t\t\t\t\t\t<\/div>\n\t\t\t\t\t\t\t\t\t\t\t\t\t<a href=\"\/fr\/developpement-react-js\/\" class=\"card-link__link\">En savoir plus<\/a>\n\t\t\t\t\t\t\t\t\t\t\t<\/div>\n\t\t\t\t\t\t\t\t\t\t<div class=\"card-link\">\n\t\t\t\t\t\t<div class=\"card-link__content\">\n\t\t\t\t\t\t\t<div class=\"card-link__logo\">\n\t\t\t\t\t\t\t\t<img loading=\"lazy\" decoding=\"async\" width=\"300\" height=\"300\" src=\"https:\/\/itsharkz.com\/wp-content\/uploads\/2025\/03\/netFramework-2.png\" class=\"attachment-medium size-medium\" alt=\"\" \/>\t\t\t\t\t\t\t<\/div>\n\t\t\t\t\t\t\t<div class=\"card-link__title\">.NET \/ C#<\/div>\n\t\t\t\t\t\t\t<div class=\"card-link__subtitle\">Robustesse de niveau entreprise pour des performances et une fiabilit\u00e9 optimales.<\/div>\n\t\t\t\t\t\t<\/div>\n\t\t\t\t\t\t\t\t\t\t\t\t\t<a href=\"\/fr\/dot-net-c-sharp\/\" class=\"card-link__link\">En savoir plus<\/a>\n\t\t\t\t\t\t\t\t\t\t\t<\/div>\n\t\t\t\t\t\t\t\t\t\t<div class=\"card-link\">\n\t\t\t\t\t\t<div class=\"card-link__content\">\n\t\t\t\t\t\t\t<div class=\"card-link__logo\">\n\t\t\t\t\t\t\t\t<img loading=\"lazy\" decoding=\"async\" width=\"300\" height=\"168\" src=\"https:\/\/itsharkz.com\/wp-content\/uploads\/2025\/03\/Python-Symbol-2.png\" class=\"attachment-medium size-medium\" alt=\"\" \/>\t\t\t\t\t\t\t<\/div>\n\t\t\t\t\t\t\t<div class=\"card-link__title\">Python<\/div>\n\t\t\t\t\t\t\t<div class=\"card-link__subtitle\">Solutions polyvalentes pour le d\u00e9veloppement web et le traitement des donn\u00e9es.<\/div>\n\t\t\t\t\t\t<\/div>\n\t\t\t\t\t\t\t\t\t\t\t\t\t<a href=\"\/fr\/python-developpement\/\" class=\"card-link__link\">En savoir plus<\/a>\n\t\t\t\t\t\t\t\t\t\t\t<\/div>\n\t\t\t\t\t\t\t\t\t\t<div class=\"card-link\">\n\t\t\t\t\t\t<div class=\"card-link__content\">\n\t\t\t\t\t\t\t<div class=\"card-link__logo\">\n\t\t\t\t\t\t\t\t<img loading=\"lazy\" decoding=\"async\" width=\"300\" height=\"157\" src=\"https:\/\/itsharkz.com\/wp-content\/uploads\/2025\/03\/Vector.png\" class=\"attachment-medium size-medium\" alt=\"\" \/>\t\t\t\t\t\t\t<\/div>\n\t\t\t\t\t\t\t<div class=\"card-link__title\">PHP<\/div>\n\t\t\t\t\t\t\t<div class=\"card-link__subtitle\">Applications web fiables et efficaces, pr\u00eates \u00e0 l\u2019emploi.<\/div>\n\t\t\t\t\t\t<\/div>\n\t\t\t\t\t\t\t\t\t\t\t\t\t<a href=\"\/fr\/developpement-php\/\" class=\"card-link__link\">En savoir plus<\/a>\n\t\t\t\t\t\t\t\t\t\t\t<\/div>\n\t\t\t\t\t\t\t\t\t\t<div class=\"card-link\">\n\t\t\t\t\t\t<div class=\"card-link__content\">\n\t\t\t\t\t\t\t<div class=\"card-link__logo\">\n\t\t\t\t\t\t\t\t<img loading=\"lazy\" decoding=\"async\" width=\"300\" height=\"113\" src=\"https:\/\/itsharkz.com\/wp-content\/uploads\/2025\/03\/vuejs-logo-1.png\" class=\"attachment-medium size-medium\" alt=\"\" \/>\t\t\t\t\t\t\t<\/div>\n\t\t\t\t\t\t\t<div class=\"card-link__title\">Vue.js<\/div>\n\t\t\t\t\t\t\t<div class=\"card-link__subtitle\">Cr\u00e9ation d\u2019exp\u00e9riences front-end interactives et immersives.<\/div>\n\t\t\t\t\t\t<\/div>\n\t\t\t\t\t\t\t\t\t\t\t\t\t<a href=\"\/fr\/vue-js-nuxt-developpement\/\" class=\"card-link__link\">En savoir plus<\/a>\n\t\t\t\t\t\t\t\t\t\t\t<\/div>\n\t\t\t\t\t\t\t<\/div>\n\t\t\t<\/div>\n<\/section>\n\n\n\n<section class=\"faq-block\">\n\t<div class=\"container\">\n\t\t<h2 class=\"h1\">Questions Fr\u00e9quemment Pos\u00e9es<\/h2>\n\t\t\t\t\t\t<div class=\"faq-item active\">\n\t\t\t\t\t<div class=\"faq-item__question\">Pourquoi choisir React Native pour le d\u00e9veloppement mobile ?<\/div>\n\t\t\t\t\t<div class=\"faq-item__answer\"><p data-start=\"340\" data-end=\"462\">React Native permet de cr\u00e9er des applications fluides sur iOS et Android, tout en \u00e9vitant la duplication du travail.<\/p>\n<\/div>\n\t\t\t\t<\/div>\n\t\t\t\t\t\t\t\t<div class=\"faq-item\">\n\t\t\t\t\t<div class=\"faq-item__question\">Quels types de projets sont id\u00e9aux pour React Native ?<\/div>\n\t\t\t\t\t<div class=\"faq-item__answer\"><p data-start=\"54\" data-end=\"305\">React Native est parfait pour les applications mobiles multiplateformes comme les r\u00e9seaux sociaux, l\u2019e-commerce ou les outils interactifs. Sa flexibilit\u00e9 et ses performances en font un bon choix pour des apps dynamiques et orient\u00e9es utilisateur.<\/p>\n<\/div>\n\t\t\t\t<\/div>\n\t\t\t\t\t\t\t\t<div class=\"faq-item\">\n\t\t\t\t\t<div class=\"faq-item__question\">Pouvez-vous g\u00e9rer \u00e0 la fois le frontend et le backend ?<\/div>\n\t\t\t\t\t<div class=\"faq-item__answer\"><p data-start=\"53\" data-end=\"222\">Oui ! Nous faisons du d\u00e9veloppement full-stack : React Native pour le frontend et des backends solides en Node.js, Python, .NET ou PHP pour une int\u00e9gration compl\u00e8te.<\/p>\n<p data-start=\"224\" data-end=\"324\" data-is-last-node=\"\" data-is-only-node=\"\">\n<\/div>\n\t\t\t\t<\/div>\n\t\t\t\t\t\t\t\t<div class=\"faq-item\">\n\t\t\t\t\t<div class=\"faq-item__question\">Combien de temps faut-il pour d\u00e9velopper une application React Native ?<\/div>\n\t\t\t\t\t<div class=\"faq-item__answer\"><p data-start=\"224\" data-end=\"342\">Selon la complexit\u00e9, les d\u00e9lais varient. Gr\u00e2ce \u00e0 l\u2019agile, une app simple peut \u00eatre d\u00e9velopp\u00e9e en 3 \u00e0 5 semaines.<\/p>\n<\/div>\n\t\t\t\t<\/div>\n\t\t\t\t\t\t\t\t<div class=\"faq-item\">\n\t\t\t\t\t<div class=\"faq-item__question\">Offrez-vous un support apr\u00e8s le lancement de l\u2019application ?<\/div>\n\t\t\t\t\t<div class=\"faq-item__answer\"><p data-start=\"378\" data-end=\"530\">Bien s\u00fbr. Nous prenons en charge la maintenance, la surveillance et les mises \u00e0 jour pour que vos applications restent performantes dans le temps.<\/p>\n<\/div>\n\t\t\t\t<\/div>\n\t\t\t\t\t<\/div>\n<\/section>\n","protected":false},"excerpt":{"rendered":"","protected":false},"author":1,"featured_media":0,"parent":0,"menu_order":0,"comment_status":"closed","ping_status":"closed","template":"","meta":{"_acf_changed":false,"footnotes":""},"class_list":["post-1943","page","type-page","status-publish","hentry"],"acf":[],"yoast_head":"<!-- This site is optimized with the Yoast SEO plugin v26.0 - https:\/\/yoast.com\/wordpress\/plugins\/seo\/ -->\n<title>React Native D\u00e9veloppement - ITSharkz<\/title>\n<meta name=\"description\" content=\"Cr\u00e9ez des applications mobiles multiplateformes de haute qualit\u00e9 avec React Native. ITSharkz fournit des \u00e9quipes expertes pour des exp\u00e9riences utilisateur fluides pour scale-ups et entreprises.\" \/>\n<meta name=\"robots\" content=\"index, follow, max-snippet:-1, max-image-preview:large, max-video-preview:-1\" \/>\n<link rel=\"canonical\" href=\"https:\/\/itsharkz.com\/fr\/react-native-developpement\/\" \/>\n<meta property=\"og:locale\" content=\"fr_FR\" \/>\n<meta property=\"og:type\" content=\"article\" \/>\n<meta property=\"og:title\" content=\"React Native D\u00e9veloppement - ITSharkz\" \/>\n<meta property=\"og:description\" content=\"Cr\u00e9ez des applications mobiles multiplateformes de haute qualit\u00e9 avec React Native. ITSharkz fournit des \u00e9quipes expertes pour des exp\u00e9riences utilisateur fluides pour scale-ups et entreprises.\" \/>\n<meta property=\"og:url\" content=\"https:\/\/itsharkz.com\/fr\/react-native-developpement\/\" \/>\n<meta property=\"og:site_name\" content=\"ITSharkz\" \/>\n<meta property=\"article:modified_time\" content=\"2025-09-16T10:39:07+00:00\" \/>\n<meta name=\"twitter:card\" content=\"summary_large_image\" \/>\n<script type=\"application\/ld+json\" class=\"yoast-schema-graph\">{\"@context\":\"https:\/\/schema.org\",\"@graph\":[{\"@type\":\"WebPage\",\"@id\":\"https:\/\/itsharkz.com\/fr\/react-native-developpement\/\",\"url\":\"https:\/\/itsharkz.com\/fr\/react-native-developpement\/\",\"name\":\"React Native D\u00e9veloppement - ITSharkz\",\"isPartOf\":{\"@id\":\"https:\/\/itsharkz.com\/fr\/#website\"},\"datePublished\":\"2025-03-21T06:32:44+00:00\",\"dateModified\":\"2025-09-16T10:39:07+00:00\",\"description\":\"Cr\u00e9ez des applications mobiles multiplateformes de haute qualit\u00e9 avec React Native. ITSharkz fournit des \u00e9quipes expertes pour des exp\u00e9riences utilisateur fluides pour scale-ups et entreprises.\",\"breadcrumb\":{\"@id\":\"https:\/\/itsharkz.com\/fr\/react-native-developpement\/#breadcrumb\"},\"inLanguage\":\"fr-FR\",\"potentialAction\":[{\"@type\":\"ReadAction\",\"target\":[\"https:\/\/itsharkz.com\/fr\/react-native-developpement\/\"]}]},{\"@type\":\"BreadcrumbList\",\"@id\":\"https:\/\/itsharkz.com\/fr\/react-native-developpement\/#breadcrumb\",\"itemListElement\":[{\"@type\":\"ListItem\",\"position\":1,\"name\":\"Home\",\"item\":\"https:\/\/itsharkz.com\/fr\/\"},{\"@type\":\"ListItem\",\"position\":2,\"name\":\"React Native D\u00e9veloppement\"}]},{\"@type\":\"WebSite\",\"@id\":\"https:\/\/itsharkz.com\/fr\/#website\",\"url\":\"https:\/\/itsharkz.com\/fr\/\",\"name\":\"ITSharkz\",\"description\":\"Powering Scaleups and Enterprises with Elite Polish Tech Teams\",\"potentialAction\":[{\"@type\":\"SearchAction\",\"target\":{\"@type\":\"EntryPoint\",\"urlTemplate\":\"https:\/\/itsharkz.com\/fr\/?s={search_term_string}\"},\"query-input\":{\"@type\":\"PropertyValueSpecification\",\"valueRequired\":true,\"valueName\":\"search_term_string\"}}],\"inLanguage\":\"fr-FR\"}]}<\/script>\n<!-- \/ Yoast SEO plugin. -->","yoast_head_json":{"title":"React Native D\u00e9veloppement - ITSharkz","description":"Cr\u00e9ez des applications mobiles multiplateformes de haute qualit\u00e9 avec React Native. ITSharkz fournit des \u00e9quipes expertes pour des exp\u00e9riences utilisateur fluides pour scale-ups et entreprises.","robots":{"index":"index","follow":"follow","max-snippet":"max-snippet:-1","max-image-preview":"max-image-preview:large","max-video-preview":"max-video-preview:-1"},"canonical":"https:\/\/itsharkz.com\/fr\/react-native-developpement\/","og_locale":"fr_FR","og_type":"article","og_title":"React Native D\u00e9veloppement - ITSharkz","og_description":"Cr\u00e9ez des applications mobiles multiplateformes de haute qualit\u00e9 avec React Native. ITSharkz fournit des \u00e9quipes expertes pour des exp\u00e9riences utilisateur fluides pour scale-ups et entreprises.","og_url":"https:\/\/itsharkz.com\/fr\/react-native-developpement\/","og_site_name":"ITSharkz","article_modified_time":"2025-09-16T10:39:07+00:00","twitter_card":"summary_large_image","schema":{"@context":"https:\/\/schema.org","@graph":[{"@type":"WebPage","@id":"https:\/\/itsharkz.com\/fr\/react-native-developpement\/","url":"https:\/\/itsharkz.com\/fr\/react-native-developpement\/","name":"React Native D\u00e9veloppement - ITSharkz","isPartOf":{"@id":"https:\/\/itsharkz.com\/fr\/#website"},"datePublished":"2025-03-21T06:32:44+00:00","dateModified":"2025-09-16T10:39:07+00:00","description":"Cr\u00e9ez des applications mobiles multiplateformes de haute qualit\u00e9 avec React Native. ITSharkz fournit des \u00e9quipes expertes pour des exp\u00e9riences utilisateur fluides pour scale-ups et entreprises.","breadcrumb":{"@id":"https:\/\/itsharkz.com\/fr\/react-native-developpement\/#breadcrumb"},"inLanguage":"fr-FR","potentialAction":[{"@type":"ReadAction","target":["https:\/\/itsharkz.com\/fr\/react-native-developpement\/"]}]},{"@type":"BreadcrumbList","@id":"https:\/\/itsharkz.com\/fr\/react-native-developpement\/#breadcrumb","itemListElement":[{"@type":"ListItem","position":1,"name":"Home","item":"https:\/\/itsharkz.com\/fr\/"},{"@type":"ListItem","position":2,"name":"React Native D\u00e9veloppement"}]},{"@type":"WebSite","@id":"https:\/\/itsharkz.com\/fr\/#website","url":"https:\/\/itsharkz.com\/fr\/","name":"ITSharkz","description":"Powering Scaleups and Enterprises with Elite Polish Tech Teams","potentialAction":[{"@type":"SearchAction","target":{"@type":"EntryPoint","urlTemplate":"https:\/\/itsharkz.com\/fr\/?s={search_term_string}"},"query-input":{"@type":"PropertyValueSpecification","valueRequired":true,"valueName":"search_term_string"}}],"inLanguage":"fr-FR"}]}},"_links":{"self":[{"href":"https:\/\/itsharkz.com\/fr\/wp-json\/wp\/v2\/pages\/1943","targetHints":{"allow":["GET"]}}],"collection":[{"href":"https:\/\/itsharkz.com\/fr\/wp-json\/wp\/v2\/pages"}],"about":[{"href":"https:\/\/itsharkz.com\/fr\/wp-json\/wp\/v2\/types\/page"}],"author":[{"embeddable":true,"href":"https:\/\/itsharkz.com\/fr\/wp-json\/wp\/v2\/users\/1"}],"replies":[{"embeddable":true,"href":"https:\/\/itsharkz.com\/fr\/wp-json\/wp\/v2\/comments?post=1943"}],"version-history":[{"count":11,"href":"https:\/\/itsharkz.com\/fr\/wp-json\/wp\/v2\/pages\/1943\/revisions"}],"predecessor-version":[{"id":2926,"href":"https:\/\/itsharkz.com\/fr\/wp-json\/wp\/v2\/pages\/1943\/revisions\/2926"}],"wp:attachment":[{"href":"https:\/\/itsharkz.com\/fr\/wp-json\/wp\/v2\/media?parent=1943"}],"curies":[{"name":"wp","href":"https:\/\/api.w.org\/{rel}","templated":true}]}}