{"id":2101,"date":"2025-03-21T13:52:11","date_gmt":"2025-03-21T13:52:11","guid":{"rendered":"https:\/\/wp2025.itsharkz.com\/?page_id=2101"},"modified":"2025-08-26T07:34:38","modified_gmt":"2025-08-26T07:34:38","slug":"podcasts","status":"publish","type":"page","link":"https:\/\/itsharkz.com\/fr\/podcasts\/","title":{"rendered":"Podcasts"},"content":{"rendered":"\n<section class=\"blog-hero\" style=\"background-image: url(https:\/\/itsharkz.com\/wp-content\/uploads\/2025\/03\/podcasts-img.jpg)\">\n\t<div class=\"container\">\n\n\t\t<h1><strong>Burst<strong> le podcast d&rsquo;ITSharkz o\u00f9 les meilleurs CTO partagent leur vision du SaaS<\/h1>\n\t\t<div class=\"h4\">Entrez votre adresse e-mail pour recevoir des notifications sur nos nouveaux podcasts.<\/div>\n\n\t\t<div class=\"subscribe\">\n\t\t\t\t\t\t<script charset=\"utf-8\" type=\"text\/javascript\" src=\"\/\/js-eu1.hsforms.net\/forms\/embed\/v2.js\" defer><\/script>\n\t\t\t<script>\n\t\t\t\tdocument.addEventListener('DOMContentLoaded', () => {\n\t\t\t\t\thbspt.forms.create({\n\t\t\t\t\t\tportalId: \"145543748\",\n\t\t\t\t\t\tformId: \"ad3ce5f6-97a5-4d6b-9d94-d4d72461692c\",\n\t\t\t\t\t\tregion: \"eu1\",\n\t\t\t\t\t\ttarget: \"#form-container\",\n\t\t\t\t\t\tcss: \"\",\n\t\t\t\t\t\tinlineMessage: true\n\t\t\t\t\t});\n\t\t\t\t});\n\t\t\t<\/script>\n\t\t\t<div id=\"form-container\"><\/div>\n\t\t<\/div>\n\n\t\t<div class=\"agreement\">\n\t\t\t<div class=\"agreement__title\">\n\t\t\t\t<svg width=\"13\" height=\"12\" viewBox=\"0 0 13 12\" fill=\"none\" xmlns=\"http:\/\/www.w3.org\/2000\/svg\">\n\t\t\t\t\t<path d=\"M5.8 7.754L8.998 4.556L8.6445 4.202L5.8 7.046L4.375 5.621L4.021 5.975L5.8 7.754ZM3.308 10C3.07767 10 2.8855 9.923 2.7315 9.769C2.5775 9.615 2.50033 9.42267 2.5 9.192V2.808C2.5 2.57767 2.57717 2.3855 2.7315 2.2315C2.88583 2.0775 3.078 2.00033 3.308 2H9.6925C9.9225 2 10.1147 2.07717 10.269 2.2315C10.4233 2.38583 10.5003 2.578 10.5 2.808V9.1925C10.5 9.4225 10.423 9.61467 10.269 9.769C10.115 9.92333 9.92267 10.0003 9.692 10H3.308ZM3.308 9.5H9.6925C9.76917 9.5 9.83967 9.468 9.904 9.404C9.96833 9.34 10.0003 9.26933 10 9.192V2.808C10 2.731 9.968 2.66033 9.904 2.596C9.84 2.53167 9.76933 2.49967 9.692 2.5H3.308C3.231 2.5 3.16033 2.532 3.096 2.596C3.03167 2.66 2.99967 2.73067 3 2.808V9.1925C3 9.26917 3.032 9.33967 3.096 9.404C3.16 9.46833 3.2305 9.50033 3.3075 9.5\" fill=\"#FEFEFE\"\/>\n\t\t\t\t<\/svg>\n\t\t\t\t J\u2019accepte la politique de confidentialit\u00e9\t\t\t<\/div>\n\t\t\t<div class=\"agreement__subtitle\">Vous recevrez un e-mail une fois par semaine seulement \ud83d\ude42<\/div>\n\t\t<\/div>\n\n\t<\/div>\n<\/section>\n\n\n\n<section class=\"podcasts\">\n\t<div class=\"container\">\n\n\t\t<div class=\"grid\">\n\t\t\t\t\t\t\t\t<div class=\"card-podcast\" data-embed=\"&lt;iframe width=&quot;560&quot; height=&quot;315&quot; src=&quot;https:\/\/www.youtube.com\/embed\/07PsHqUz3vU?si=mB_-kn-jmD4hoikN&quot; title=&quot;YouTube video player&quot; frameborder=&quot;0&quot; allow=&quot;accelerometer; autoplay; clipboard-write; encrypted-media; gyroscope; picture-in-picture; web-share&quot; referrerpolicy=&quot;strict-origin-when-cross-origin&quot; allowfullscreen&gt;&lt;\/iframe&gt;\">\n\t\t\t\t\t\t<div class=\"card-podcast__title\">Weglot :  2 milliards de requ\u00eates par mois<\/div>\n\t\t\t\t\t\t<div class=\"card-podcast__description\">\n\t\t\t\t\t\t\t<p class=\"\" data-start=\"0\" data-end=\"19\"><strong>Entreprise :<\/strong> Weglot<\/p>\n<p class=\"\" data-start=\"21\" data-end=\"376\"><strong>Description de l\u2019entreprise : <\/strong>Weglot propose une solution de traduction de sites web compatible avec toutes les technologies web. Utilis\u00e9e par plus de 110 000 sites \u00e0 travers le monde, Weglot permet aux entreprises de rendre leur site accessible en plus de 110 langues. En mars 2022, Weglot a lev\u00e9 45 millions d\u2019euros lors d\u2019un tour de financement de s\u00e9rie A men\u00e9 par Partech Partners.<\/p>\n<p><strong>Website: <\/strong><a href=\"https:\/\/www.weglot.com\/\"><span style=\"font-weight: 400\">https:\/\/www.weglot.com\/<\/span><\/a><\/p>\n<p><span style=\"font-weight: 400\"><strong>Invite :<\/strong> CTO Floran Pagliai \/ <\/span><span style=\"font-weight: 400\">Linkedin:\u00a0 <\/span><a href=\"https:\/\/www.linkedin.com\/in\/floran-p-97924858\/\"><span style=\"font-weight: 400\">https:\/\/www.linkedin.com\/in\/floran-p-97924858\/<\/span><\/a><\/p>\n\t\t\t\t\t\t<\/div>\n\t\t\t\t\t\t<img decoding=\"async\" src=\"https:\/\/itsharkz.com\/wp-content\/uploads\/2025\/05\/Epiosde-5.png\" class=\"card-podcast__image\" loading=\"lazy\" \/>\n\t\t\t\t\t<\/div>\n\t\t\t\t\t\t\t\t\t\t<div class=\"card-podcast\" data-embed=\"&lt;iframe width=&quot;560&quot; height=&quot;315&quot; src=&quot;https:\/\/www.youtube.com\/embed\/V39mE8gPPNA?si=obwRceQpLa9hDjk7&quot; title=&quot;YouTube video player&quot; frameborder=&quot;0&quot; allow=&quot;accelerometer; autoplay; clipboard-write; encrypted-media; gyroscope; picture-in-picture; web-share&quot; referrerpolicy=&quot;strict-origin-when-cross-origin&quot; allowfullscreen&gt;&lt;\/iframe&gt;\">\n\t\t\t\t\t\t<div class=\"card-podcast__title\">Un Voyage au C\u0153ur de l&#039;Automatisation dans l&#039;Assurance<\/div>\n\t\t\t\t\t\t<div class=\"card-podcast__description\">\n\t\t\t\t\t\t\t<p class=\"\" data-start=\"38\" data-end=\"66\"><strong data-start=\"38\" data-end=\"66\">Entreprise : LAPI Groupe<\/strong><\/p>\n<p class=\"\" data-start=\"68\" data-end=\"517\"><strong data-start=\"68\" data-end=\"101\">Description de l\u2019entreprise :<\/strong><br data-start=\"101\" data-end=\"104\" \/>LAPI Groupe, fond\u00e9 en 2022, est un r\u00e9seau fran\u00e7ais de courtiers en assurance multi-sp\u00e9cialistes proposant des solutions sur mesure pour les particuliers et les entreprises. En 2023, il figurait parmi les 50 premiers courtiers fran\u00e7ais, desservant plus de 1 000 particuliers et 500 entreprises. Il collabore avec plus de 40 assureurs et mise sur la technologie pour offrir des services \u00e0 distance et en pr\u00e9sentiel.<\/p>\n<p><strong>Website : <\/strong><a href=\"https:\/\/lapigroupe.fr\/\"><span style=\"font-weight: 400\">https:\/\/lapigroupe.fr\/<\/span><\/a><span style=\"font-weight: 400\">\u00a0<\/span><\/p>\n<p><span style=\"font-weight: 400\"><strong>Invite :<\/strong> CTO Karl Verger \/ Linkedin : <\/span><a href=\"https:\/\/www.linkedin.com\/in\/karlverger\/\"><span style=\"font-weight: 400\">https:\/\/www.linkedin.com\/in\/karlverger\/<\/span><\/a><\/p>\n\t\t\t\t\t\t<\/div>\n\t\t\t\t\t\t<img decoding=\"async\" src=\"https:\/\/itsharkz.com\/wp-content\/uploads\/2025\/05\/Episode-1.png\" class=\"card-podcast__image\" loading=\"lazy\" \/>\n\t\t\t\t\t<\/div>\n\t\t\t\t\t\t\t\t\t\t<div class=\"card-podcast\" data-embed=\"&lt;iframe width=&quot;560&quot; height=&quot;315&quot; src=&quot;https:\/\/www.youtube.com\/embed\/mRy1tdg70pc?si=6LGSOMXVa60eQYg4&quot; title=&quot;YouTube video player&quot; frameborder=&quot;0&quot; allow=&quot;accelerometer; autoplay; clipboard-write; encrypted-media; gyroscope; picture-in-picture; web-share&quot; referrerpolicy=&quot;strict-origin-when-cross-origin&quot; allowfullscreen&gt;&lt;\/iframe&gt;\">\n\t\t\t\t\t\t<div class=\"card-podcast__title\">Comment cr\u00e9er un SaaS Souverain?<\/div>\n\t\t\t\t\t\t<div class=\"card-podcast__description\">\n\t\t\t\t\t\t\t<article class=\"text-token-text-primary w-full\" dir=\"auto\" data-testid=\"conversation-turn-788\" data-scroll-anchor=\"true\">\n<div class=\"text-base my-auto mx-auto py-5 [--thread-content-margin:--spacing(4)] @[37rem]:[--thread-content-margin:--spacing(6)] @[72rem]:[--thread-content-margin:--spacing(16)] px-(--thread-content-margin)\">\n<div class=\"[--thread-content-max-width:32rem] @[34rem]:[--thread-content-max-width:40rem] @[64rem]:[--thread-content-max-width:48rem] mx-auto flex max-w-(--thread-content-max-width) flex-1 text-base gap-4 md:gap-5 lg:gap-6 group\/turn-messages focus-visible:outline-hidden\">\n<div class=\"group\/conversation-turn relative flex w-full min-w-0 flex-col agent-turn\">\n<div class=\"relative flex-col gap-1 md:gap-3\">\n<div class=\"flex max-w-full flex-col grow\">\n<div class=\"min-h-8 text-message relative flex w-full flex-col items-end gap-2 text-start break-words whitespace-normal [.text-message+&amp;]:mt-5\" dir=\"auto\" data-message-author-role=\"assistant\" data-message-id=\"42c1bd77-7854-4e33-8422-33faccd3bf8b\" data-message-model-slug=\"gpt-4o\">\n<div class=\"flex w-full flex-col gap-1 empty:hidden first:pt-[3px]\">\n<div class=\"markdown prose dark:prose-invert w-full break-words light\">\n<p class=\"\" data-start=\"0\" data-end=\"19\"><strong>Entreprise :<\/strong> Sweego<\/p>\n<p class=\"\" data-start=\"21\" data-end=\"415\"><strong>Description de l\u2019entreprise :<\/strong><br data-start=\"50\" data-end=\"53\" \/>Sweego, fond\u00e9e en 2023 \u00e0 Lille (France), propose une plateforme de notifications multicanal permettant aux d\u00e9veloppeurs d\u2019envoyer des e-mails transactionnels et des SMS via une API unifi\u00e9e. En mars 2025, Sweego op\u00e8re sans financement externe. Sa soci\u00e9t\u00e9 m\u00e8re, Mindbaz, a lev\u00e9 1,5 million d\u2019euros en 2021 pour soutenir son ind\u00e9pendance et son expansion en Europe.<\/p>\n<\/div>\n<\/div>\n<\/div>\n<\/div>\n<\/div>\n<\/div>\n<\/div>\n<\/div>\n<\/article>\n<p><span style=\"font-weight: 400\"><strong>Website :<\/strong> <a href=\"http:\/\/Sweego.io\">Sweego.io<\/a><\/span><\/p>\n<p><span style=\"font-weight: 400\"><strong>Invite : <\/strong>CTO\u00a0 Pierre-Yves Dubreucq \/ Linkedin : <\/span><a href=\"https:\/\/www.linkedin.com\/in\/pydubreucq\/\"><span style=\"font-weight: 400\">https:\/\/www.linkedin.com\/in\/pydubreucq\/<\/span><\/a><\/p>\n\t\t\t\t\t\t<\/div>\n\t\t\t\t\t\t<img decoding=\"async\" src=\"https:\/\/itsharkz.com\/wp-content\/uploads\/2025\/05\/episode-2.png\" class=\"card-podcast__image\" loading=\"lazy\" \/>\n\t\t\t\t\t<\/div>\n\t\t\t\t\t\t\t\t\t\t<div class=\"card-podcast\" data-embed=\"&lt;iframe width=&quot;560&quot; height=&quot;315&quot; src=&quot;https:\/\/www.youtube.com\/embed\/OTD-DVo2FoM?si=yGH4CYS1fuo8Kki-&quot; title=&quot;YouTube video player&quot; frameborder=&quot;0&quot; allow=&quot;accelerometer; autoplay; clipboard-write; encrypted-media; gyroscope; picture-in-picture; web-share&quot; referrerpolicy=&quot;strict-origin-when-cross-origin&quot; allowfullscreen&gt;&lt;\/iframe&gt;\">\n\t\t\t\t\t\t<div class=\"card-podcast__title\">Comment cr\u00e9er un SaaS Humain?<\/div>\n\t\t\t\t\t\t<div class=\"card-podcast__description\">\n\t\t\t\t\t\t\t<article class=\"text-token-text-primary w-full\" dir=\"auto\" data-testid=\"conversation-turn-790\" data-scroll-anchor=\"true\">\n<div class=\"text-base my-auto mx-auto py-5 [--thread-content-margin:--spacing(4)] @[37rem]:[--thread-content-margin:--spacing(6)] @[72rem]:[--thread-content-margin:--spacing(16)] px-(--thread-content-margin)\">\n<div class=\"[--thread-content-max-width:32rem] @[34rem]:[--thread-content-max-width:40rem] @[64rem]:[--thread-content-max-width:48rem] mx-auto flex max-w-(--thread-content-max-width) flex-1 text-base gap-4 md:gap-5 lg:gap-6 group\/turn-messages focus-visible:outline-hidden\">\n<div class=\"group\/conversation-turn relative flex w-full min-w-0 flex-col agent-turn\">\n<div class=\"relative flex-col gap-1 md:gap-3\">\n<div class=\"flex max-w-full flex-col grow\">\n<div class=\"min-h-8 text-message relative flex w-full flex-col items-end gap-2 text-start break-words whitespace-normal [.text-message+&amp;]:mt-5\" dir=\"auto\" data-message-author-role=\"assistant\" data-message-id=\"ce6b2809-3337-4ce1-bc98-4a4a193ff633\" data-message-model-slug=\"gpt-4o\">\n<div class=\"flex w-full flex-col gap-1 empty:hidden first:pt-[3px]\">\n<div class=\"markdown prose dark:prose-invert w-full break-words light\">\n<p class=\"\" data-start=\"0\" data-end=\"24\"><strong>Entreprise :<\/strong> Humanlinker<\/p>\n<p class=\"\" data-start=\"26\" data-end=\"448\"><strong>Description de l\u2019entreprise :<\/strong><br data-start=\"55\" data-end=\"58\" \/>Humanlinker, fond\u00e9e en 2020 \u00e0 Montpellier (France), propose une plateforme de prospection et de vente B2B personnalis\u00e9e bas\u00e9e sur l\u2019IA. En avril 2022, l\u2019entreprise a lev\u00e9 2,5 millions d\u2019euros en financement d\u2019amor\u00e7age aupr\u00e8s d\u2019investisseurs tels que Karista et Founders Ventures. En 2024, Humanlinker a r\u00e9alis\u00e9 un chiffre d\u2019affaires de 1,7 million de dollars avec une \u00e9quipe de 29 employ\u00e9s.<\/p>\n<\/div>\n<\/div>\n<\/div>\n<\/div>\n<\/div>\n<\/div>\n<\/div>\n<\/div>\n<\/article>\n<p><span style=\"font-weight: 400\"><strong>Website :<\/strong> <a href=\"https:\/\/www.humanlinker.com\/\">https:\/\/www.humanlinker.com\/<\/a><\/span><\/p>\n<p><span style=\"font-weight: 400\"><strong>Invite :<\/strong> Head of Product Arthur Bourgeois \/ <\/span><span style=\"font-weight: 400\">Linkedin: <\/span><a href=\"https:\/\/www.linkedin.com\/in\/%E2%9C%8C%EF%B8%8Farthur-bourgeois\/\"><span style=\"font-weight: 400\">https:\/\/www.linkedin.com\/in\/%E2%9C%8C%EF%B8%8Farthur-bourgeois\/<\/span><\/a><\/p>\n\t\t\t\t\t\t<\/div>\n\t\t\t\t\t\t<img decoding=\"async\" src=\"https:\/\/itsharkz.com\/wp-content\/uploads\/2025\/05\/Episode-3.png\" class=\"card-podcast__image\" loading=\"lazy\" \/>\n\t\t\t\t\t<\/div>\n\t\t\t\t\t\t\t\t\t\t<div class=\"card-podcast\" data-embed=\"&lt;iframe width=&quot;560&quot; height=&quot;315&quot; src=&quot;https:\/\/www.youtube.com\/embed\/R_qQowzUt_Q?si=uWpBU519mlZNdav8&quot; title=&quot;YouTube video player&quot; frameborder=&quot;0&quot; allow=&quot;accelerometer; autoplay; clipboard-write; encrypted-media; gyroscope; picture-in-picture; web-share&quot; referrerpolicy=&quot;strict-origin-when-cross-origin&quot; allowfullscreen&gt;&lt;\/iframe&gt;\">\n\t\t\t\t\t\t<div class=\"card-podcast__title\">Comment r\u00e9ussir sa transition SAAS?<\/div>\n\t\t\t\t\t\t<div class=\"card-podcast__description\">\n\t\t\t\t\t\t\t<p class=\"\" data-start=\"0\" data-end=\"24\"><strong>Entreprise :<\/strong> Asys Groupe<\/p>\n<p class=\"\" data-start=\"26\" data-end=\"516\"><strong>Description de l\u2019entreprise : <\/strong>Asys, fond\u00e9e en 1987 et bas\u00e9e \u00e0 Lyon, propose des solutions logicielles RH \u00e0 plus de 1 500 organisations, repr\u00e9sentant plus d\u2019un million d\u2019utilisateurs quotidiens. En janvier 2024, CAPZA a acquis une participation minoritaire pour soutenir la croissance d\u2019Asys, notamment l\u2019ach\u00e8vement de sa transition vers un mod\u00e8le 100 % SaaS et le lancement de nouvelles fonctionnalit\u00e9s produits. D\u00e9but 2025, Asys compte environ 180 collaborateurs et r\u00e9alise un chiffre d\u2019affaires de 20 millions d\u2019euros.<\/p>\n<p><span style=\"font-weight: 400\"><strong>Website :<\/strong> <\/span><a href=\"https:\/\/www.humanlinker.com\/\"><span style=\"font-weight: 400\">https:\/\/www.humanlinker.com\/<\/span><\/a><span style=\"font-weight: 400\">\u00a0<\/span><\/p>\n<p><span style=\"font-weight: 400\"><strong>Invite :<\/strong> CTO Stephane Vanake \/ <\/span><span style=\"font-weight: 400\">Linkedin: <\/span><a href=\"https:\/\/www.linkedin.com\/in\/st%C3%A9phane-vanacker-4611765\/\"><span style=\"font-weight: 400\">https:\/\/www.linkedin.com\/in\/st%C3%A9phane-vanacker-4611765\/<\/span><\/a><span style=\"font-weight: 400\">\u00a0<\/span><\/p>\n\t\t\t\t\t\t<\/div>\n\t\t\t\t\t\t<img decoding=\"async\" src=\"https:\/\/itsharkz.com\/wp-content\/uploads\/2025\/05\/Episode-4.jpg\" class=\"card-podcast__image\" loading=\"lazy\" \/>\n\t\t\t\t\t<\/div>\n\t\t\t\t\t\t\t\t\t\t<div class=\"card-podcast\" data-embed=\"&lt;iframe width=&quot;560&quot; height=&quot;315&quot; src=&quot;https:\/\/www.youtube.com\/embed\/p5i81Jd5Les?si=tUduIGHX5A0hY61E&quot; title=&quot;YouTube video player&quot; frameborder=&quot;0&quot; allow=&quot;accelerometer; autoplay; clipboard-write; encrypted-media; gyroscope; picture-in-picture; web-share&quot; referrerpolicy=&quot;strict-origin-when-cross-origin&quot; allowfullscreen&gt;&lt;\/iframe&gt;\">\n\t\t\t\t\t\t<div class=\"card-podcast__title\">Comment transformer des acteurs historiques ?<\/div>\n\t\t\t\t\t\t<div class=\"card-podcast__description\">\n\t\t\t\t\t\t\t<p class=\"\" data-start=\"0\" data-end=\"24\"><strong>Entreprise :<\/strong> AssessFirst<\/p>\n<p class=\"\" data-start=\"26\" data-end=\"464\"><strong>Description de l\u2019entreprise : <\/strong>AssessFirst, fond\u00e9e en 2002 \u00e0 Paris, est une plateforme de recrutement pr\u00e9dictif qui accompagne plus de 3 500 clients dans 40 pays. En juillet 2021, CAPZA Growth Tech a acquis une participation minoritaire pour soutenir la croissance de l\u2019entreprise. Bouygues Telecom Initiatives a \u00e9galement investi dans AssessFirst. En 2024, l\u2019entreprise a r\u00e9alis\u00e9 un chiffre d\u2019affaires de 14,5 millions de dollars avec une \u00e9quipe de 119 collaborateurs.<\/p>\n<p><strong>Website: <\/strong><a href=\"https:\/\/www.assessfirst.com\/en\/\"><span>https:\/\/www.assessfirst.com\/en\/<\/span><\/a><span>\u00a0<\/span><\/p>\n<p><span style=\"font-weight: 400\"><strong>Invite :<\/strong> CTO Jean Baptiste Comte \/ <\/span><span style=\"font-weight: 400\">Linkedin:\u00a0 <\/span><a href=\"https:\/\/www.linkedin.com\/in\/jbcomte\/\"><span style=\"font-weight: 400\">https:\/\/www.linkedin.com\/in\/jbcomte\/<\/span><\/a><\/p>\n\t\t\t\t\t\t<\/div>\n\t\t\t\t\t\t<img decoding=\"async\" src=\"https:\/\/itsharkz.com\/wp-content\/uploads\/2025\/05\/Episode-6.png\" class=\"card-podcast__image\" loading=\"lazy\" \/>\n\t\t\t\t\t<\/div>\n\t\t\t\t\t\t\t<\/div>\n\t<\/div>\n<\/section>\n","protected":false},"excerpt":{"rendered":"","protected":false},"author":1,"featured_media":0,"parent":0,"menu_order":0,"comment_status":"closed","ping_status":"closed","template":"podcasts.php","meta":{"_acf_changed":false,"footnotes":""},"class_list":["post-2101","page","type-page","status-publish","hentry"],"acf":[],"yoast_head":"<!-- This site is optimized with the Yoast SEO plugin v26.0 - https:\/\/yoast.com\/wordpress\/plugins\/seo\/ -->\n<title>Podcasts - ITSharkz<\/title>\n<meta name=\"robots\" content=\"index, follow, max-snippet:-1, max-image-preview:large, max-video-preview:-1\" \/>\n<link rel=\"canonical\" href=\"https:\/\/itsharkz.com\/fr\/podcasts\/\" \/>\n<meta property=\"og:locale\" content=\"fr_FR\" \/>\n<meta property=\"og:type\" content=\"article\" \/>\n<meta property=\"og:title\" content=\"Podcasts - ITSharkz\" \/>\n<meta property=\"og:url\" content=\"https:\/\/itsharkz.com\/fr\/podcasts\/\" \/>\n<meta property=\"og:site_name\" content=\"ITSharkz\" \/>\n<meta property=\"article:modified_time\" content=\"2025-08-26T07:34:38+00:00\" \/>\n<meta name=\"twitter:card\" content=\"summary_large_image\" \/>\n<script type=\"application\/ld+json\" class=\"yoast-schema-graph\">{\"@context\":\"https:\/\/schema.org\",\"@graph\":[{\"@type\":\"WebPage\",\"@id\":\"https:\/\/itsharkz.com\/fr\/podcasts\/\",\"url\":\"https:\/\/itsharkz.com\/fr\/podcasts\/\",\"name\":\"Podcasts - ITSharkz\",\"isPartOf\":{\"@id\":\"https:\/\/itsharkz.com\/fr\/#website\"},\"datePublished\":\"2025-03-21T13:52:11+00:00\",\"dateModified\":\"2025-08-26T07:34:38+00:00\",\"breadcrumb\":{\"@id\":\"https:\/\/itsharkz.com\/fr\/podcasts\/#breadcrumb\"},\"inLanguage\":\"fr-FR\",\"potentialAction\":[{\"@type\":\"ReadAction\",\"target\":[\"https:\/\/itsharkz.com\/fr\/podcasts\/\"]}]},{\"@type\":\"BreadcrumbList\",\"@id\":\"https:\/\/itsharkz.com\/fr\/podcasts\/#breadcrumb\",\"itemListElement\":[{\"@type\":\"ListItem\",\"position\":1,\"name\":\"Home\",\"item\":\"https:\/\/itsharkz.com\/fr\/\"},{\"@type\":\"ListItem\",\"position\":2,\"name\":\"Podcasts\"}]},{\"@type\":\"WebSite\",\"@id\":\"https:\/\/itsharkz.com\/fr\/#website\",\"url\":\"https:\/\/itsharkz.com\/fr\/\",\"name\":\"ITSharkz\",\"description\":\"Powering Scaleups and Enterprises with Elite Polish Tech Teams\",\"potentialAction\":[{\"@type\":\"SearchAction\",\"target\":{\"@type\":\"EntryPoint\",\"urlTemplate\":\"https:\/\/itsharkz.com\/fr\/?s={search_term_string}\"},\"query-input\":{\"@type\":\"PropertyValueSpecification\",\"valueRequired\":true,\"valueName\":\"search_term_string\"}}],\"inLanguage\":\"fr-FR\"}]}<\/script>\n<!-- \/ Yoast SEO plugin. -->","yoast_head_json":{"title":"Podcasts - ITSharkz","robots":{"index":"index","follow":"follow","max-snippet":"max-snippet:-1","max-image-preview":"max-image-preview:large","max-video-preview":"max-video-preview:-1"},"canonical":"https:\/\/itsharkz.com\/fr\/podcasts\/","og_locale":"fr_FR","og_type":"article","og_title":"Podcasts - ITSharkz","og_url":"https:\/\/itsharkz.com\/fr\/podcasts\/","og_site_name":"ITSharkz","article_modified_time":"2025-08-26T07:34:38+00:00","twitter_card":"summary_large_image","schema":{"@context":"https:\/\/schema.org","@graph":[{"@type":"WebPage","@id":"https:\/\/itsharkz.com\/fr\/podcasts\/","url":"https:\/\/itsharkz.com\/fr\/podcasts\/","name":"Podcasts - ITSharkz","isPartOf":{"@id":"https:\/\/itsharkz.com\/fr\/#website"},"datePublished":"2025-03-21T13:52:11+00:00","dateModified":"2025-08-26T07:34:38+00:00","breadcrumb":{"@id":"https:\/\/itsharkz.com\/fr\/podcasts\/#breadcrumb"},"inLanguage":"fr-FR","potentialAction":[{"@type":"ReadAction","target":["https:\/\/itsharkz.com\/fr\/podcasts\/"]}]},{"@type":"BreadcrumbList","@id":"https:\/\/itsharkz.com\/fr\/podcasts\/#breadcrumb","itemListElement":[{"@type":"ListItem","position":1,"name":"Home","item":"https:\/\/itsharkz.com\/fr\/"},{"@type":"ListItem","position":2,"name":"Podcasts"}]},{"@type":"WebSite","@id":"https:\/\/itsharkz.com\/fr\/#website","url":"https:\/\/itsharkz.com\/fr\/","name":"ITSharkz","description":"Powering Scaleups and Enterprises with Elite Polish Tech Teams","potentialAction":[{"@type":"SearchAction","target":{"@type":"EntryPoint","urlTemplate":"https:\/\/itsharkz.com\/fr\/?s={search_term_string}"},"query-input":{"@type":"PropertyValueSpecification","valueRequired":true,"valueName":"search_term_string"}}],"inLanguage":"fr-FR"}]}},"_links":{"self":[{"href":"https:\/\/itsharkz.com\/fr\/wp-json\/wp\/v2\/pages\/2101","targetHints":{"allow":["GET"]}}],"collection":[{"href":"https:\/\/itsharkz.com\/fr\/wp-json\/wp\/v2\/pages"}],"about":[{"href":"https:\/\/itsharkz.com\/fr\/wp-json\/wp\/v2\/types\/page"}],"author":[{"embeddable":true,"href":"https:\/\/itsharkz.com\/fr\/wp-json\/wp\/v2\/users\/1"}],"replies":[{"embeddable":true,"href":"https:\/\/itsharkz.com\/fr\/wp-json\/wp\/v2\/comments?post=2101"}],"version-history":[{"count":10,"href":"https:\/\/itsharkz.com\/fr\/wp-json\/wp\/v2\/pages\/2101\/revisions"}],"predecessor-version":[{"id":2836,"href":"https:\/\/itsharkz.com\/fr\/wp-json\/wp\/v2\/pages\/2101\/revisions\/2836"}],"wp:attachment":[{"href":"https:\/\/itsharkz.com\/fr\/wp-json\/wp\/v2\/media?parent=2101"}],"curies":[{"name":"wp","href":"https:\/\/api.w.org\/{rel}","templated":true}]}}