{"id":3472,"date":"2026-02-20T15:40:18","date_gmt":"2026-02-20T13:40:18","guid":{"rendered":"https:\/\/itsharkz.com\/?page_id=3472"},"modified":"2026-02-20T15:41:13","modified_gmt":"2026-02-20T13:41:13","slug":"newsletter","status":"publish","type":"page","link":"https:\/\/itsharkz.com\/fr\/newsletter\/","title":{"rendered":"Newsletter"},"content":{"rendered":"\n<div style=\"height:100px\" aria-hidden=\"true\" class=\"wp-block-spacer\"><\/div>\n\n\n\n<section class=\"team-case\">\n\t<div class=\"container\">\n\n\t\t<div class=\"row\">\n\t\t\t<div class=\"col-50\">\n\t\t\t\t<h2 class=\"h1\">Engineering &amp; Scale. R\u00e9v\u00e9l\u00e9.<\/h2>\n\t\t\t\t<div class=\"h4\">Les scale-ups sacrifient souvent la stabilit\u00e9 pour la vitesse, accumulant une dette technique qui force des refontes constantes. Nous brisons ce cycle. <strong>Abonnez-vous pour recevoir des analyses fra\u00eeches et des blueprints<\/strong> pour b\u00e2tir des plateformes modulaires et p\u00e9rennes. Acc\u00e9dez \u00e0 nos strat\u00e9gies pour scaler des \u00e9quipes tech d&rsquo;\u00e9lite et maximiser votre ROI gr\u00e2ce \u00e0 l&rsquo;excellence de l&rsquo;ing\u00e9nierie polonaise.<\/div>\n\t\t\t\t\t\t\t<\/div>\n\t\t\t<div class=\"col-50\">\n\t\t\t\t<img loading=\"lazy\" decoding=\"async\" width=\"150\" height=\"76\" src=\"https:\/\/itsharkz.com\/wp-content\/uploads\/2025\/03\/blog-image.jpg\" class=\"team-case__image\" alt=\"\" \/>\t\t\t<\/div>\n\t\t<\/div>\n\n\t<\/div>\n<\/section>\n\n\n\n<section class=\"section-header section-header--center\">\n\t<div class=\"container\">\n\t\t<div class=\"grid\">\n\n\t\t\t\t\t\t\t<div class=\"section-header__caption\">Newsletter Up to Scale<\/div>\n\t\t\t\n\t\t\t<h1 class=\"section-header__title\">Restez \u00e0 jour avec nos derniers insights et conseils tactiques.<\/h1>\n\t\t\t\t\t\t\t<div class=\"section-header__subtitle\">Abonnez-vous pour recevoir du contenu exclusif directement dans votre bo\u00eete mail.<\/div>\n\t\t\t\n\t\t<\/div>\n\t<\/div>\n<\/section>\n\n\n\n<div class=\"wp-block-columns is-layout-flex wp-container-core-columns-is-layout-9d6595d7 wp-block-columns-is-layout-flex\">\n<div class=\"wp-block-column is-layout-flow wp-block-column-is-layout-flow\" style=\"flex-basis:15%\"><\/div>\n\n\n\n<div class=\"wp-block-column is-layout-flow wp-block-column-is-layout-flow\" style=\"flex-basis:50%\">\n<figure class=\"wp-block-image size-full\"><img loading=\"lazy\" decoding=\"async\" width=\"484\" height=\"322\" src=\"https:\/\/itsharkz.com\/wp-content\/uploads\/2026\/02\/technical-insights.png\" alt=\"\" class=\"wp-image-3653\"\/><\/figure>\n<\/div>\n\n\n\n<div class=\"wp-block-column is-layout-flow wp-block-column-is-layout-flow\" style=\"flex-basis:40%\">\n<script charset=\"utf-8\" type=\"text\/javascript\" src=\"\/\/js-eu1.hsforms.net\/forms\/embed\/v2.js\"><\/script>\n<script>\n  hbspt.forms.create({\n    portalId: \"145543748\",\n    formId: \"30f9b1dc-9471-4284-91aa-e5a915b6c0ee\",\n    region: \"eu1\"\n  });\n<\/script>\n<\/div>\n\n\n\n<div class=\"wp-block-column is-layout-flow wp-block-column-is-layout-flow\" style=\"flex-basis:5%\"><\/div>\n<\/div>\n\n\n\n<section class=\"separator\" style=\"--height: 150px\"><\/section>\n\n\n\n<section class=\"faq-block\">\n\t<div class=\"container\">\n\t\t<h2 class=\"h1\">Questions Fr\u00e9quentes<\/h2>\n\t\t\t\t\t\t<div class=\"faq-item active\">\n\t\t\t\t\t<div class=\"faq-item__question\">Est-ce encore une newsletter commerciale ?<\/div>\n\t\t\t\t\t<div class=\"faq-item__answer\"><p>Non. Nous croyons en la philosophie \u00ab\u00a0Give first\u00a0\u00bb. Notre contenu est \u00e9ducatif et se concentre sur l&rsquo;architecture technique, le scaling d&rsquo;\u00e9quipe et l&rsquo;efficacit\u00e9 op\u00e9rationnelle. Nous partageons les playbooks que nous utilisons pour construire des modules de trading s\u00e9curis\u00e9s et optimiser des applications \u00e0 forte charge. Vous recevrez des insights actionnables, pas des pitchs de vente.<\/p>\n<\/div>\n\t\t\t\t<\/div>\n\t\t\t\t\t\t\t\t<div class=\"faq-item\">\n\t\t\t\t\t<div class=\"faq-item__question\">Pour qui ce contenu est-il con\u00e7u ?<\/div>\n\t\t\t\t\t<div class=\"faq-item__answer\"><p>Cette newsletter s&rsquo;adresse aux d\u00e9cideurs qui fa\u00e7onnent l&rsquo;avenir technologique de leur entreprise. Que vous soyez un CTO concentr\u00e9 sur l&rsquo;architecture et la s\u00e9curit\u00e9, ou un CEO\/VP cherchant \u00e0 maximiser le ROI et acc\u00e9l\u00e9rer la transformation digitale, vous y trouverez de la valeur. Si vous \u00eates responsable du scaling d&rsquo;\u00e9quipes ou de la livraison de projets logiciels critiques, cette ressource est pour vous.<\/p>\n<\/div>\n\t\t\t\t<\/div>\n\t\t\t\t\t\t\t\t<div class=\"faq-item\">\n\t\t\t\t\t<div class=\"faq-item__question\">\u00c0 quelle fr\u00e9quence allez-vous m&rsquo;\u00e9crire ?<\/div>\n\t\t\t\t\t<div class=\"faq-item__answer\"><p>Nous valorisons votre temps, donc nous privil\u00e9gions la qualit\u00e9 \u00e0 la quantit\u00e9. Attendez-vous \u00e0 une update \u00e0 forte valeur ajout\u00e9e environ toutes les deux semaines. Nous nous concentrons sur des conseils applicables directement \u00e0 vos d\u00e9fis business (comme r\u00e9soudre les goulots d&rsquo;\u00e9tranglement de conformit\u00e9 ou optimiser la v\u00e9locit\u00e9 des \u00e9quipes distribu\u00e9es). Si cela ne vous aide pas \u00e0 mieux g\u00e9rer votre business, nous ne l&rsquo;envoyons pas.<\/p>\n<\/div>\n\t\t\t\t<\/div>\n\t\t\t\t\t\t\t\t<div class=\"faq-item\">\n\t\t\t\t\t<div class=\"faq-item__question\">Pourquoi faire confiance aux conseils d&rsquo;ITSharkz ?<\/div>\n\t\t\t\t\t<div class=\"faq-item__answer\"><p>Nous ne faisons pas de th\u00e9orie ; nous pratiquons. Nous sommes une \u00e9quipe bas\u00e9e en Pologne qui livre pour des scale-ups globales. Nos insights proviennent directement de nos fondateurs et ing\u00e9nieurs seniors qui r\u00e9solvent quotidiennement des probl\u00e8mes complexes (comme l&rsquo;optimisation d&rsquo;apps fintech \u00e0 10k RPS). Nous partageons de la \u00ab\u00a0Preuve Tech\u00a0\u00bb, pas du blabla marketing.<\/p>\n<\/div>\n\t\t\t\t<\/div>\n\t\t\t\t\t\t\t\t<div class=\"faq-item\">\n\t\t\t\t\t<div class=\"faq-item__question\">Et si je ne suis pas encore pr\u00eat \u00e0 engager une \u00e9quipe d\u00e9di\u00e9e ?<\/div>\n\t\t\t\t\t<div class=\"faq-item__answer\"><p>C&rsquo;est exactement pour cela que vous devriez vous abonner. Notre objectif est de vous aider \u00e0 p\u00e9renniser votre business, quel que soit votre mode de fonctionnement actuel. Vous apprendrez les meilleures pratiques en architecture remote et s\u00e9curit\u00e9 applicables imm\u00e9diatement. Le jour o\u00f9 vous serez pr\u00eat \u00e0 scaler, vous saurez exactement quoi rechercher chez un partenaire.<\/p>\n<\/div>\n\t\t\t\t<\/div>\n\t\t\t\t\t<\/div>\n<\/section>\n","protected":false},"excerpt":{"rendered":"","protected":false},"author":6,"featured_media":0,"parent":0,"menu_order":0,"comment_status":"closed","ping_status":"closed","template":"","meta":{"_acf_changed":false,"footnotes":""},"class_list":["post-3472","page","type-page","status-publish","hentry"],"acf":[],"yoast_head":"<!-- This site is optimized with the Yoast SEO plugin v26.0 - https:\/\/yoast.com\/wordpress\/plugins\/seo\/ -->\n<title>Up To Scale Newsletter | ITSharkz<\/title>\n<meta name=\"description\" content=\"Restez \u00e0 jour avec nos derniers insights et conseils tactiques sur le scaling tech. Abonnez-vous pour recevoir du contenu exclusif directement dans votre bo\u00eete mail.\" \/>\n<meta name=\"robots\" content=\"index, follow, max-snippet:-1, max-image-preview:large, max-video-preview:-1\" \/>\n<link rel=\"canonical\" href=\"https:\/\/itsharkz.com\/fr\/newsletter\/\" \/>\n<meta property=\"og:locale\" content=\"fr_FR\" \/>\n<meta property=\"og:type\" content=\"article\" \/>\n<meta property=\"og:title\" content=\"Up To Scale Newsletter | ITSharkz\" \/>\n<meta property=\"og:description\" content=\"Restez \u00e0 jour avec nos derniers insights et conseils tactiques sur le scaling tech. Abonnez-vous pour recevoir du contenu exclusif directement dans votre bo\u00eete mail.\" \/>\n<meta property=\"og:url\" content=\"https:\/\/itsharkz.com\/fr\/newsletter\/\" \/>\n<meta property=\"og:site_name\" content=\"ITSharkz\" \/>\n<meta property=\"article:modified_time\" content=\"2026-02-20T13:41:13+00:00\" \/>\n<meta property=\"og:image\" content=\"https:\/\/itsharkz.com\/wp-content\/uploads\/2026\/02\/technical-insights.png\" \/>\n<meta name=\"twitter:card\" content=\"summary_large_image\" \/>\n<meta name=\"twitter:label1\" content=\"Dur\u00e9e de lecture estim\u00e9e\" \/>\n\t<meta name=\"twitter:data1\" content=\"1 minute\" \/>\n<script type=\"application\/ld+json\" class=\"yoast-schema-graph\">{\"@context\":\"https:\/\/schema.org\",\"@graph\":[{\"@type\":\"WebPage\",\"@id\":\"https:\/\/itsharkz.com\/fr\/newsletter\/\",\"url\":\"https:\/\/itsharkz.com\/fr\/newsletter\/\",\"name\":\"Up To Scale Newsletter | ITSharkz\",\"isPartOf\":{\"@id\":\"https:\/\/itsharkz.com\/fr\/#website\"},\"primaryImageOfPage\":{\"@id\":\"https:\/\/itsharkz.com\/fr\/newsletter\/#primaryimage\"},\"image\":{\"@id\":\"https:\/\/itsharkz.com\/fr\/newsletter\/#primaryimage\"},\"thumbnailUrl\":\"https:\/\/itsharkz.com\/wp-content\/uploads\/2026\/02\/technical-insights.png\",\"datePublished\":\"2026-02-20T13:40:18+00:00\",\"dateModified\":\"2026-02-20T13:41:13+00:00\",\"description\":\"Restez \u00e0 jour avec nos derniers insights et conseils tactiques sur le scaling tech. Abonnez-vous pour recevoir du contenu exclusif directement dans votre bo\u00eete mail.\",\"breadcrumb\":{\"@id\":\"https:\/\/itsharkz.com\/fr\/newsletter\/#breadcrumb\"},\"inLanguage\":\"fr-FR\",\"potentialAction\":[{\"@type\":\"ReadAction\",\"target\":[\"https:\/\/itsharkz.com\/fr\/newsletter\/\"]}]},{\"@type\":\"ImageObject\",\"inLanguage\":\"fr-FR\",\"@id\":\"https:\/\/itsharkz.com\/fr\/newsletter\/#primaryimage\",\"url\":\"https:\/\/itsharkz.com\/wp-content\/uploads\/2026\/02\/technical-insights.png\",\"contentUrl\":\"https:\/\/itsharkz.com\/wp-content\/uploads\/2026\/02\/technical-insights.png\"},{\"@type\":\"BreadcrumbList\",\"@id\":\"https:\/\/itsharkz.com\/fr\/newsletter\/#breadcrumb\",\"itemListElement\":[{\"@type\":\"ListItem\",\"position\":1,\"name\":\"Home\",\"item\":\"https:\/\/itsharkz.com\/fr\/\"},{\"@type\":\"ListItem\",\"position\":2,\"name\":\"Newsletter\"}]},{\"@type\":\"WebSite\",\"@id\":\"https:\/\/itsharkz.com\/fr\/#website\",\"url\":\"https:\/\/itsharkz.com\/fr\/\",\"name\":\"ITSharkz\",\"description\":\"Powering Scaleups and Enterprises with Elite Polish Tech Teams\",\"potentialAction\":[{\"@type\":\"SearchAction\",\"target\":{\"@type\":\"EntryPoint\",\"urlTemplate\":\"https:\/\/itsharkz.com\/fr\/?s={search_term_string}\"},\"query-input\":{\"@type\":\"PropertyValueSpecification\",\"valueRequired\":true,\"valueName\":\"search_term_string\"}}],\"inLanguage\":\"fr-FR\"}]}<\/script>\n<!-- \/ Yoast SEO plugin. -->","yoast_head_json":{"title":"Up To Scale Newsletter | ITSharkz","description":"Restez \u00e0 jour avec nos derniers insights et conseils tactiques sur le scaling tech. Abonnez-vous pour recevoir du contenu exclusif directement dans votre bo\u00eete mail.","robots":{"index":"index","follow":"follow","max-snippet":"max-snippet:-1","max-image-preview":"max-image-preview:large","max-video-preview":"max-video-preview:-1"},"canonical":"https:\/\/itsharkz.com\/fr\/newsletter\/","og_locale":"fr_FR","og_type":"article","og_title":"Up To Scale Newsletter | ITSharkz","og_description":"Restez \u00e0 jour avec nos derniers insights et conseils tactiques sur le scaling tech. Abonnez-vous pour recevoir du contenu exclusif directement dans votre bo\u00eete mail.","og_url":"https:\/\/itsharkz.com\/fr\/newsletter\/","og_site_name":"ITSharkz","article_modified_time":"2026-02-20T13:41:13+00:00","og_image":[{"url":"https:\/\/itsharkz.com\/wp-content\/uploads\/2026\/02\/technical-insights.png","type":"","width":"","height":""}],"twitter_card":"summary_large_image","twitter_misc":{"Dur\u00e9e de lecture estim\u00e9e":"1 minute"},"schema":{"@context":"https:\/\/schema.org","@graph":[{"@type":"WebPage","@id":"https:\/\/itsharkz.com\/fr\/newsletter\/","url":"https:\/\/itsharkz.com\/fr\/newsletter\/","name":"Up To Scale Newsletter | ITSharkz","isPartOf":{"@id":"https:\/\/itsharkz.com\/fr\/#website"},"primaryImageOfPage":{"@id":"https:\/\/itsharkz.com\/fr\/newsletter\/#primaryimage"},"image":{"@id":"https:\/\/itsharkz.com\/fr\/newsletter\/#primaryimage"},"thumbnailUrl":"https:\/\/itsharkz.com\/wp-content\/uploads\/2026\/02\/technical-insights.png","datePublished":"2026-02-20T13:40:18+00:00","dateModified":"2026-02-20T13:41:13+00:00","description":"Restez \u00e0 jour avec nos derniers insights et conseils tactiques sur le scaling tech. Abonnez-vous pour recevoir du contenu exclusif directement dans votre bo\u00eete mail.","breadcrumb":{"@id":"https:\/\/itsharkz.com\/fr\/newsletter\/#breadcrumb"},"inLanguage":"fr-FR","potentialAction":[{"@type":"ReadAction","target":["https:\/\/itsharkz.com\/fr\/newsletter\/"]}]},{"@type":"ImageObject","inLanguage":"fr-FR","@id":"https:\/\/itsharkz.com\/fr\/newsletter\/#primaryimage","url":"https:\/\/itsharkz.com\/wp-content\/uploads\/2026\/02\/technical-insights.png","contentUrl":"https:\/\/itsharkz.com\/wp-content\/uploads\/2026\/02\/technical-insights.png"},{"@type":"BreadcrumbList","@id":"https:\/\/itsharkz.com\/fr\/newsletter\/#breadcrumb","itemListElement":[{"@type":"ListItem","position":1,"name":"Home","item":"https:\/\/itsharkz.com\/fr\/"},{"@type":"ListItem","position":2,"name":"Newsletter"}]},{"@type":"WebSite","@id":"https:\/\/itsharkz.com\/fr\/#website","url":"https:\/\/itsharkz.com\/fr\/","name":"ITSharkz","description":"Powering Scaleups and Enterprises with Elite Polish Tech Teams","potentialAction":[{"@type":"SearchAction","target":{"@type":"EntryPoint","urlTemplate":"https:\/\/itsharkz.com\/fr\/?s={search_term_string}"},"query-input":{"@type":"PropertyValueSpecification","valueRequired":true,"valueName":"search_term_string"}}],"inLanguage":"fr-FR"}]}},"_links":{"self":[{"href":"https:\/\/itsharkz.com\/fr\/wp-json\/wp\/v2\/pages\/3472","targetHints":{"allow":["GET"]}}],"collection":[{"href":"https:\/\/itsharkz.com\/fr\/wp-json\/wp\/v2\/pages"}],"about":[{"href":"https:\/\/itsharkz.com\/fr\/wp-json\/wp\/v2\/types\/page"}],"author":[{"embeddable":true,"href":"https:\/\/itsharkz.com\/fr\/wp-json\/wp\/v2\/users\/6"}],"replies":[{"embeddable":true,"href":"https:\/\/itsharkz.com\/fr\/wp-json\/wp\/v2\/comments?post=3472"}],"version-history":[{"count":52,"href":"https:\/\/itsharkz.com\/fr\/wp-json\/wp\/v2\/pages\/3472\/revisions"}],"predecessor-version":[{"id":3662,"href":"https:\/\/itsharkz.com\/fr\/wp-json\/wp\/v2\/pages\/3472\/revisions\/3662"}],"wp:attachment":[{"href":"https:\/\/itsharkz.com\/fr\/wp-json\/wp\/v2\/media?parent=3472"}],"curies":[{"name":"wp","href":"https:\/\/api.w.org\/{rel}","templated":true}]}}