{"id":3984,"date":"2026-02-20T15:40:18","date_gmt":"2026-02-20T13:40:18","guid":{"rendered":"https:\/\/itsharkz.com\/newsletter\/"},"modified":"2026-03-24T16:35:20","modified_gmt":"2026-03-24T14:35:20","slug":"newsletter","status":"publish","type":"page","link":"https:\/\/itsharkz.com\/pl\/newsletter\/","title":{"rendered":"Newsletter"},"content":{"rendered":"\n<div style=\"height:100px\" aria-hidden=\"true\" class=\"wp-block-spacer\"><\/div>\n\n\n\n<section class=\"team-case\">\n\t<div class=\"container\">\n\n\t\t<div class=\"row\">\n\t\t\t<div class=\"col-50\">\n\t\t\t\t<h2 class=\"h1\">Rozw\u00f3j biznesu i skalowanie.<\/h2>\n\t\t\t\t<div class=\"h4\">Subskrybuj, aby otrzymywa\u0107 <strong>\u015bwie\u017ce spostrze\u017cenia i strategie<\/strong> modu\u0142owych, przysz\u0142o\u015bciowych platform. <strong>Uzyskaj dost\u0119p do strategii<\/strong> skalowania elitarnych zespo\u0142\u00f3w technologicznych i maksymalizacji zwrotu z inwestycji (ROI) dzi\u0119ki doskona\u0142o\u015bci in\u017cynierskiej.<\/div>\n\t\t\t\t\t\t\t<\/div>\n\t\t\t<div class=\"col-50\">\n\t\t\t\t<img loading=\"lazy\" decoding=\"async\" width=\"150\" height=\"76\" src=\"https:\/\/itsharkz.com\/wp-content\/uploads\/2025\/03\/blog-image.jpg\" class=\"team-case__image\" alt=\"\" \/>\t\t\t<\/div>\n\t\t<\/div>\n\n\t<\/div>\n<\/section>\n\n\n\n<section class=\"section-header section-header--center\">\n\t<div class=\"container\">\n\t\t<div class=\"grid\">\n\n\t\t\t\t\t\t\t<div class=\"section-header__caption\">Up to Scale Newsletter<\/div>\n\t\t\t\n\t\t\t<h1 class=\"section-header__title\">B\u0105d\u017a na bie\u017c\u0105co z najnowszymi trendami rynkowymi i poradami taktycznymi.<\/h1>\n\t\t\t\t\t\t\t<div class=\"section-header__subtitle\">Zarejestruj si\u0119 ju\u017c teraz, aby otrzymywa\u0107 ekskluzywne tre\u015bci bezpo\u015brednio do swojej skrzynki odbiorczej.<\/div>\n\t\t\t\n\t\t<\/div>\n\t<\/div>\n<\/section>\n\n\n\n<div class=\"wp-block-columns is-layout-flex wp-container-core-columns-is-layout-9d6595d7 wp-block-columns-is-layout-flex\">\n<div class=\"wp-block-column is-layout-flow wp-block-column-is-layout-flow\" style=\"flex-basis:15%\"><\/div>\n\n\n\n<div class=\"wp-block-column is-layout-flow wp-block-column-is-layout-flow\" style=\"flex-basis:50%\">\n<figure class=\"wp-block-image size-full is-style-default\"><img loading=\"lazy\" decoding=\"async\" width=\"484\" height=\"322\" src=\"https:\/\/itsharkz.com\/wp-content\/uploads\/2026\/02\/technical-insights.png\" alt=\"\" class=\"wp-image-3652\"\/><\/figure>\n<\/div>\n\n\n\n<div class=\"wp-block-column is-layout-flow wp-block-column-is-layout-flow\" style=\"flex-basis:40%\">\n<script charset=\"utf-8\" type=\"text\/javascript\" src=\"\/\/js-eu1.hsforms.net\/forms\/embed\/v2.js\"><\/script>\r\n<script>\r\n  hbspt.forms.create({\r\n    portalId: \"145543748\",\r\n    formId: \"30f9b1dc-9471-4284-91aa-e5a915b6c0ee\",\r\n    region: \"eu1\"\r\n  });\r\n<\/script>\n<\/div>\n\n\n\n<div class=\"wp-block-column is-layout-flow wp-block-column-is-layout-flow\" style=\"flex-basis:5%\"><\/div>\n<\/div>\n\n\n\n<section class=\"separator\" style=\"--height: 150px\"><\/section>\n\n\n\n<section class=\"faq-block\">\n\t<div class=\"container\">\n\t\t<h2 class=\"h1\">Najcz\u0119\u015bciej zadawane pytania<\/h2>\n\t\t\t\t\t\t<div class=\"faq-item active\">\n\t\t\t\t\t<div class=\"faq-item__question\">Czy to kolejny newsletter sprzeda\u017cowy?<\/div>\n\t\t\t\t\t<div class=\"faq-item__answer\"><p><span data-path-to-node=\"6,0,12\">Nie. Wierzymy w filozofi\u0119 \u201eedukuj i dziel si\u0119 wiedz\u0105\u201d. Nasze tre\u015bci maj\u0105 charakter edukacyjny i skupiaj\u0105 si\u0119 na architekturze technicznej, skalowaniu zespo\u0142u i efektywno\u015bci operacyjnej. Dzielimy si\u0119 poradami, kt\u00f3rych u\u017cywamy do tworzenia bezpiecznych modu\u0142\u00f3w i optymalizacji aplikacji. Otrzymasz praktyczne informacje, a nie oferty sprzeda\u017cy.<br \/>\n<\/span><\/p>\n<\/div>\n\t\t\t\t<\/div>\n\t\t\t\t\t\t\t\t<div class=\"faq-item\">\n\t\t\t\t\t<div class=\"faq-item__question\">Dla kogo przeznaczone s\u0105 te tre\u015bci?<\/div>\n\t\t\t\t\t<div class=\"faq-item__answer\"><p>Ten newsletter jest przeznaczony dla decydent\u00f3w, kt\u00f3rzy kszta\u0142tuj\u0105 przysz\u0142o\u015b\u0107 technologii w swojej firmie. Niezale\u017cnie od tego, czy jeste\u015b dyrektorem technicznym (CTO) zajmuj\u0105cym si\u0119 architektur\u0105 i bezpiecze\u0144stwem, czy wiceprezesem, kt\u00f3ry chce zmaksymalizowa\u0107 zwrot z inwestycji (ROI) i przyspieszy\u0107 transformacj\u0119 cyfrow\u0105, znajdziesz tu cenne informacje. Je\u015bli odpowiadasz za skalowanie zespo\u0142\u00f3w lub realizacj\u0119 kluczowych projekt\u00f3w programistycznych, ten newsletter jest dla Ciebie.<\/p>\n<\/div>\n\t\t\t\t<\/div>\n\t\t\t\t\t\t\t\t<div class=\"faq-item\">\n\t\t\t\t\t<div class=\"faq-item__question\">Jak cz\u0119sto b\u0119d\u0119 otrzymywa\u0107 od was e-maile?<\/div>\n\t\t\t\t\t<div class=\"faq-item__answer\"><p>Cenimy Tw\u00f3j czas, dlatego stawiamy jako\u015b\u0107 ponad ilo\u015b\u0107. Spodziewaj si\u0119 warto\u015bciowej aktualizacji mniej wi\u0119cej co dwa tygodnie. Koncentrujemy si\u0119 na dostarczaniu praktycznych wniosk\u00f3w, kt\u00f3re bezpo\u015brednio odnosz\u0105 si\u0119 do Twoich wyzwa\u0144 biznesowych &#8211; takich jak rozwi\u0105zywanie problem\u00f3w z przestrzeganiem przepis\u00f3w czy optymalizacja wydajno\u015bci pracy zdalnej zespo\u0142u.<\/p>\n<\/div>\n\t\t\t\t<\/div>\n\t\t\t\t\t\t\t\t<div class=\"faq-item\">\n\t\t\t\t\t<div class=\"faq-item__question\">Dlaczego powinienem zaufa\u0107 radom ITSharkz?<\/div>\n\t\t\t\t\t<div class=\"faq-item__answer\"><p>Nie tylko teoretyzujemy; praktykujemy. Jeste\u015bmy polskim zespo\u0142em dzia\u0142aj\u0105cym na rzecz globalnych firm typu scale-up i enterprise. Nasze spostrze\u017cenia pochodz\u0105 bezpo\u015brednio od naszych za\u0142o\u017cycieli i do\u015bwiadczonych in\u017cynier\u00f3w, kt\u00f3rzy na co dzie\u0144 aktywnie rozwi\u0105zuj\u0105 z\u0142o\u017cone problemy (np. optymalizuj\u0105 aplikacje Fintech pod k\u0105tem 10 tys. RPS).<\/p>\n<\/div>\n\t\t\t\t<\/div>\n\t\t\t\t\t<\/div>\n<\/section>\n","protected":false},"excerpt":{"rendered":"","protected":false},"author":6,"featured_media":0,"parent":0,"menu_order":0,"comment_status":"closed","ping_status":"closed","template":"","meta":{"_acf_changed":false,"footnotes":""},"class_list":["post-3984","page","type-page","status-publish","hentry"],"acf":[],"yoast_head":"<!-- This site is optimized with the Yoast SEO plugin v26.0 - https:\/\/yoast.com\/wordpress\/plugins\/seo\/ -->\n<title>Up to Scale Newsletter | ITSharkz<\/title>\n<meta name=\"description\" content=\"B\u0105d\u017a na bie\u017c\u0105co z najnowszymi trendami rynkowymi i poradami strategicznymi. Subskrybuj ju\u017c teraz, aby otrzymywa\u0107 tre\u015bci na temat skalowania biznesu.\" \/>\n<meta name=\"robots\" content=\"index, follow, max-snippet:-1, max-image-preview:large, max-video-preview:-1\" \/>\n<link rel=\"canonical\" href=\"https:\/\/itsharkz.com\/pl\/newsletter\/\" \/>\n<meta property=\"og:locale\" content=\"pl_PL\" \/>\n<meta property=\"og:type\" content=\"article\" \/>\n<meta property=\"og:title\" content=\"Up to Scale Newsletter | ITSharkz\" \/>\n<meta property=\"og:description\" content=\"B\u0105d\u017a na bie\u017c\u0105co z najnowszymi trendami rynkowymi i poradami strategicznymi. Subskrybuj ju\u017c teraz, aby otrzymywa\u0107 tre\u015bci na temat skalowania biznesu.\" \/>\n<meta property=\"og:url\" content=\"https:\/\/itsharkz.com\/pl\/newsletter\/\" \/>\n<meta property=\"og:site_name\" content=\"ITSharkz\" \/>\n<meta property=\"article:modified_time\" content=\"2026-03-24T14:35:20+00:00\" \/>\n<meta property=\"og:image\" content=\"https:\/\/itsharkz.com\/wp-content\/uploads\/2026\/02\/technical-insights.png\" \/>\n<meta name=\"twitter:card\" content=\"summary_large_image\" \/>\n<meta name=\"twitter:label1\" content=\"Szacowany czas czytania\" \/>\n\t<meta name=\"twitter:data1\" content=\"1 minuta\" \/>\n<script type=\"application\/ld+json\" class=\"yoast-schema-graph\">{\"@context\":\"https:\/\/schema.org\",\"@graph\":[{\"@type\":\"WebPage\",\"@id\":\"https:\/\/itsharkz.com\/pl\/newsletter\/\",\"url\":\"https:\/\/itsharkz.com\/pl\/newsletter\/\",\"name\":\"Up to Scale Newsletter | ITSharkz\",\"isPartOf\":{\"@id\":\"https:\/\/itsharkz.com\/pl\/#website\"},\"primaryImageOfPage\":{\"@id\":\"https:\/\/itsharkz.com\/pl\/newsletter\/#primaryimage\"},\"image\":{\"@id\":\"https:\/\/itsharkz.com\/pl\/newsletter\/#primaryimage\"},\"thumbnailUrl\":\"https:\/\/itsharkz.com\/wp-content\/uploads\/2026\/02\/technical-insights.png\",\"datePublished\":\"2026-02-20T13:40:18+00:00\",\"dateModified\":\"2026-03-24T14:35:20+00:00\",\"description\":\"B\u0105d\u017a na bie\u017c\u0105co z najnowszymi trendami rynkowymi i poradami strategicznymi. Subskrybuj ju\u017c teraz, aby otrzymywa\u0107 tre\u015bci na temat skalowania biznesu.\",\"breadcrumb\":{\"@id\":\"https:\/\/itsharkz.com\/pl\/newsletter\/#breadcrumb\"},\"inLanguage\":\"pl-PL\",\"potentialAction\":[{\"@type\":\"ReadAction\",\"target\":[\"https:\/\/itsharkz.com\/pl\/newsletter\/\"]}]},{\"@type\":\"ImageObject\",\"inLanguage\":\"pl-PL\",\"@id\":\"https:\/\/itsharkz.com\/pl\/newsletter\/#primaryimage\",\"url\":\"https:\/\/itsharkz.com\/wp-content\/uploads\/2026\/02\/technical-insights.png\",\"contentUrl\":\"https:\/\/itsharkz.com\/wp-content\/uploads\/2026\/02\/technical-insights.png\"},{\"@type\":\"BreadcrumbList\",\"@id\":\"https:\/\/itsharkz.com\/pl\/newsletter\/#breadcrumb\",\"itemListElement\":[{\"@type\":\"ListItem\",\"position\":1,\"name\":\"Home\",\"item\":\"https:\/\/itsharkz.com\/pl\/\"},{\"@type\":\"ListItem\",\"position\":2,\"name\":\"Newsletter\"}]},{\"@type\":\"WebSite\",\"@id\":\"https:\/\/itsharkz.com\/pl\/#website\",\"url\":\"https:\/\/itsharkz.com\/pl\/\",\"name\":\"ITSharkz\",\"description\":\"Powering Scaleups and Enterprises with Elite Polish Tech Teams\",\"potentialAction\":[{\"@type\":\"SearchAction\",\"target\":{\"@type\":\"EntryPoint\",\"urlTemplate\":\"https:\/\/itsharkz.com\/pl\/?s={search_term_string}\"},\"query-input\":{\"@type\":\"PropertyValueSpecification\",\"valueRequired\":true,\"valueName\":\"search_term_string\"}}],\"inLanguage\":\"pl-PL\"}]}<\/script>\n<!-- \/ Yoast SEO plugin. -->","yoast_head_json":{"title":"Up to Scale Newsletter | ITSharkz","description":"B\u0105d\u017a na bie\u017c\u0105co z najnowszymi trendami rynkowymi i poradami strategicznymi. Subskrybuj ju\u017c teraz, aby otrzymywa\u0107 tre\u015bci na temat skalowania biznesu.","robots":{"index":"index","follow":"follow","max-snippet":"max-snippet:-1","max-image-preview":"max-image-preview:large","max-video-preview":"max-video-preview:-1"},"canonical":"https:\/\/itsharkz.com\/pl\/newsletter\/","og_locale":"pl_PL","og_type":"article","og_title":"Up to Scale Newsletter | ITSharkz","og_description":"B\u0105d\u017a na bie\u017c\u0105co z najnowszymi trendami rynkowymi i poradami strategicznymi. Subskrybuj ju\u017c teraz, aby otrzymywa\u0107 tre\u015bci na temat skalowania biznesu.","og_url":"https:\/\/itsharkz.com\/pl\/newsletter\/","og_site_name":"ITSharkz","article_modified_time":"2026-03-24T14:35:20+00:00","og_image":[{"url":"https:\/\/itsharkz.com\/wp-content\/uploads\/2026\/02\/technical-insights.png","type":"","width":"","height":""}],"twitter_card":"summary_large_image","twitter_misc":{"Szacowany czas czytania":"1 minuta"},"schema":{"@context":"https:\/\/schema.org","@graph":[{"@type":"WebPage","@id":"https:\/\/itsharkz.com\/pl\/newsletter\/","url":"https:\/\/itsharkz.com\/pl\/newsletter\/","name":"Up to Scale Newsletter | ITSharkz","isPartOf":{"@id":"https:\/\/itsharkz.com\/pl\/#website"},"primaryImageOfPage":{"@id":"https:\/\/itsharkz.com\/pl\/newsletter\/#primaryimage"},"image":{"@id":"https:\/\/itsharkz.com\/pl\/newsletter\/#primaryimage"},"thumbnailUrl":"https:\/\/itsharkz.com\/wp-content\/uploads\/2026\/02\/technical-insights.png","datePublished":"2026-02-20T13:40:18+00:00","dateModified":"2026-03-24T14:35:20+00:00","description":"B\u0105d\u017a na bie\u017c\u0105co z najnowszymi trendami rynkowymi i poradami strategicznymi. Subskrybuj ju\u017c teraz, aby otrzymywa\u0107 tre\u015bci na temat skalowania biznesu.","breadcrumb":{"@id":"https:\/\/itsharkz.com\/pl\/newsletter\/#breadcrumb"},"inLanguage":"pl-PL","potentialAction":[{"@type":"ReadAction","target":["https:\/\/itsharkz.com\/pl\/newsletter\/"]}]},{"@type":"ImageObject","inLanguage":"pl-PL","@id":"https:\/\/itsharkz.com\/pl\/newsletter\/#primaryimage","url":"https:\/\/itsharkz.com\/wp-content\/uploads\/2026\/02\/technical-insights.png","contentUrl":"https:\/\/itsharkz.com\/wp-content\/uploads\/2026\/02\/technical-insights.png"},{"@type":"BreadcrumbList","@id":"https:\/\/itsharkz.com\/pl\/newsletter\/#breadcrumb","itemListElement":[{"@type":"ListItem","position":1,"name":"Home","item":"https:\/\/itsharkz.com\/pl\/"},{"@type":"ListItem","position":2,"name":"Newsletter"}]},{"@type":"WebSite","@id":"https:\/\/itsharkz.com\/pl\/#website","url":"https:\/\/itsharkz.com\/pl\/","name":"ITSharkz","description":"Powering Scaleups and Enterprises with Elite Polish Tech Teams","potentialAction":[{"@type":"SearchAction","target":{"@type":"EntryPoint","urlTemplate":"https:\/\/itsharkz.com\/pl\/?s={search_term_string}"},"query-input":{"@type":"PropertyValueSpecification","valueRequired":true,"valueName":"search_term_string"}}],"inLanguage":"pl-PL"}]}},"_links":{"self":[{"href":"https:\/\/itsharkz.com\/pl\/wp-json\/wp\/v2\/pages\/3984","targetHints":{"allow":["GET"]}}],"collection":[{"href":"https:\/\/itsharkz.com\/pl\/wp-json\/wp\/v2\/pages"}],"about":[{"href":"https:\/\/itsharkz.com\/pl\/wp-json\/wp\/v2\/types\/page"}],"author":[{"embeddable":true,"href":"https:\/\/itsharkz.com\/pl\/wp-json\/wp\/v2\/users\/6"}],"replies":[{"embeddable":true,"href":"https:\/\/itsharkz.com\/pl\/wp-json\/wp\/v2\/comments?post=3984"}],"version-history":[{"count":1,"href":"https:\/\/itsharkz.com\/pl\/wp-json\/wp\/v2\/pages\/3984\/revisions"}],"predecessor-version":[{"id":3988,"href":"https:\/\/itsharkz.com\/pl\/wp-json\/wp\/v2\/pages\/3984\/revisions\/3988"}],"wp:attachment":[{"href":"https:\/\/itsharkz.com\/pl\/wp-json\/wp\/v2\/media?parent=3984"}],"curies":[{"name":"wp","href":"https:\/\/api.w.org\/{rel}","templated":true}]}}